{"id":32666,"date":"2025-02-20T23:34:31","date_gmt":"2025-02-20T22:34:31","guid":{"rendered":"https:\/\/olemosaic.orbitalia.org\/producto\/4-bols-de-coco-de-13-x-6-cm-flor-3\/"},"modified":"2025-07-25T18:43:47","modified_gmt":"2025-07-25T16:43:47","slug":"4-bols-en-noix-de-coco-de-13-x-6-cm-fleur-3","status":"publish","type":"product","link":"https:\/\/olemosaic.orbitalia.org\/fr\/produit\/4-bols-en-noix-de-coco-de-13-x-6-cm-fleur-3\/","title":{"rendered":"4 Bols en noix de coco de 13 x 6 cm. Fleur."},"content":{"rendered":"<p>Cet ensemble de quatre bols en noix de coco est une merveilleuse repr\u00e9sentation de la tradition artisanale et des couleurs vibrantes qui caract\u00e9risent les cultures m\u00e9diterran\u00e9ennes. D&rsquo;une taille de 13 x 6 cm, chaque bol a \u00e9t\u00e9 peint \u00e0 la main, affichant un magnifique motif floral dans une palette de couleurs comprenant le bleu, le rouge, l&rsquo;orange et le rose. La finition brillante souligne non seulement la beaut\u00e9 des formes d\u00e9licates des fleurs, mais offre \u00e9galement une touche \u00e9l\u00e9gante qui illumine n&rsquo;importe quel environnement. Sa technique artisanale garantit la singularit\u00e9 de chaque pi\u00e8ce, faisant de chaque bol un souvenir authentique et unique.<\/p>\n<p>Ces bols sont id\u00e9aux aussi bien pour servir des ap\u00e9ritifs que pour \u00eatre utilis\u00e9s comme \u00e9l\u00e9ments d\u00e9coratifs, devenant un point focal attrayant sur n&rsquo;importe quelle table ou \u00e9tag\u00e8re. Le lien culturel de ces bols avec la riche tradition artisanale de la r\u00e9gion en fait un souvenir repr\u00e9sentatif parfait pour les touristes qui cherchent \u00e0 ramener chez eux une partie de l&rsquo;essence locale. Chez Ol\u00e9 Mosaic, nous sommes fiers de proposer des souvenirs qui refl\u00e8tent authentiquement le patrimoine culturel de l&rsquo;Espagne et du Portugal. Cet ensemble de bols en noix de coco est une excellente option pour les boutiques de cadeaux touristiques \u00e0 la recherche de produits de qualit\u00e9 et de pertinence culturelle, se positionnant comme un distributeur de souvenirs qui se distingue par son authenticit\u00e9 et son style.<\/p>\n","protected":false},"excerpt":{"rendered":"<p>Ensemble de quatre bols d\u00e9coratifs en noix de coco, de 13 x 6 cm, peints \u00e0 la main avec un style vibrant. Chaque bol pr\u00e9sente un magnifique motif floral dans diff\u00e9rentes couleurs : bleu, rouge, orange et rose, avec une finition brillante qui fait ressortir les formes d\u00e9licates des fleurs. Sa technique artisanale garantit la singularit\u00e9 de chaque pi\u00e8ce, id\u00e9ale pour servir des ap\u00e9ritifs ou comme \u00e9l\u00e9ment d\u00e9coratif dans n&rsquo;importe quel environnement. Un souvenir authentique qui refl\u00e8te la riche tradition artisanale.<\/p>\n","protected":false},"featured_media":10634,"template":"","meta":{"_acf_changed":false},"product_brand":[],"product_cat":[521],"product_tag":[],"class_list":{"0":"post-32666","1":"product","2":"type-product","3":"status-publish","4":"has-post-thumbnail","6":"product_cat-bols","7":"pa_motivo-fleurs","9":"first","10":"instock","11":"shipping-taxable","12":"product-type-simple"},"acf":[],"_links":{"self":[{"href":"https:\/\/olemosaic.orbitalia.org\/fr\/wp-json\/wp\/v2\/product\/32666","targetHints":{"allow":["GET"]}}],"collection":[{"href":"https:\/\/olemosaic.orbitalia.org\/fr\/wp-json\/wp\/v2\/product"}],"about":[{"href":"https:\/\/olemosaic.orbitalia.org\/fr\/wp-json\/wp\/v2\/types\/product"}],"wp:featuredmedia":[{"embeddable":true,"href":"https:\/\/olemosaic.orbitalia.org\/fr\/wp-json\/wp\/v2\/media\/10634"}],"wp:attachment":[{"href":"https:\/\/olemosaic.orbitalia.org\/fr\/wp-json\/wp\/v2\/media?parent=32666"}],"wp:term":[{"taxonomy":"product_brand","embeddable":true,"href":"https:\/\/olemosaic.orbitalia.org\/fr\/wp-json\/wp\/v2\/product_brand?post=32666"},{"taxonomy":"product_cat","embeddable":true,"href":"https:\/\/olemosaic.orbitalia.org\/fr\/wp-json\/wp\/v2\/product_cat?post=32666"},{"taxonomy":"product_tag","embeddable":true,"href":"https:\/\/olemosaic.orbitalia.org\/fr\/wp-json\/wp\/v2\/product_tag?post=32666"}],"curies":[{"name":"wp","href":"https:\/\/api.w.org\/{rel}","templated":true}]}}