{"id":32654,"date":"2025-02-20T23:34:31","date_gmt":"2025-02-20T22:34:31","guid":{"rendered":"https:\/\/olemosaic.orbitalia.org\/producto\/4-bols-de-coco-de-13-x-6-cm-tortuga-3\/"},"modified":"2025-07-25T19:01:40","modified_gmt":"2025-07-25T17:01:40","slug":"4-bols-en-noix-de-coco-de-13-x-6-cm-tortue-3","status":"publish","type":"product","link":"https:\/\/olemosaic.orbitalia.org\/fr\/produit\/4-bols-en-noix-de-coco-de-13-x-6-cm-tortue-3\/","title":{"rendered":"4 Bols en noix de coco de 13 x 6 cm. Tortue."},"content":{"rendered":"<p>Ce lot de quatre bols en noix de coco d\u00e9cor\u00e9s de sympathiques tortues est un ajout vibrant \u00e0 toute collection de souvenirs. Chaque bol, de 13 x 6 cm, pr\u00e9sente une finition brillante qui refl\u00e8te un style joyeux et tropical. Les teintes vibrantes de bleu, rouge, orange et fuchsia capturent l&rsquo;essence de la chaleur m\u00e9diterran\u00e9enne, tandis que le motif de la tortue peint au centre de chaque bol apporte une touche unique et distinctive. Les d\u00e9tails blancs entourant la tortue \u00e9voquent une sensation de fra\u00eecheur et d&rsquo;authenticit\u00e9, renfor\u00e7ant le caract\u00e8re artisanal de ces articles.<\/p>\n<p>Originaires des zones c\u00f4ti\u00e8res o\u00f9 la tortue est consid\u00e9r\u00e9e comme un symbole de long\u00e9vit\u00e9 et de sagesse, ces bols ne sont pas seulement utiles pour servir des ap\u00e9ritifs, ils agissent \u00e9galement comme des \u00e9l\u00e9ments d\u00e9coratifs \u00e9voquant des souvenirs d&rsquo;\u00e9t\u00e9 et d&rsquo;escapades exotiques. Leur design color\u00e9 et joyeux en fait un choix id\u00e9al pour les boutiques de cadeaux touristiques cherchant \u00e0 proposer des produits repr\u00e9sentatifs de la culture m\u00e9diterran\u00e9enne.<\/p>\n<p>Chez Ol\u00e9 Mosaic, nous sommes distributeurs de souvenirs authentiques et attrayants, et ces bols en noix de coco sont une excellente option pour les touristes cherchant \u00e0 emporter un morceau de la vibrante culture maritime. Avec ce lot, nous garantissons la qualit\u00e9 et un design exceptionnel, en faisant une valeur ajout\u00e9e pour toute entreprise.<\/p>\n","protected":false},"excerpt":{"rendered":"<p>Bols en noix de coco de 13 x 6 cm d\u00e9cor\u00e9s de sympathiques tortues. Ce lot color\u00e9 comprend quatre bols dans des tons vibrants de bleu, rouge, orange et fuchsia, chacun avec une tortue peinte au centre. Le design, avec une finition brillante et des d\u00e9tails en blanc, \u00e9voque un style joyeux et tropical. Parfaits comme \u00e9l\u00e9ments d\u00e9coratifs ou pour servir des ap\u00e9ritifs, ces bols sont id\u00e9aux pour ajouter une touche exotique \u00e0 n&rsquo;importe quelle table.<\/p>\n","protected":false},"featured_media":10633,"template":"","meta":{"_acf_changed":false},"product_brand":[],"product_cat":[521],"product_tag":[530],"class_list":{"0":"post-32654","1":"product","2":"type-product","3":"status-publish","4":"has-post-thumbnail","6":"product_cat-bols","7":"product_tag-animaux","8":"pa_motivo-tortues","10":"first","11":"instock","12":"shipping-taxable","13":"product-type-simple"},"acf":[],"_links":{"self":[{"href":"https:\/\/olemosaic.orbitalia.org\/fr\/wp-json\/wp\/v2\/product\/32654","targetHints":{"allow":["GET"]}}],"collection":[{"href":"https:\/\/olemosaic.orbitalia.org\/fr\/wp-json\/wp\/v2\/product"}],"about":[{"href":"https:\/\/olemosaic.orbitalia.org\/fr\/wp-json\/wp\/v2\/types\/product"}],"wp:featuredmedia":[{"embeddable":true,"href":"https:\/\/olemosaic.orbitalia.org\/fr\/wp-json\/wp\/v2\/media\/10633"}],"wp:attachment":[{"href":"https:\/\/olemosaic.orbitalia.org\/fr\/wp-json\/wp\/v2\/media?parent=32654"}],"wp:term":[{"taxonomy":"product_brand","embeddable":true,"href":"https:\/\/olemosaic.orbitalia.org\/fr\/wp-json\/wp\/v2\/product_brand?post=32654"},{"taxonomy":"product_cat","embeddable":true,"href":"https:\/\/olemosaic.orbitalia.org\/fr\/wp-json\/wp\/v2\/product_cat?post=32654"},{"taxonomy":"product_tag","embeddable":true,"href":"https:\/\/olemosaic.orbitalia.org\/fr\/wp-json\/wp\/v2\/product_tag?post=32654"}],"curies":[{"name":"wp","href":"https:\/\/api.w.org\/{rel}","templated":true}]}}