{"id":32653,"date":"2025-02-20T23:34:30","date_gmt":"2025-02-20T22:34:30","guid":{"rendered":"https:\/\/olemosaic.orbitalia.org\/producto\/4-bols-de-coco-de-13-x-6-cm-flamenco-4\/"},"modified":"2025-07-25T20:39:30","modified_gmt":"2025-07-25T18:39:30","slug":"4-bols-en-noix-de-coco-de-13-x-6-cm-flamant-rose-4","status":"publish","type":"product","link":"https:\/\/olemosaic.orbitalia.org\/fr\/produit\/4-bols-en-noix-de-coco-de-13-x-6-cm-flamant-rose-4\/","title":{"rendered":"4 Bols en noix de coco de 13 x 6 cm. Flamant rose."},"content":{"rendered":"<p>Ce lot de quatre bols en noix de coco de 13 x 6 cm est un ajout vibrant et \u00e9l\u00e9gant pour n&rsquo;importe quel foyer, parfait pour ceux qui recherchent des souvenirs authentiques et culturels d&rsquo;Espagne. Chaque bol, d\u00e9cor\u00e9 de charmants motifs de flamants roses, pr\u00e9sente un design en mosa\u00efque combinant des teintes captivantes de bleu, rose, jaune et blanc. La finition brillante souligne la singularit\u00e9 de chaque pi\u00e8ce, en faisant un centre d&rsquo;attention attrayant sur les tables et les \u00e9tag\u00e8res.<\/p>\n<p>L&rsquo;illustration de deux flamants roses entrem\u00ealant leurs cous apporte une touche artistique qui, en plus de d\u00e9corer, symbolise la beaut\u00e9 et le romantisme de la faune espagnole. Ce d\u00e9tail souligne le lien culturel du produit, \u00e9voquant des images des zones humides et des plages du sud de l&rsquo;Espagne, o\u00f9 ces oiseaux sont un symbole de la richesse naturelle de l&rsquo;environnement. Parfaits pour servir des ap\u00e9ritifs ou comme \u00e9l\u00e9ments d\u00e9coratifs, ces bols en noix de coco sont un rappel de la tradition artisanale et de l&rsquo;esth\u00e9tique m\u00e9diterran\u00e9enne.<\/p>\n<p>Ol\u00e9 Mosaic est fier de proposer ces souvenirs de haute qualit\u00e9, id\u00e9aux pour les boutiques de cadeaux touristiques recherchant des produits repr\u00e9sentatifs et authentiques. Transformez votre espace en un hommage \u00e0 la culture espagnole avec cette collection vibrante, qui n&rsquo;est pas seulement fonctionnelle, mais aussi une expression artistique unique. En tant que distributeurs de bols en gros, nous garantissons l&rsquo;excellence de chaque produit, parfait pour le client \u00e0 la recherche d&rsquo;un souvenir inoubliable.<\/p>\n","protected":false},"excerpt":{"rendered":"<p>Bols en noix de coco de 13 x 6 cm d\u00e9cor\u00e9s de motifs de flamants roses, parfaits pour donner une touche de couleur et de style \u00e0 n&rsquo;importe quel espace. Chaque bol pr\u00e9sente un design en mosa\u00efque dans des tons bleus, roses, jaunes et blancs, avec une finition brillante qui souligne sa singularit\u00e9. L&rsquo;image de deux flamants roses entrem\u00ealant leurs cous apporte un joli d\u00e9tail artistique, soulignant l&rsquo;h\u00e9ritage culturel espagnol. Id\u00e9aux pour servir des ap\u00e9ritifs ou comme pi\u00e8ce d\u00e9corative.<\/p>\n","protected":false},"featured_media":13820,"template":"","meta":{"_acf_changed":false},"product_brand":[],"product_cat":[521],"product_tag":[530],"class_list":{"0":"post-32653","1":"product","2":"type-product","3":"status-publish","4":"has-post-thumbnail","6":"product_cat-bols","7":"product_tag-animaux","8":"pa_motivo-flamants-roses","10":"first","11":"instock","12":"shipping-taxable","13":"product-type-simple"},"acf":[],"_links":{"self":[{"href":"https:\/\/olemosaic.orbitalia.org\/fr\/wp-json\/wp\/v2\/product\/32653","targetHints":{"allow":["GET"]}}],"collection":[{"href":"https:\/\/olemosaic.orbitalia.org\/fr\/wp-json\/wp\/v2\/product"}],"about":[{"href":"https:\/\/olemosaic.orbitalia.org\/fr\/wp-json\/wp\/v2\/types\/product"}],"wp:featuredmedia":[{"embeddable":true,"href":"https:\/\/olemosaic.orbitalia.org\/fr\/wp-json\/wp\/v2\/media\/13820"}],"wp:attachment":[{"href":"https:\/\/olemosaic.orbitalia.org\/fr\/wp-json\/wp\/v2\/media?parent=32653"}],"wp:term":[{"taxonomy":"product_brand","embeddable":true,"href":"https:\/\/olemosaic.orbitalia.org\/fr\/wp-json\/wp\/v2\/product_brand?post=32653"},{"taxonomy":"product_cat","embeddable":true,"href":"https:\/\/olemosaic.orbitalia.org\/fr\/wp-json\/wp\/v2\/product_cat?post=32653"},{"taxonomy":"product_tag","embeddable":true,"href":"https:\/\/olemosaic.orbitalia.org\/fr\/wp-json\/wp\/v2\/product_tag?post=32653"}],"curies":[{"name":"wp","href":"https:\/\/api.w.org\/{rel}","templated":true}]}}