{"id":32651,"date":"2025-02-20T23:34:30","date_gmt":"2025-02-20T22:34:30","guid":{"rendered":"https:\/\/olemosaic.orbitalia.org\/producto\/4-bols-de-coco-de-13-x-6-cm-flor-2\/"},"modified":"2025-07-25T19:06:29","modified_gmt":"2025-07-25T17:06:29","slug":"4-bols-en-noix-de-coco-de-13-x-6-cm-fleur-2","status":"publish","type":"product","link":"https:\/\/olemosaic.orbitalia.org\/fr\/produit\/4-bols-en-noix-de-coco-de-13-x-6-cm-fleur-2\/","title":{"rendered":"4 Bols en noix de coco de 13 x 6 cm. Fleur. Style artisanal."},"content":{"rendered":"<p>Ce lot de quatre bols en noix de coco de 13 x 6 cm est le choix parfait pour ceux qui recherchent des souvenirs authentiques refl\u00e9tant la richesse de l&rsquo;art folklorique. Chaque bol est soigneusement d\u00e9cor\u00e9 de d\u00e9licats motifs floraux dans des tons vibrants de bleu, orange, rouge et dor\u00e9, apportant une touche de couleur et d&rsquo;\u00e9l\u00e9gance \u00e0 toute pr\u00e9sentation. La technique de peinture utilis\u00e9e souligne la singularit\u00e9 de chaque pi\u00e8ce, faisant de chaque bol une \u0153uvre d&rsquo;art en soi.<\/p>\n<p>Les bols ont une forme arrondie qui les rend id\u00e9aux pour servir des ap\u00e9ritifs, des fruits secs ou pour \u00eatre utilis\u00e9s comme \u00e9l\u00e9ments d\u00e9coratifs dans la maison, \u00e9voquant l&rsquo;essence culturelle de l&rsquo;environnement m\u00e9diterran\u00e9en. L&rsquo;utilisation de mat\u00e9riaux naturels comme la noix de coco souligne son lien avec la tradition artisanale, faisant de ce lot un souvenir repr\u00e9sentatif de la culture locale.<\/p>\n<p>Ol\u00e9 Mosaic est fier de proposer ce type d&rsquo;articles authentiques et originaux, id\u00e9aux pour les boutiques de cadeaux touristiques. Ces bols en noix de coco ne sont pas seulement fonctionnels, ils offrent \u00e9galement un aper\u00e7u de l&rsquo;art et de la diversit\u00e9 artisanale qui caract\u00e9risent la r\u00e9gion. En choisissant ce lot, vos clients n&rsquo;acqui\u00e8rent pas seulement un souvenir, mais une pi\u00e8ce de la culture espagnole qui enrichira n&rsquo;importe quel foyer. En tant que distributeurs de souvenirs en gros, nous garantissons la qualit\u00e9 et la pertinence culturelle de chaque produit que nous proposons.<\/p>\n","protected":false},"excerpt":{"rendered":"<p>Bols en noix de coco de 13 x 6 cm, d\u00e9cor\u00e9s de d\u00e9licats motifs floraux et de finitions color\u00e9es. Ce lot de quatre bols pr\u00e9sente une technique de peinture exquise qui rehausse les tons vibrants de bleu, orange, rouge et dor\u00e9, chacun avec un design floral unique. Leur style artisanal et leur forme \u00e9l\u00e9gante en font un choix id\u00e9al pour pr\u00e9senter des ap\u00e9ritifs ou comme pi\u00e8ce d\u00e9corative dans n&rsquo;importe quel foyer, \u00e9voquant la richesse de l&rsquo;art folklorique.<\/p>\n","protected":false},"featured_media":10638,"template":"","meta":{"_acf_changed":false},"product_brand":[],"product_cat":[521],"product_tag":[],"class_list":{"0":"post-32651","1":"product","2":"type-product","3":"status-publish","4":"has-post-thumbnail","6":"product_cat-bols","7":"pa_motivo-fleurs","9":"first","10":"instock","11":"shipping-taxable","12":"product-type-simple"},"acf":[],"_links":{"self":[{"href":"https:\/\/olemosaic.orbitalia.org\/fr\/wp-json\/wp\/v2\/product\/32651","targetHints":{"allow":["GET"]}}],"collection":[{"href":"https:\/\/olemosaic.orbitalia.org\/fr\/wp-json\/wp\/v2\/product"}],"about":[{"href":"https:\/\/olemosaic.orbitalia.org\/fr\/wp-json\/wp\/v2\/types\/product"}],"wp:featuredmedia":[{"embeddable":true,"href":"https:\/\/olemosaic.orbitalia.org\/fr\/wp-json\/wp\/v2\/media\/10638"}],"wp:attachment":[{"href":"https:\/\/olemosaic.orbitalia.org\/fr\/wp-json\/wp\/v2\/media?parent=32651"}],"wp:term":[{"taxonomy":"product_brand","embeddable":true,"href":"https:\/\/olemosaic.orbitalia.org\/fr\/wp-json\/wp\/v2\/product_brand?post=32651"},{"taxonomy":"product_cat","embeddable":true,"href":"https:\/\/olemosaic.orbitalia.org\/fr\/wp-json\/wp\/v2\/product_cat?post=32651"},{"taxonomy":"product_tag","embeddable":true,"href":"https:\/\/olemosaic.orbitalia.org\/fr\/wp-json\/wp\/v2\/product_tag?post=32651"}],"curies":[{"name":"wp","href":"https:\/\/api.w.org\/{rel}","templated":true}]}}