{"id":32639,"date":"2025-02-20T23:34:29","date_gmt":"2025-02-20T22:34:29","guid":{"rendered":"https:\/\/olemosaic.orbitalia.org\/producto\/4-bols-de-coco-de-13-x-6-cm-tortuga-2\/"},"modified":"2025-07-25T19:56:36","modified_gmt":"2025-07-25T17:56:36","slug":"4-bols-de-coco-de-13-x-6-cm-tortue-2","status":"publish","type":"product","link":"https:\/\/olemosaic.orbitalia.org\/fr\/produit\/4-bols-de-coco-de-13-x-6-cm-tortue-2\/","title":{"rendered":"4 Bols de coco de 13 x 6 cm. Tortue. Tons dor\u00e9s."},"content":{"rendered":"<p>Ce jeu de quatre bols en noix de coco, de 13 x 6 cm, est un bel exemple de l&rsquo;art artisanal typique des r\u00e9gions tropicales. Chaque bol a \u00e9t\u00e9 peint \u00e0 la main avec m\u00e9ticulosit\u00e9 et pr\u00e9sente des motifs complexes de tortues qui se d\u00e9tachent avec des couleurs vibrantes dor\u00e9es, rouges, oranges et vertes. Les tortues, symbole de la faune marine et de la vie oc\u00e9anique, sont repr\u00e9sent\u00e9es avec d\u00e9licatesse, capturant l&rsquo;essence des \u00e9cosyst\u00e8mes c\u00f4tiers. Les d\u00e9tails du design soulignent ne seulement la beaut\u00e9 naturelle de l&rsquo;animal, mais aussi l&rsquo;habilet\u00e9 artistique des artisans qui cr\u00e9ent ces pi\u00e8ces uniques.<\/p>\n<p>Ces bols sont parfaits pour servir des ap\u00e9ritifs lors de r\u00e9unions ou simplement comme \u00e9l\u00e9ments d\u00e9coratifs qui ajoutent une touche tropicale \u00e0 n&rsquo;importe quel foyer. Leur finition brillante et color\u00e9e en fait un point focal dans n&rsquo;importe quel environnement, \u00e9voquant la s\u00e9r\u00e9nit\u00e9 de l&rsquo;oc\u00e9an. Chez Ol\u00e9 Mosaic, nous sommes fiers de proposer des souvenirs authentiques qui c\u00e9l\u00e8brent la culture et la biodiversit\u00e9 r\u00e9gionale. Ce jeu de bols en noix de coco est une excellente option pour les boutiques de cadeaux touristiques cherchant \u00e0 offrir \u00e0 leurs clients des souvenirs qui capturent l&rsquo;essence de la beaut\u00e9 naturelle et de la richesse culturelle des destinations maritimes. En tant que distributeurs de souvenirs de qualit\u00e9, nous garantissons l&rsquo;authenticit\u00e9 et l&rsquo;exclusivit\u00e9 de chaque produit.<\/p>\n","protected":false},"excerpt":{"rendered":"<p>Bols en noix de coco de 13 x 6 cm, d\u00e9cor\u00e9s de motifs de tortues aux couleurs vibrantes. Ce jeu de quatre bols pr\u00e9sente une technique de design artisanal, peint \u00e0 la main, qui souligne les d\u00e9tails complexes et l&rsquo;\u00e9clat des tons dor\u00e9s, rouges, oranges et verts. Chaque bol affiche un design unique, id\u00e9al pour servir des ap\u00e9ritifs ou comme \u00e9l\u00e9ment d\u00e9coratif, \u00e9voquant la beaut\u00e9 de l&rsquo;art artisanal et de la faune marine. Parfaits pour ajouter une touche tropicale \u00e0 n&rsquo;importe quel int\u00e9rieur.<\/p>\n","protected":false},"featured_media":10637,"template":"","meta":{"_acf_changed":false},"product_brand":[],"product_cat":[521],"product_tag":[530],"class_list":{"0":"post-32639","1":"product","2":"type-product","3":"status-publish","4":"has-post-thumbnail","6":"product_cat-bols","7":"product_tag-animaux","8":"pa_motivo-tortues","10":"first","11":"instock","12":"shipping-taxable","13":"product-type-simple"},"acf":[],"_links":{"self":[{"href":"https:\/\/olemosaic.orbitalia.org\/fr\/wp-json\/wp\/v2\/product\/32639","targetHints":{"allow":["GET"]}}],"collection":[{"href":"https:\/\/olemosaic.orbitalia.org\/fr\/wp-json\/wp\/v2\/product"}],"about":[{"href":"https:\/\/olemosaic.orbitalia.org\/fr\/wp-json\/wp\/v2\/types\/product"}],"wp:featuredmedia":[{"embeddable":true,"href":"https:\/\/olemosaic.orbitalia.org\/fr\/wp-json\/wp\/v2\/media\/10637"}],"wp:attachment":[{"href":"https:\/\/olemosaic.orbitalia.org\/fr\/wp-json\/wp\/v2\/media?parent=32639"}],"wp:term":[{"taxonomy":"product_brand","embeddable":true,"href":"https:\/\/olemosaic.orbitalia.org\/fr\/wp-json\/wp\/v2\/product_brand?post=32639"},{"taxonomy":"product_cat","embeddable":true,"href":"https:\/\/olemosaic.orbitalia.org\/fr\/wp-json\/wp\/v2\/product_cat?post=32639"},{"taxonomy":"product_tag","embeddable":true,"href":"https:\/\/olemosaic.orbitalia.org\/fr\/wp-json\/wp\/v2\/product_tag?post=32639"}],"curies":[{"name":"wp","href":"https:\/\/api.w.org\/{rel}","templated":true}]}}