{"id":32621,"date":"2025-02-20T23:34:28","date_gmt":"2025-02-20T22:34:28","guid":{"rendered":"https:\/\/olemosaic.orbitalia.org\/producto\/4-bols-de-coco-de-13-x-6-cm-salamandra-gran-canaria-2\/"},"modified":"2025-07-25T19:02:19","modified_gmt":"2025-07-25T17:02:19","slug":"4-bols-en-noix-de-coco-13-x-6-cm-salamandre-grande-canarie","status":"publish","type":"product","link":"https:\/\/olemosaic.orbitalia.org\/fr\/produit\/4-bols-en-noix-de-coco-13-x-6-cm-salamandre-grande-canarie\/","title":{"rendered":"4 Bols en noix de coco de 13 x 6 cm. Salamandre. Motifs floraux. Grande Canarie."},"content":{"rendered":"<p>Ce lot de quatre bols en noix de coco, de 13 x 6 cm chacun, est un v\u00e9ritable hommage \u00e0 la richesse culturelle et naturelle de la Grande Canarie. Chaque bol est d\u00e9cor\u00e9 de l&#8217;embl\u00e9matique salamandre canarienne, symbole de respect pour l&rsquo;environnement et la biodiversit\u00e9 de l&rsquo;\u00eele. Les couleurs \u00e9clatantes des bols \u2014 bleu, orange, rouge et dor\u00e9 \u2014 ne ravissent pas seulement le regard, mais \u00e9voquent \u00e9galement les paysages exotiques et la biodiversit\u00e9 de la Grande Canarie, faisant de chaque pi\u00e8ce un objet unique.<\/p>\n<p>La surface des bols pr\u00e9sente une finition qui imite une texture de filet d\u00e9licate, accentuant le motif central de la salamandre, ce qui leur conf\u00e8re un air artistique et \u00e9l\u00e9gant. Ces pi\u00e8ces sont parfaites aussi bien pour servir des ap\u00e9ritifs lors de r\u00e9unions que pour servir d&rsquo;\u00e9l\u00e9ments d\u00e9coratifs, ajoutant une touche exotique \u00e0 n&rsquo;importe quel espace. Leur design met non seulement en valeur l&rsquo;artisanat traditionnel canarien, mais invite \u00e9galement les touristes \u00e0 emporter un petit morceau de la Grande Canarie chez eux.<\/p>\n<p>Chez Ol\u00e9 Mosaic, nous proposons une gamme de souvenirs authentiques, et ce lot de bols est une excellente option pour les boutiques de cadeaux touristiques \u00e0 la recherche de produits ayant une histoire. Ces bols en noix de coco sont non seulement utiles, mais aussi un souvenir repr\u00e9sentatif de la beaut\u00e9 et de la culture de la Grande Canarie, consolidant leur pertinence culturelle et leur authenticit\u00e9 en tant que souvenirs.<\/p>\n","protected":false},"excerpt":{"rendered":"<p>Lot de 4 bols en noix de coco de 13 x 6 cm, d\u00e9cor\u00e9s de l&#8217;embl\u00e9matique salamandre de la Grande Canarie. Chaque bol pr\u00e9sente un design unique, avec des couleurs \u00e9clatantes bleu, orange, rouge et dor\u00e9, \u00e9voquant la richesse naturelle de l&rsquo;\u00eele. Sa surface est orn\u00e9e d&rsquo;une finition imitant une texture de filet d\u00e9licate, mettant en valeur le motif central de la salamandre, symbole de la culture canarienne. Parfaits pour servir des ap\u00e9ritifs ou comme \u00e9l\u00e9ments d\u00e9coratifs dans votre maison.<\/p>\n","protected":false},"featured_media":10648,"template":"","meta":{"_acf_changed":false},"product_brand":[],"product_cat":[521],"product_tag":[530],"class_list":{"0":"post-32621","1":"product","2":"type-product","3":"status-publish","4":"has-post-thumbnail","6":"product_cat-bols","7":"product_tag-animaux","8":"pa_ciudad-gran-canaria","9":"pa_motivo-salamandres","10":"pa_pais-espana","12":"first","13":"instock","14":"shipping-taxable","15":"product-type-simple"},"acf":[],"_links":{"self":[{"href":"https:\/\/olemosaic.orbitalia.org\/fr\/wp-json\/wp\/v2\/product\/32621","targetHints":{"allow":["GET"]}}],"collection":[{"href":"https:\/\/olemosaic.orbitalia.org\/fr\/wp-json\/wp\/v2\/product"}],"about":[{"href":"https:\/\/olemosaic.orbitalia.org\/fr\/wp-json\/wp\/v2\/types\/product"}],"wp:featuredmedia":[{"embeddable":true,"href":"https:\/\/olemosaic.orbitalia.org\/fr\/wp-json\/wp\/v2\/media\/10648"}],"wp:attachment":[{"href":"https:\/\/olemosaic.orbitalia.org\/fr\/wp-json\/wp\/v2\/media?parent=32621"}],"wp:term":[{"taxonomy":"product_brand","embeddable":true,"href":"https:\/\/olemosaic.orbitalia.org\/fr\/wp-json\/wp\/v2\/product_brand?post=32621"},{"taxonomy":"product_cat","embeddable":true,"href":"https:\/\/olemosaic.orbitalia.org\/fr\/wp-json\/wp\/v2\/product_cat?post=32621"},{"taxonomy":"product_tag","embeddable":true,"href":"https:\/\/olemosaic.orbitalia.org\/fr\/wp-json\/wp\/v2\/product_tag?post=32621"}],"curies":[{"name":"wp","href":"https:\/\/api.w.org\/{rel}","templated":true}]}}