{"id":32606,"date":"2025-02-20T22:34:27","date_gmt":"2025-02-20T22:34:27","guid":{"rendered":"https:\/\/olemosaic.orbitalia.org\/producto\/4-bols-de-coco-de-13-x-6-cm-tortuga\/"},"modified":"2025-07-25T18:58:07","modified_gmt":"2025-07-25T16:58:07","slug":"4-bols-en-noix-de-coco-de-13-x-6-cm-tortue","status":"publish","type":"product","link":"https:\/\/olemosaic.orbitalia.org\/fr\/produit\/4-bols-en-noix-de-coco-de-13-x-6-cm-tortue\/","title":{"rendered":"4 Bols en noix de coco de 13 x 6 cm. Tortue."},"content":{"rendered":"<p>Ce lot de 4 bols en noix de coco de 13 x 6 cm aux motifs de tortues est une repr\u00e9sentation vibrante de l&rsquo;h\u00e9ritage culturel et de la beaut\u00e9 naturelle de l&rsquo;environnement tropical. Chaque bol pr\u00e9sente un design color\u00e9 et captivant, avec une tortue comme protagoniste parmi des c\u0153urs et des motifs d\u00e9taill\u00e9s, cr\u00e9ant un effet visuel charmant. Les couleurs vives \u2014 bleu, rouge, orange et rose \u2014 ajoutent un air festif et joyeux, les rendant id\u00e9aux aussi bien pour servir des ap\u00e9ritifs lors d&rsquo;une r\u00e9union que pour d\u00e9corer n&rsquo;importe quel coin de la maison.<\/p>\n<p>La finition brillante souligne la beaut\u00e9 des mat\u00e9riaux naturels, offrant \u00e0 chaque bol une apparence polie qui refl\u00e8te l&rsquo;authenticit\u00e9 artisanale. Ces bols ne sont pas seulement fonctionnels, ils \u00e9voquent \u00e9galement une connexion avec la nature et la vie marine, rappelant le respect de l&rsquo;environnement.<\/p>\n<p>Ce lot de bols en noix de coco est un souvenir id\u00e9al pour ceux qui cherchent \u00e0 ramener un morceau de culture tropicale chez eux. Chez Ol\u00e9 Mosaic, nous sommes des distributeurs de souvenirs authentiques et de qualit\u00e9 qui capturent l&rsquo;essence des r\u00e9gions qu&rsquo;ils repr\u00e9sentent. Ce lot est l&rsquo;option parfaite pour les boutiques de cadeaux touristiques qui souhaitent proposer des produits non seulement attrayants, mais qui racontent aussi une riche histoire culturelle.<\/p>\n","protected":false},"excerpt":{"rendered":"<p>Lot de 4 bols en noix de coco de 13 x 6 cm d\u00e9cor\u00e9s de motifs de tortues, id\u00e9aux pour apporter une touche tropicale \u00e0 votre int\u00e9rieur. Chaque bol pr\u00e9sente un design vibrant et color\u00e9 avec une tortue au centre, entour\u00e9e de c\u0153urs et de motifs d\u00e9taill\u00e9s. Les couleurs incluent le bleu, le rouge, l&rsquo;orange et le rose, ce qui fait de ce lot une option parfaite pour servir des ap\u00e9ritifs ou comme \u00e9l\u00e9ment d\u00e9coratif. Sa finition brillante souligne la beaut\u00e9 des mat\u00e9riaux naturels, en faisant un souvenir unique.<\/p>\n","protected":false},"featured_media":10664,"template":"","meta":{"_acf_changed":false},"product_brand":[],"product_cat":[521],"product_tag":[530],"class_list":{"0":"post-32606","1":"product","2":"type-product","3":"status-publish","4":"has-post-thumbnail","6":"product_cat-bols","7":"product_tag-animaux","8":"pa_motivo-tortues","10":"first","11":"instock","12":"shipping-taxable","13":"product-type-simple"},"acf":[],"_links":{"self":[{"href":"https:\/\/olemosaic.orbitalia.org\/fr\/wp-json\/wp\/v2\/product\/32606","targetHints":{"allow":["GET"]}}],"collection":[{"href":"https:\/\/olemosaic.orbitalia.org\/fr\/wp-json\/wp\/v2\/product"}],"about":[{"href":"https:\/\/olemosaic.orbitalia.org\/fr\/wp-json\/wp\/v2\/types\/product"}],"wp:featuredmedia":[{"embeddable":true,"href":"https:\/\/olemosaic.orbitalia.org\/fr\/wp-json\/wp\/v2\/media\/10664"}],"wp:attachment":[{"href":"https:\/\/olemosaic.orbitalia.org\/fr\/wp-json\/wp\/v2\/media?parent=32606"}],"wp:term":[{"taxonomy":"product_brand","embeddable":true,"href":"https:\/\/olemosaic.orbitalia.org\/fr\/wp-json\/wp\/v2\/product_brand?post=32606"},{"taxonomy":"product_cat","embeddable":true,"href":"https:\/\/olemosaic.orbitalia.org\/fr\/wp-json\/wp\/v2\/product_cat?post=32606"},{"taxonomy":"product_tag","embeddable":true,"href":"https:\/\/olemosaic.orbitalia.org\/fr\/wp-json\/wp\/v2\/product_tag?post=32606"}],"curies":[{"name":"wp","href":"https:\/\/api.w.org\/{rel}","templated":true}]}}