{"id":32591,"date":"2025-02-20T22:34:27","date_gmt":"2025-02-20T22:34:27","guid":{"rendered":"https:\/\/olemosaic.orbitalia.org\/producto\/salvamanteles-de-ceramica-mariposa\/"},"modified":"2025-07-25T20:22:27","modified_gmt":"2025-07-25T18:22:27","slug":"dessous-de-plat-en-ceramique-papillon","status":"publish","type":"product","link":"https:\/\/olemosaic.orbitalia.org\/fr\/produit\/dessous-de-plat-en-ceramique-papillon\/","title":{"rendered":"Dessous de plat en c\u00e9ramique. Papillon."},"content":{"rendered":"<p>Ce dessous de plat en c\u00e9ramique, d\u00e9cor\u00e9 d&rsquo;un motif vibrant de papillons et de fleurs, est un bijou qui ajoute de la couleur et de l&rsquo;art \u00e0 n&rsquo;importe quelle table. L&rsquo;illustration color\u00e9e pr\u00e9sente trois papillons majestueux dans une mosa\u00efque brillante, dont les ailes sont orn\u00e9es de tons intenses de rouge, jaune et bleu, contrastant magnifiquement avec le fond gris. Ce d\u00e9tail rehausse non seulement la beaut\u00e9 de l&rsquo;objet, mais \u00e9voque \u00e9galement la riche tradition de l&rsquo;art c\u00e9ramique espagnol, connu pour sa vivacit\u00e9 et son attention aux d\u00e9tails.<\/p>\n<p>Autour des papillons, diverses fleurs aux couleurs vives s&rsquo;\u00e9panouissent, enrichissant encore le design et lui donnant une dimension joyeuse et festive. Le bord en corde qui entoure le dessous de plat apporte une touche artisanale, soulignant le d\u00e9vouement et le soin apport\u00e9s \u00e0 sa fabrication, ce qui fait de ce produit un authentique souvenir c\u00e9l\u00e9brant l&rsquo;essence de la c\u00e9ramique traditionnelle espagnole.<\/p>\n<p>Id\u00e9al comme cadeau ou pour les amateurs de d\u00e9coration, ce dessous de plat est une excellente option pour les touristes \u00e0 la recherche de souvenirs repr\u00e9sentant leur exp\u00e9rience culturelle. Chez Ol\u00e9 Mosaic, nous sommes fiers d&rsquo;\u00eatre des distributeurs de c\u00e9ramique authentique en gros, garantissant des produits qui refl\u00e8tent la richesse du patrimoine espagnol. Ce dessous de plat ne fonctionne pas seulement comme un accessoire fonctionnel, mais aussi comme un merveilleux souvenir de voyage qui capture l&rsquo;essence de la beaut\u00e9 naturelle et artistique de la r\u00e9gion.<\/p>\n","protected":false},"excerpt":{"rendered":"<p>Dessous de plat en c\u00e9ramique d\u00e9cor\u00e9 d&rsquo;un motif vibrant de papillons et de fleurs. Ce dessous de plat attrayant pr\u00e9sente une illustration color\u00e9e de papillons en mosa\u00efque, entour\u00e9s de diverses fleurs aux tons brillants tels que le rouge, le jaune et le bleu. Le fond gris offre un joli contraste, tandis que le bord en corde apporte une touche artisanale. Id\u00e9al pour ajouter une touche de couleur et d&rsquo;art \u00e0 la table, il repr\u00e9sente l&rsquo;essence de la c\u00e9ramique traditionnelle espagnole.<\/p>\n","protected":false},"featured_media":8650,"template":"","meta":{"_acf_changed":false},"product_brand":[],"product_cat":[827],"product_tag":[530,585],"class_list":{"0":"post-32591","1":"product","2":"type-product","3":"status-publish","4":"has-post-thumbnail","6":"product_cat-dessous-de-plat","7":"product_tag-animaux","8":"product_tag-ceramique","9":"pa_motivo-papillons","11":"first","12":"instock","13":"shipping-taxable","14":"product-type-simple"},"acf":[],"_links":{"self":[{"href":"https:\/\/olemosaic.orbitalia.org\/fr\/wp-json\/wp\/v2\/product\/32591","targetHints":{"allow":["GET"]}}],"collection":[{"href":"https:\/\/olemosaic.orbitalia.org\/fr\/wp-json\/wp\/v2\/product"}],"about":[{"href":"https:\/\/olemosaic.orbitalia.org\/fr\/wp-json\/wp\/v2\/types\/product"}],"wp:featuredmedia":[{"embeddable":true,"href":"https:\/\/olemosaic.orbitalia.org\/fr\/wp-json\/wp\/v2\/media\/8650"}],"wp:attachment":[{"href":"https:\/\/olemosaic.orbitalia.org\/fr\/wp-json\/wp\/v2\/media?parent=32591"}],"wp:term":[{"taxonomy":"product_brand","embeddable":true,"href":"https:\/\/olemosaic.orbitalia.org\/fr\/wp-json\/wp\/v2\/product_brand?post=32591"},{"taxonomy":"product_cat","embeddable":true,"href":"https:\/\/olemosaic.orbitalia.org\/fr\/wp-json\/wp\/v2\/product_cat?post=32591"},{"taxonomy":"product_tag","embeddable":true,"href":"https:\/\/olemosaic.orbitalia.org\/fr\/wp-json\/wp\/v2\/product_tag?post=32591"}],"curies":[{"name":"wp","href":"https:\/\/api.w.org\/{rel}","templated":true}]}}