{"id":32584,"date":"2025-02-20T22:34:26","date_gmt":"2025-02-20T22:34:26","guid":{"rendered":"https:\/\/olemosaic.orbitalia.org\/producto\/salvamanteles-de-ceramica-gato\/"},"modified":"2025-07-25T19:55:13","modified_gmt":"2025-07-25T17:55:13","slug":"dessous-de-plat-en-ceramique-chat","status":"publish","type":"product","link":"https:\/\/olemosaic.orbitalia.org\/fr\/produit\/dessous-de-plat-en-ceramique-chat\/","title":{"rendered":"Dessous de plat en c\u00e9ramique. Chat."},"content":{"rendered":"<p>Ce dessous de plat en c\u00e9ramique, orn\u00e9 d&rsquo;un motif vibrant de chats, est un charmant exemple d&rsquo;art d\u00e9coratif \u00e9voquant la riche tradition de la mosa\u00efque espagnole. Sa palette de couleurs joyeuses comprend des bleus, des rouges et des verts intenses qui resplendissent gr\u00e2ce \u00e0 sa finition brillante. La surface est d\u00e9cor\u00e9e de chats amusants dans diff\u00e9rentes postures et de motifs color\u00e9s qui capturent l&rsquo;essence joueuse de ces adorables f\u00e9lins. Des papillons coquets, \u00e9galement color\u00e9s, ajoutent une touche de l\u00e9g\u00e8ret\u00e9 et de bonheur, cr\u00e9ant une atmosph\u00e8re joyeuse sur n&rsquo;importe quelle table.<\/p>\n<p>Ce dessous de plat n&rsquo;est pas seulement un objet fonctionnel, mais une pi\u00e8ce d\u00e9corative qui c\u00e9l\u00e8bre l&rsquo;h\u00e9ritage culturel de l&rsquo;Espagne, o\u00f9 l&rsquo;art de la mosa\u00efque est une partie historique et esth\u00e9tique tr\u00e8s importante. Son design contemporain fusionne avec une technique traditionnelle, en faisant un souvenir authentique qui repr\u00e9sente la joie et la chaleur du foyer espagnol.<\/p>\n<p>Chez Ol\u00e9 Mosaic, notre engagement est d&rsquo;offrir des souvenirs en c\u00e9ramique authentiques et de qualit\u00e9. Ce dessous de plat est un excellent choix pour les boutiques de cadeaux touristiques \u00e0 la recherche d&rsquo;un produit alliant art, fonctionnalit\u00e9 et une touche de culture. Parfait pour les touristes qui souhaitent ramener un petit morceau d&rsquo;Espagne chez eux, ce dessous de plat \u00ab\u00a0chats\u00a0\u00bb devient un cadeau m\u00e9morable et original. En tant que grossistes en c\u00e9ramique, nous garantissons que chaque pi\u00e8ce refl\u00e8te le d\u00e9vouement et le savoir-faire artisanal, id\u00e9al pour tout \u00e9tablissement valorisant la qualit\u00e9 et l&rsquo;esth\u00e9tique.<\/p>\n","protected":false},"excerpt":{"rendered":"<p>Dessous de plat en c\u00e9ramique d\u00e9cor\u00e9 de chats color\u00e9s dans un design \u00e9voquant le style mosa\u00efque. Ce dessous de plat attrayant, avec sa finition brillante, met en valeur ses couleurs vives comme le bleu, le rouge et le vert, et est orn\u00e9 de papillons qui lui donnent une touche ludique. La c\u00e9ramique est r\u00e9sistante et facile \u00e0 nettoyer, ce qui en fait une pi\u00e8ce fonctionnelle et d\u00e9corative, id\u00e9ale pour \u00e9gayer la table.<\/p>\n","protected":false},"featured_media":8651,"template":"","meta":{"_acf_changed":false},"product_brand":[],"product_cat":[827],"product_tag":[530,585],"class_list":{"0":"post-32584","1":"product","2":"type-product","3":"status-publish","4":"has-post-thumbnail","6":"product_cat-dessous-de-plat","7":"product_tag-animaux","8":"product_tag-ceramique","9":"pa_motivo-chats","11":"first","12":"instock","13":"shipping-taxable","14":"product-type-simple"},"acf":[],"_links":{"self":[{"href":"https:\/\/olemosaic.orbitalia.org\/fr\/wp-json\/wp\/v2\/product\/32584","targetHints":{"allow":["GET"]}}],"collection":[{"href":"https:\/\/olemosaic.orbitalia.org\/fr\/wp-json\/wp\/v2\/product"}],"about":[{"href":"https:\/\/olemosaic.orbitalia.org\/fr\/wp-json\/wp\/v2\/types\/product"}],"wp:featuredmedia":[{"embeddable":true,"href":"https:\/\/olemosaic.orbitalia.org\/fr\/wp-json\/wp\/v2\/media\/8651"}],"wp:attachment":[{"href":"https:\/\/olemosaic.orbitalia.org\/fr\/wp-json\/wp\/v2\/media?parent=32584"}],"wp:term":[{"taxonomy":"product_brand","embeddable":true,"href":"https:\/\/olemosaic.orbitalia.org\/fr\/wp-json\/wp\/v2\/product_brand?post=32584"},{"taxonomy":"product_cat","embeddable":true,"href":"https:\/\/olemosaic.orbitalia.org\/fr\/wp-json\/wp\/v2\/product_cat?post=32584"},{"taxonomy":"product_tag","embeddable":true,"href":"https:\/\/olemosaic.orbitalia.org\/fr\/wp-json\/wp\/v2\/product_tag?post=32584"}],"curies":[{"name":"wp","href":"https:\/\/api.w.org\/{rel}","templated":true}]}}