{"id":32583,"date":"2025-02-20T23:34:26","date_gmt":"2025-02-20T22:34:26","guid":{"rendered":"https:\/\/olemosaic.orbitalia.org\/producto\/salvamanteles-de-ceramica-salamandra-2\/"},"modified":"2025-07-25T20:28:08","modified_gmt":"2025-07-25T18:28:08","slug":"dessous-de-plat-en-ceramique-salamandre-2","status":"publish","type":"product","link":"https:\/\/olemosaic.orbitalia.org\/fr\/produit\/dessous-de-plat-en-ceramique-salamandre-2\/","title":{"rendered":"Dessous de plat en c\u00e9ramique. Mosa\u00efque. Salamandre."},"content":{"rendered":"<p>Ce dessous de plat en c\u00e9ramique, orn\u00e9 de salamandres color\u00e9es, est une pi\u00e8ce repr\u00e9sentative de l&rsquo;art m\u00e9diterran\u00e9en, id\u00e9ale pour ceux qui souhaitent ajouter une touche vibrante \u00e0 leur cuisine. Fabriqu\u00e9 en c\u00e9ramique de haute qualit\u00e9, son design pr\u00e9sente un fond de mosa\u00efque \u00e9voquant les carreaux typiques du sud de l&rsquo;Espagne, compl\u00e9t\u00e9 par un bord tiss\u00e9 rouge qui lui donne une finition distinctive et attrayante. Les salamandres, avec leurs couleurs vives en rouge, vert, bleu et jaune, apportent non seulement de la joie, mais symbolisent \u00e9galement la fertilit\u00e9 et la transformation, des concepts profond\u00e9ment ancr\u00e9s dans la culture m\u00e9diterran\u00e9enne.<\/p>\n<p>Ce dessous de plat n&rsquo;est pas seulement fonctionnel, c&rsquo;est aussi un hommage \u00e0 la riche tradition artisanale de la r\u00e9gion. La combinaison des d\u00e9tails floraux dans le design renforce sa connexion culturelle et en fait un excellent souvenir pour les touristes cherchant \u00e0 se rem\u00e9morer leur exp\u00e9rience en Espagne. De plus, c&rsquo;est une option attrayante pour les boutiques de cadeaux touristiques, car elle offre un produit authentique et distinctif qui c\u00e9l\u00e8bre le patrimoine artistique de la M\u00e9diterran\u00e9e. Chez Ol\u00e9 Mosaic, en tant que distributeurs de souvenirs en gros, nous garantissons la qualit\u00e9 et la singularit\u00e9 de chaque pi\u00e8ce, faisant de ce dessous de plat un choix exceptionnel pour ceux qui souhaitent capturer l&rsquo;essence de l&rsquo;Espagne dans leur d\u00e9coration.<\/p>\n","protected":false},"excerpt":{"rendered":"<p>Dessous de plat en c\u00e9ramique d\u00e9cor\u00e9 de salamandres color\u00e9es \u00e9voquant l&rsquo;essence de l&rsquo;art m\u00e9diterran\u00e9en. Ce dessous de plat pratique pr\u00e9sente un design vibrant avec des salamandres dans les tons rouge, vert, bleu et jaune, compl\u00e9t\u00e9es par des fleurs sur un fond de mosa\u00efque imitant les carreaux typiques du sud de l&rsquo;Espagne. Avec un bord tiss\u00e9 rouge, il est id\u00e9al pour ajouter une touche artistique et fonctionnelle \u00e0 votre cuisine, cr\u00e9ant une atmosph\u00e8re accueillante et distinctive.<\/p>\n","protected":false},"featured_media":8653,"template":"","meta":{"_acf_changed":false},"product_brand":[],"product_cat":[827],"product_tag":[530,585],"class_list":{"0":"post-32583","1":"product","2":"type-product","3":"status-publish","4":"has-post-thumbnail","6":"product_cat-dessous-de-plat","7":"product_tag-animaux","8":"product_tag-ceramique","9":"pa_motivo-salamandres","11":"first","12":"instock","13":"shipping-taxable","14":"product-type-simple"},"acf":[],"_links":{"self":[{"href":"https:\/\/olemosaic.orbitalia.org\/fr\/wp-json\/wp\/v2\/product\/32583","targetHints":{"allow":["GET"]}}],"collection":[{"href":"https:\/\/olemosaic.orbitalia.org\/fr\/wp-json\/wp\/v2\/product"}],"about":[{"href":"https:\/\/olemosaic.orbitalia.org\/fr\/wp-json\/wp\/v2\/types\/product"}],"wp:featuredmedia":[{"embeddable":true,"href":"https:\/\/olemosaic.orbitalia.org\/fr\/wp-json\/wp\/v2\/media\/8653"}],"wp:attachment":[{"href":"https:\/\/olemosaic.orbitalia.org\/fr\/wp-json\/wp\/v2\/media?parent=32583"}],"wp:term":[{"taxonomy":"product_brand","embeddable":true,"href":"https:\/\/olemosaic.orbitalia.org\/fr\/wp-json\/wp\/v2\/product_brand?post=32583"},{"taxonomy":"product_cat","embeddable":true,"href":"https:\/\/olemosaic.orbitalia.org\/fr\/wp-json\/wp\/v2\/product_cat?post=32583"},{"taxonomy":"product_tag","embeddable":true,"href":"https:\/\/olemosaic.orbitalia.org\/fr\/wp-json\/wp\/v2\/product_tag?post=32583"}],"curies":[{"name":"wp","href":"https:\/\/api.w.org\/{rel}","templated":true}]}}