{"id":32581,"date":"2025-02-20T23:34:26","date_gmt":"2025-02-20T22:34:26","guid":{"rendered":"https:\/\/olemosaic.orbitalia.org\/producto\/salvamanteles-de-ceramica-mosaico-3\/"},"modified":"2025-07-25T20:01:19","modified_gmt":"2025-07-25T18:01:19","slug":"dessous-de-plat-en-ceramique-mosaique-3","status":"publish","type":"product","link":"https:\/\/olemosaic.orbitalia.org\/fr\/produit\/dessous-de-plat-en-ceramique-mosaique-3\/","title":{"rendered":"Dessous de plat en c\u00e9ramique. Bord tress\u00e9. Mosa\u00efque."},"content":{"rendered":"<p>Ce dessous de plat en c\u00e9ramique pr\u00e9sente un magnifique motif de mosa\u00efque qui rend hommage \u00e0 la riche tradition des azulejos espagnols. D&rsquo;un diam\u00e8tre g\u00e9n\u00e9reux, sa surface est orn\u00e9e d&rsquo;une combinaison de couleurs vibrantes comprenant des bleus intenses, un rouge \u00e9clatant et des tons gris d\u00e9licats, cr\u00e9ant un effet visuel captivant qui enrichira n&rsquo;importe quelle table. La disposition des motifs g\u00e9om\u00e9triques s&rsquo;inspire des carreaux classiques qui embellissent de nombreux coins d&rsquo;Espagne, refl\u00e9tant la diversit\u00e9 et la cr\u00e9ativit\u00e9 de l&rsquo;art c\u00e9ramique du pays.<\/p>\n<p>Le bord tress\u00e9 en rouge apporte non seulement une touche artisanale et distinctive, mais assure \u00e9galement une protection efficace des surfaces, ce qui en fait un accessoire fonctionnel et d\u00e9coratif. Ce dessous de plat est non seulement pratique pour la cuisine ou la table \u00e0 manger, mais il constitue \u00e9galement un charmant souvenir de la culture espagnole, id\u00e9al pour ceux qui recherchent un souvenir unique de leur visite.<\/p>\n<p>Chez Ol\u00e9 Mosaic, nous sommes experts dans la distribution de souvenirs en c\u00e9ramique en gros, et ce dessous de plat repr\u00e9sente une excellente option pour les boutiques de cadeaux touristiques souhaitant proposer des produits authentiques et de qualit\u00e9. Sa pertinence culturelle et son attrait visuel en font le choix parfait pour les touristes qui souhaitent ramener chez eux un morceau de l&rsquo;essence espagnole.<\/p>\n","protected":false},"excerpt":{"rendered":"<p>Dessous de plat en c\u00e9ramique avec un magnifique motif de mosa\u00efque inspir\u00e9 de la tradition des azulejos espagnols. Cet article de cuisine pr\u00e9sente une combinaison de couleurs vibrantes, avec des bleus, des rouges et des gris, et est fini avec un bord tress\u00e9 rouge qui lui donne une touche artisanale. Parfait pour prot\u00e9ger vos surfaces tout en ajoutant un \u00e9l\u00e9ment d\u00e9coratif \u00e0 votre table, ce dessous de plat est un charmant souvenir de la culture espagnole.<\/p>\n","protected":false},"featured_media":7902,"template":"","meta":{"_acf_changed":false},"product_brand":[],"product_cat":[827],"product_tag":[585],"class_list":{"0":"post-32581","1":"product","2":"type-product","3":"status-publish","4":"has-post-thumbnail","6":"product_cat-dessous-de-plat","7":"product_tag-ceramique","8":"pa_motivo-mosaique","10":"first","11":"instock","12":"shipping-taxable","13":"product-type-simple"},"acf":[],"_links":{"self":[{"href":"https:\/\/olemosaic.orbitalia.org\/fr\/wp-json\/wp\/v2\/product\/32581","targetHints":{"allow":["GET"]}}],"collection":[{"href":"https:\/\/olemosaic.orbitalia.org\/fr\/wp-json\/wp\/v2\/product"}],"about":[{"href":"https:\/\/olemosaic.orbitalia.org\/fr\/wp-json\/wp\/v2\/types\/product"}],"wp:featuredmedia":[{"embeddable":true,"href":"https:\/\/olemosaic.orbitalia.org\/fr\/wp-json\/wp\/v2\/media\/7902"}],"wp:attachment":[{"href":"https:\/\/olemosaic.orbitalia.org\/fr\/wp-json\/wp\/v2\/media?parent=32581"}],"wp:term":[{"taxonomy":"product_brand","embeddable":true,"href":"https:\/\/olemosaic.orbitalia.org\/fr\/wp-json\/wp\/v2\/product_brand?post=32581"},{"taxonomy":"product_cat","embeddable":true,"href":"https:\/\/olemosaic.orbitalia.org\/fr\/wp-json\/wp\/v2\/product_cat?post=32581"},{"taxonomy":"product_tag","embeddable":true,"href":"https:\/\/olemosaic.orbitalia.org\/fr\/wp-json\/wp\/v2\/product_tag?post=32581"}],"curies":[{"name":"wp","href":"https:\/\/api.w.org\/{rel}","templated":true}]}}