{"id":32570,"date":"2025-02-20T23:34:26","date_gmt":"2025-02-20T22:34:26","guid":{"rendered":"https:\/\/olemosaic.orbitalia.org\/producto\/salvamanteles-de-ceramica-bailaora-2\/"},"modified":"2025-07-25T19:00:31","modified_gmt":"2025-07-25T17:00:31","slug":"dessous-de-plat-ceramique-danseuse-flamenco-2","status":"publish","type":"product","link":"https:\/\/olemosaic.orbitalia.org\/fr\/produit\/dessous-de-plat-ceramique-danseuse-flamenco-2\/","title":{"rendered":"Dessous de plat en c\u00e9ramique. Danseuse de flamenco. \u0152illets rouges."},"content":{"rendered":"<p>Ce dessous de plat en c\u00e9ramique peint \u00e0 la main est une v\u00e9ritable \u0153uvre d&rsquo;art qui \u00e9voque la vibrante culture flamenca d&rsquo;Espagne. Avec un design captivant, il repr\u00e9sente une danseuse (bailaora) avec une magnifique robe color\u00e9e d\u00e9ployant une symphonie de tons bleus, rouges et verts, montrant l&rsquo;\u00e9l\u00e9gance et le dynamisme du flamenco. La danseuse est entour\u00e9e d&rsquo;un champ d&rsquo;\u0153illets rouges qui souligne son mouvement et sa gr\u00e2ce, cr\u00e9ant une atmosph\u00e8re festive et pleine de vie.<\/p>\n<p>Le dessous de plat dispose d&rsquo;un bord tress\u00e9 rouge qui, en plus de fournir une finition esth\u00e9tique, garantit sa durabilit\u00e9 et sa fonctionnalit\u00e9 sur la table. Ce produit est parfait pour ceux qui cherchent \u00e0 donner une touche andalouse \u00e0 leurs repas et c\u00e9l\u00e9brations, tout en servant d&rsquo;\u00e9l\u00e9ment d\u00e9coratif attrayant.<\/p>\n<p>Avec son riche symbolisme, ce dessous de plat ne met pas seulement en valeur la tradition culinaire espagnole, mais capture \u00e9galement l&rsquo;essence du folklore andalou, devenant un souvenir id\u00e9al pour les touristes qui souhaitent ramener un morceau de la culture espagnole chez eux. Chez Ol\u00e9 Mosaic, en tant que grossiste de souvenirs, nous proposons des produits authentiques qui refl\u00e8tent le patrimoine culturel de l&rsquo;Espagne, garantissant que chaque pi\u00e8ce soit \u00e0 la fois un chef-d&rsquo;\u0153uvre et un souvenir inoubliable.<\/p>\n","protected":false},"excerpt":{"rendered":"<p>Dessous de plat en c\u00e9ramique au design artisanal, peint \u00e0 la main, inspir\u00e9 de l&rsquo;art flamenco. Ce dessous de plat color\u00e9 pr\u00e9sente une danseuse v\u00eatue d&rsquo;un costume vibrant dans les tons bleus, rouges et verts, entour\u00e9e d&rsquo;un champ d&rsquo;\u0153illets rouges qui soulignent son mouvement et son \u00e9l\u00e9gance. Avec un bord tress\u00e9 rouge, c&rsquo;est \u00e0 la fois un produit fonctionnel et un \u00e9l\u00e9ment d\u00e9coratif attrayant qui capture l&rsquo;essence du folklore espagnol, id\u00e9al pour donner une touche andalouse \u00e0 n&rsquo;importe quelle table.<\/p>\n","protected":false},"featured_media":8654,"template":"","meta":{"_acf_changed":false},"product_brand":[],"product_cat":[827],"product_tag":[585],"class_list":{"0":"post-32570","1":"product","2":"type-product","3":"status-publish","4":"has-post-thumbnail","6":"product_cat-dessous-de-plat","7":"product_tag-ceramique","8":"pa_motivo-danseurs","10":"first","11":"instock","12":"shipping-taxable","13":"product-type-simple"},"acf":[],"_links":{"self":[{"href":"https:\/\/olemosaic.orbitalia.org\/fr\/wp-json\/wp\/v2\/product\/32570","targetHints":{"allow":["GET"]}}],"collection":[{"href":"https:\/\/olemosaic.orbitalia.org\/fr\/wp-json\/wp\/v2\/product"}],"about":[{"href":"https:\/\/olemosaic.orbitalia.org\/fr\/wp-json\/wp\/v2\/types\/product"}],"wp:featuredmedia":[{"embeddable":true,"href":"https:\/\/olemosaic.orbitalia.org\/fr\/wp-json\/wp\/v2\/media\/8654"}],"wp:attachment":[{"href":"https:\/\/olemosaic.orbitalia.org\/fr\/wp-json\/wp\/v2\/media?parent=32570"}],"wp:term":[{"taxonomy":"product_brand","embeddable":true,"href":"https:\/\/olemosaic.orbitalia.org\/fr\/wp-json\/wp\/v2\/product_brand?post=32570"},{"taxonomy":"product_cat","embeddable":true,"href":"https:\/\/olemosaic.orbitalia.org\/fr\/wp-json\/wp\/v2\/product_cat?post=32570"},{"taxonomy":"product_tag","embeddable":true,"href":"https:\/\/olemosaic.orbitalia.org\/fr\/wp-json\/wp\/v2\/product_tag?post=32570"}],"curies":[{"name":"wp","href":"https:\/\/api.w.org\/{rel}","templated":true}]}}