{"id":32568,"date":"2025-02-20T23:34:25","date_gmt":"2025-02-20T22:34:25","guid":{"rendered":"https:\/\/olemosaic.orbitalia.org\/producto\/salvamanteles-de-ceramica-salamandra-y-flores-lanzarote\/"},"modified":"2025-07-25T19:54:04","modified_gmt":"2025-07-25T17:54:04","slug":"dessous-de-plat-ceramique-salamandre-fleurs-lanzarote","status":"publish","type":"product","link":"https:\/\/olemosaic.orbitalia.org\/fr\/produit\/dessous-de-plat-ceramique-salamandre-fleurs-lanzarote\/","title":{"rendered":"Dessous de plat en c\u00e9ramique. Salamandre et fleurs. Lanzarote."},"content":{"rendered":"<p>Ce dessous de plat en c\u00e9ramique, inspir\u00e9 de la flore et de la faune vibrantes de Lanzarote, est une pi\u00e8ce unique qui fusionne art et fonctionnalit\u00e9. Avec un design impressionnant pr\u00e9sentant des salamandres entour\u00e9es d&rsquo;une mosa\u00efque de fleurs dans des tons rouge, jaune, bleu et noir, cet article ne prot\u00e8ge pas seulement vos surfaces, mais rehausse \u00e9galement la pr\u00e9sentation de vos plats. Chaque figure de salamandre est m\u00e9ticuleusement peinte avec un effet main, ce qui garantit que chaque dessous de plat soit une \u0153uvre d&rsquo;art exclusive, reflet de la riche biodiversit\u00e9 de l&rsquo;\u00eele.<\/p>\n<p>L&rsquo;inscription color\u00e9e \u00ab Lanzarote \u00bb dans l&rsquo;une des zones ajoute une touche distinctive qui souligne son origine. Le design, qui \u00e9voque les paysages et la culture canarienne, fait de ce dessous de plat un souvenir authentique et repr\u00e9sentatif de Lanzarote, id\u00e9al pour ceux qui cherchent \u00e0 ramener un morceau des Canaries chez eux.<\/p>\n<p>Chez Ol\u00e9 Mosaic, notre sp\u00e9cialit\u00e9 est les souvenirs en c\u00e9ramique et les articles typiques de la culture espagnole. Ce dessous de plat est une excellente option pour les boutiques de cadeaux touristiques souhaitant proposer des produits qui ne sont pas seulement fonctionnels, mais qui racontent aussi une histoire culturelle. En tant que grossistes de souvenirs, nous garantissons la qualit\u00e9 et l&rsquo;authenticit\u00e9 de chacun de nos produits, ce qui fait de ce dessous de plat un choix id\u00e9al pour tout touriste.<\/p>\n","protected":false},"excerpt":{"rendered":"<p>Dessous de plat en c\u00e9ramique inspir\u00e9 de la flore et de la faune vibrantes de Lanzarote. Cet article color\u00e9 pr\u00e9sente un design de salamandres sur un fond de mosa\u00efque avec des fleurs dans des tons rouges, jaunes, bleus et noirs. Chaque figure semble peinte \u00e0 la main, ce qui souligne la richesse culturelle de l&rsquo;\u00eele. L&rsquo;inscription \u00ab Lanzarote \u00bb ajoute une touche distinctive. Parfait pour rehausser la pr\u00e9sentation de vos plats et apporter un petit morceau des Canaries \u00e0 votre table.<\/p>\n","protected":false},"featured_media":5896,"template":"","meta":{"_acf_changed":false},"product_brand":[],"product_cat":[827],"product_tag":[530,585],"class_list":{"0":"post-32568","1":"product","2":"type-product","3":"status-publish","4":"has-post-thumbnail","6":"product_cat-dessous-de-plat","7":"product_tag-animaux","8":"product_tag-ceramique","9":"pa_ciudad-lanzarote","10":"pa_motivo-salamandres","11":"pa_pais-espana","13":"first","14":"instock","15":"shipping-taxable","16":"product-type-simple"},"acf":[],"_links":{"self":[{"href":"https:\/\/olemosaic.orbitalia.org\/fr\/wp-json\/wp\/v2\/product\/32568","targetHints":{"allow":["GET"]}}],"collection":[{"href":"https:\/\/olemosaic.orbitalia.org\/fr\/wp-json\/wp\/v2\/product"}],"about":[{"href":"https:\/\/olemosaic.orbitalia.org\/fr\/wp-json\/wp\/v2\/types\/product"}],"wp:featuredmedia":[{"embeddable":true,"href":"https:\/\/olemosaic.orbitalia.org\/fr\/wp-json\/wp\/v2\/media\/5896"}],"wp:attachment":[{"href":"https:\/\/olemosaic.orbitalia.org\/fr\/wp-json\/wp\/v2\/media?parent=32568"}],"wp:term":[{"taxonomy":"product_brand","embeddable":true,"href":"https:\/\/olemosaic.orbitalia.org\/fr\/wp-json\/wp\/v2\/product_brand?post=32568"},{"taxonomy":"product_cat","embeddable":true,"href":"https:\/\/olemosaic.orbitalia.org\/fr\/wp-json\/wp\/v2\/product_cat?post=32568"},{"taxonomy":"product_tag","embeddable":true,"href":"https:\/\/olemosaic.orbitalia.org\/fr\/wp-json\/wp\/v2\/product_tag?post=32568"}],"curies":[{"name":"wp","href":"https:\/\/api.w.org\/{rel}","templated":true}]}}