{"id":32555,"date":"2025-02-20T22:34:25","date_gmt":"2025-02-20T22:34:25","guid":{"rendered":"https:\/\/olemosaic.orbitalia.org\/producto\/salvamanteles-de-ceramica-flamencos-mallorca\/"},"modified":"2025-07-25T18:46:13","modified_gmt":"2025-07-25T16:46:13","slug":"dessous-de-plat-en-ceramique-flamants-roses-majorque","status":"publish","type":"product","link":"https:\/\/olemosaic.orbitalia.org\/fr\/produit\/dessous-de-plat-en-ceramique-flamants-roses-majorque\/","title":{"rendered":"Dessous de plat en c\u00e9ramique. Flamants roses. Majorque."},"content":{"rendered":"<p>Ce dessous de plat en c\u00e9ramique, inspir\u00e9 de la faune majorquine, est une pi\u00e8ce d\u00e9corative qui apporte une touche m\u00e9diterran\u00e9enne vibrante \u00e0 n&rsquo;importe quelle table. Avec un design joyeux, compos\u00e9 de flamants roses dans les tons rose et rouge, le dessous de plat pr\u00e9sente un fond bleu qui fait ressortir chaque silhouette avec une finition brillante et attrayante. Les flamants roses, symboles de la beaut\u00e9 naturelle des \u00eeles Bal\u00e9ares, sont entour\u00e9s d&rsquo;une mosa\u00efque color\u00e9e qui \u00e9voque les paysages c\u00f4tiers de Majorque. Fabriqu\u00e9 en c\u00e9ramique de haute qualit\u00e9, cet article dispose d&rsquo;un bord en corde rouge qui, en plus de l&#8217;embellir, facilite son transport ou son accrochage. Ce dessous de plat n&rsquo;est pas seulement id\u00e9al pour prot\u00e9ger la surface de la table, mais il devient un authentique souvenir de Majorque, parfait pour ceux qui souhaitent emporter un morceau de la culture bal\u00e9are.<\/p>\n<p>C&rsquo;est un cadeau id\u00e9al pour ceux qui appr\u00e9cient l&rsquo;artisanat local et le lien avec la nature. \u00c0 travers ses designs, il repr\u00e9sente la faune vibrante de Majorque, transformant chaque repas en une exp\u00e9rience unique. Chez Ol\u00e9 Mosaic, en tant que distributeurs d&rsquo;articles en c\u00e9ramique en gros, nous proposons des produits qui se distinguent par leur authenticit\u00e9 et leur pertinence culturelle, id\u00e9aux pour les touristes et les boutiques de cadeaux \u00e0 la recherche de souvenirs m\u00e9morables.<\/p>\n","protected":false},"excerpt":{"rendered":"<p>Dessous de plat en c\u00e9ramique inspir\u00e9 de la faune majorquine, avec des flamants roses vibrants qui se d\u00e9tachent sur une mosa\u00efque color\u00e9e. Cet article attrayant pr\u00e9sente un design joyeux, avec un fond bleu qui rehausse les silhouettes des flamants roses dans les tons roses et rouges, entour\u00e9s de d\u00e9tails en bleu intense. Fabriqu\u00e9 en c\u00e9ramique et dot\u00e9 d&rsquo;un bord en corde rouge, il est id\u00e9al pour ajouter une touche m\u00e9diterran\u00e9enne \u00e0 n&rsquo;importe quelle table. Parfait pour les amoureux de la nature et de la culture bal\u00e9are.<\/p>\n","protected":false},"featured_media":8976,"template":"","meta":{"_acf_changed":false},"product_brand":[],"product_cat":[827],"product_tag":[530,585],"class_list":{"0":"post-32555","1":"product","2":"type-product","3":"status-publish","4":"has-post-thumbnail","6":"product_cat-dessous-de-plat","7":"product_tag-animaux","8":"product_tag-ceramique","9":"pa_ciudad-mallorca","10":"pa_motivo-flamants-roses","11":"pa_pais-espana","13":"first","14":"instock","15":"shipping-taxable","16":"product-type-simple"},"acf":[],"_links":{"self":[{"href":"https:\/\/olemosaic.orbitalia.org\/fr\/wp-json\/wp\/v2\/product\/32555","targetHints":{"allow":["GET"]}}],"collection":[{"href":"https:\/\/olemosaic.orbitalia.org\/fr\/wp-json\/wp\/v2\/product"}],"about":[{"href":"https:\/\/olemosaic.orbitalia.org\/fr\/wp-json\/wp\/v2\/types\/product"}],"wp:featuredmedia":[{"embeddable":true,"href":"https:\/\/olemosaic.orbitalia.org\/fr\/wp-json\/wp\/v2\/media\/8976"}],"wp:attachment":[{"href":"https:\/\/olemosaic.orbitalia.org\/fr\/wp-json\/wp\/v2\/media?parent=32555"}],"wp:term":[{"taxonomy":"product_brand","embeddable":true,"href":"https:\/\/olemosaic.orbitalia.org\/fr\/wp-json\/wp\/v2\/product_brand?post=32555"},{"taxonomy":"product_cat","embeddable":true,"href":"https:\/\/olemosaic.orbitalia.org\/fr\/wp-json\/wp\/v2\/product_cat?post=32555"},{"taxonomy":"product_tag","embeddable":true,"href":"https:\/\/olemosaic.orbitalia.org\/fr\/wp-json\/wp\/v2\/product_tag?post=32555"}],"curies":[{"name":"wp","href":"https:\/\/api.w.org\/{rel}","templated":true}]}}