{"id":32538,"date":"2025-02-20T23:34:24","date_gmt":"2025-02-20T22:34:24","guid":{"rendered":"https:\/\/olemosaic.orbitalia.org\/producto\/salvamanteles-de-ceramica-patio-2\/"},"modified":"2025-07-25T19:07:22","modified_gmt":"2025-07-25T17:07:22","slug":"dessous-de-plat-en-ceramique-patio-andalou","status":"publish","type":"product","link":"https:\/\/olemosaic.orbitalia.org\/fr\/produit\/dessous-de-plat-en-ceramique-patio-andalou\/","title":{"rendered":"Dessous de plat en c\u00e9ramique. Patio andalou."},"content":{"rendered":"<p>Ce dessous de plat en c\u00e9ramique est une \u0153uvre d&rsquo;art qui encapsule l&rsquo;essence du folklore espagnol, id\u00e9al pour donner une touche vibrante \u00e0 n&rsquo;importe quelle table. Avec un design color\u00e9 et charmant, il pr\u00e9sente une sc\u00e8ne typique d&rsquo;un patio andalou, o\u00f9 une danseuse v\u00eatue d&rsquo;une robe rouge vibrante danse joyeusement aux c\u00f4t\u00e9s d&rsquo;un homme en costume de flamenco. Entour\u00e9s de pots de fleurs fleuris, avec les tons brillants des g\u00e9raniums, chaque d\u00e9tail peint \u00e0 la main se distingue avec pr\u00e9cision, \u00e9voquant l&rsquo;esprit festif des f\u00eates et traditions locales.<\/p>\n<p>Le bord tiss\u00e9 en rouge n&rsquo;ajoute pas seulement une finition distinctive, il souligne \u00e9galement l&rsquo;authenticit\u00e9 de ce souvenir, en faisant un excellent rappel de l&rsquo;Espagne. Ce dessous de plat n&rsquo;est pas seulement fonctionnel, il honore \u00e9galement la riche culture espagnole, refl\u00e9tant la chaleur et le mode de vie andalou, parfait pour ceux qui souhaitent emporter un morceau de cette tradition chez eux.<\/p>\n<p>Chez Ol\u00e9 Mosaic, nous nous sp\u00e9cialisons dans la distribution de souvenirs en gros, et ce dessous de plat en c\u00e9ramique est une option id\u00e9ale pour les boutiques de cadeaux touristiques. Avec son design attrayant et sa connexion culturelle, c&rsquo;est un cadeau m\u00e9morable qui incarne l&rsquo;essence des souvenirs espagnols, garantissant qualit\u00e9 et authenticit\u00e9.<\/p>\n","protected":false},"excerpt":{"rendered":"<p>Dessous de plat en c\u00e9ramique au design color\u00e9 capturant l&rsquo;essence du folklore espagnol. Ce produit pr\u00e9sente une charmante sc\u00e8ne de patio andalou, o\u00f9 une danseuse v\u00eatue d&rsquo;une robe rouge vibrante et un homme en costume de flamenco dansent joyeusement parmi des pots de g\u00e9raniums. Les d\u00e9tails peints \u00e0 la main, ainsi qu&rsquo;un bord tiss\u00e9 en rouge, apportent une touche distinctive et authentique, id\u00e9ale pour rehausser n&rsquo;importe quelle table avec un style espagnol.<\/p>\n","protected":false},"featured_media":8514,"template":"","meta":{"_acf_changed":false},"product_brand":[],"product_cat":[827],"product_tag":[585],"class_list":{"0":"post-32538","1":"product","2":"type-product","3":"status-publish","4":"has-post-thumbnail","6":"product_cat-dessous-de-plat","7":"product_tag-ceramique","8":"pa_motivo-cours-interieures","10":"first","11":"instock","12":"shipping-taxable","13":"product-type-simple"},"acf":[],"_links":{"self":[{"href":"https:\/\/olemosaic.orbitalia.org\/fr\/wp-json\/wp\/v2\/product\/32538","targetHints":{"allow":["GET"]}}],"collection":[{"href":"https:\/\/olemosaic.orbitalia.org\/fr\/wp-json\/wp\/v2\/product"}],"about":[{"href":"https:\/\/olemosaic.orbitalia.org\/fr\/wp-json\/wp\/v2\/types\/product"}],"wp:featuredmedia":[{"embeddable":true,"href":"https:\/\/olemosaic.orbitalia.org\/fr\/wp-json\/wp\/v2\/media\/8514"}],"wp:attachment":[{"href":"https:\/\/olemosaic.orbitalia.org\/fr\/wp-json\/wp\/v2\/media?parent=32538"}],"wp:term":[{"taxonomy":"product_brand","embeddable":true,"href":"https:\/\/olemosaic.orbitalia.org\/fr\/wp-json\/wp\/v2\/product_brand?post=32538"},{"taxonomy":"product_cat","embeddable":true,"href":"https:\/\/olemosaic.orbitalia.org\/fr\/wp-json\/wp\/v2\/product_cat?post=32538"},{"taxonomy":"product_tag","embeddable":true,"href":"https:\/\/olemosaic.orbitalia.org\/fr\/wp-json\/wp\/v2\/product_tag?post=32538"}],"curies":[{"name":"wp","href":"https:\/\/api.w.org\/{rel}","templated":true}]}}