{"id":32517,"date":"2025-02-20T23:34:23","date_gmt":"2025-02-20T22:34:23","guid":{"rendered":"https:\/\/olemosaic.orbitalia.org\/producto\/salvamanteles-de-ceramica-flamencos-azul\/"},"modified":"2025-07-25T18:46:49","modified_gmt":"2025-07-25T16:46:49","slug":"dessous-de-plat-en-ceramique-flamants-roses-bleu","status":"publish","type":"product","link":"https:\/\/olemosaic.orbitalia.org\/fr\/produit\/dessous-de-plat-en-ceramique-flamants-roses-bleu\/","title":{"rendered":"Dessous de plat en c\u00e9ramique. Flamants roses. Bleu."},"content":{"rendered":"<p>Ce dessous de plat en c\u00e9ramique, d\u00e9cor\u00e9 de flamants roses vibrants, est une pi\u00e8ce unique qui \u00e9voque l&rsquo;essence des paysages m\u00e9diterran\u00e9ens. Avec un design qui se distingue par sa mosa\u00efque dans des tons bleus, repr\u00e9sentant les eaux cristallines de la mer, le dessous de plat pr\u00e9sente des flamants roses, symbolisant la beaut\u00e9 et la faune typique de la c\u00f4te espagnole. Les d\u00e9tails en rouge qui entourent les flamants ajoutent une touche artistique et distinctive, faisant de cette pi\u00e8ce un v\u00e9ritable objet d&rsquo;admiration. Chaque dessous de plat est peint \u00e0 la main, ce qui garantit la singularit\u00e9 et la qualit\u00e9 de chaque unit\u00e9, soulignant le d\u00e9vouement des artisans dans son \u00e9laboration.<\/p>\n<p>Ce dessous de plat n&rsquo;est pas seulement fonctionnel, con\u00e7u pour prot\u00e9ger les surfaces tout en ajoutant une touche d\u00e9corative, mais c&rsquo;est aussi une pi\u00e8ce ma\u00eetresse pour sublimer les tables en toute occasion, \u00e9tant id\u00e9al aussi bien pour un usage quotidien que pour des \u00e9v\u00e9nements sp\u00e9ciaux. Son lien culturel r\u00e9side dans la repr\u00e9sentation des flamants roses, un symbole caract\u00e9ristique de nombreuses r\u00e9gions c\u00f4ti\u00e8res d&rsquo;Espagne, \u00e9voquant la joie et la lumi\u00e8re de l&rsquo;\u00e9t\u00e9.<\/p>\n<p>Chez Ol\u00e9 Mosaic, nous sommes fiers de proposer des souvenirs authentiques et repr\u00e9sentatifs, et ce dessous de plat en c\u00e9ramique est une excellente option pour les boutiques de cadeaux touristiques \u00e0 la recherche de produits distinctifs et de qualit\u00e9. En tant que distributeurs de souvenirs, nous garantissons que chaque article refl\u00e8te la richesse culturelle et l&rsquo;art de l&rsquo;Espagne, faisant de ce dessous de plat un souvenir parfait pour les touristes qui souhaitent emporter un morceau de la beaut\u00e9 m\u00e9diterran\u00e9enne.<\/p>\n","protected":false},"excerpt":{"rendered":"<p>Dessous de plat en c\u00e9ramique d\u00e9cor\u00e9 de flamants roses vibrants, \u00e9voquant l&rsquo;essence des paysages m\u00e9diterran\u00e9ens. Son design pr\u00e9sente une mosa\u00efque dans des tons bleus, compl\u00e9t\u00e9e par des flamants roses et des d\u00e9tails rouges qui lui donnent une touche artistique et distinctive. Chaque pi\u00e8ce semble \u00eatre peinte \u00e0 la main, garantissant singularit\u00e9 et qualit\u00e9. Cet article, en plus d&rsquo;\u00eatre fonctionnel, est une pi\u00e8ce d\u00e9corative remarquable, id\u00e9ale pour sublimer les tables en toute occasion et rappeler la beaut\u00e9 de la c\u00f4te espagnole.<\/p>\n","protected":false},"featured_media":8658,"template":"","meta":{"_acf_changed":false},"product_brand":[],"product_cat":[827],"product_tag":[530,585],"class_list":{"0":"post-32517","1":"product","2":"type-product","3":"status-publish","4":"has-post-thumbnail","6":"product_cat-dessous-de-plat","7":"product_tag-animaux","8":"product_tag-ceramique","9":"pa_motivo-flamants-roses","11":"first","12":"instock","13":"shipping-taxable","14":"product-type-simple"},"acf":[],"_links":{"self":[{"href":"https:\/\/olemosaic.orbitalia.org\/fr\/wp-json\/wp\/v2\/product\/32517","targetHints":{"allow":["GET"]}}],"collection":[{"href":"https:\/\/olemosaic.orbitalia.org\/fr\/wp-json\/wp\/v2\/product"}],"about":[{"href":"https:\/\/olemosaic.orbitalia.org\/fr\/wp-json\/wp\/v2\/types\/product"}],"wp:featuredmedia":[{"embeddable":true,"href":"https:\/\/olemosaic.orbitalia.org\/fr\/wp-json\/wp\/v2\/media\/8658"}],"wp:attachment":[{"href":"https:\/\/olemosaic.orbitalia.org\/fr\/wp-json\/wp\/v2\/media?parent=32517"}],"wp:term":[{"taxonomy":"product_brand","embeddable":true,"href":"https:\/\/olemosaic.orbitalia.org\/fr\/wp-json\/wp\/v2\/product_brand?post=32517"},{"taxonomy":"product_cat","embeddable":true,"href":"https:\/\/olemosaic.orbitalia.org\/fr\/wp-json\/wp\/v2\/product_cat?post=32517"},{"taxonomy":"product_tag","embeddable":true,"href":"https:\/\/olemosaic.orbitalia.org\/fr\/wp-json\/wp\/v2\/product_tag?post=32517"}],"curies":[{"name":"wp","href":"https:\/\/api.w.org\/{rel}","templated":true}]}}