{"id":32516,"date":"2025-02-20T22:34:23","date_gmt":"2025-02-20T22:34:23","guid":{"rendered":"https:\/\/olemosaic.orbitalia.org\/producto\/salvamanteles-de-ceramica-flores\/"},"modified":"2025-07-25T18:43:49","modified_gmt":"2025-07-25T16:43:49","slug":"dessous-de-plat-en-ceramique-fleurs","status":"publish","type":"product","link":"https:\/\/olemosaic.orbitalia.org\/fr\/produit\/dessous-de-plat-en-ceramique-fleurs\/","title":{"rendered":"Dessous de plat en c\u00e9ramique. Fleurs."},"content":{"rendered":"<p>Ce dessous de plat en c\u00e9ramique, d\u00e9cor\u00e9 d&rsquo;un motif floral vibrant de style mosa\u00efque, est un joyau artisanal qui capture l&rsquo;essence de l&rsquo;art espagnol. Avec un fond noir qui rehausse les couleurs des fleurs dans des tons de rouge, jaune, bleu et vert, cet accessoire est parfait pour sublimer n&rsquo;importe quelle table, apportant une touche joyeuse et artistique. Chaque fleur a \u00e9t\u00e9 soigneusement \u00e9labor\u00e9e, montrant la ma\u00eetrise de la technique traditionnelle employ\u00e9e dans sa fabrication. Le bord tress\u00e9 offre non seulement de la r\u00e9sistance, mais ajoute \u00e9galement une touche distinctive et \u00e9l\u00e9gante au design.<\/p>\n<p>Ce dessous de plat est plus qu&rsquo;un simple objet fonctionnel ; c&rsquo;est un authentique souvenir qui repr\u00e9sente l&rsquo;art et la culture de l&rsquo;Espagne. La tradition de la mosa\u00efque a des racines profondes dans les diverses r\u00e9gions du pays, \u00e9voquant l&rsquo;h\u00e9ritage culturel qui se refl\u00e8te dans chaque d\u00e9tail de cette pi\u00e8ce. Les touristes \u00e0 la recherche de souvenirs authentiques de leur visite en Espagne trouveront dans ce dessous de plat un excellent souvenir qui r\u00e9sume les couleurs et la joie du paysage ib\u00e9rique.<\/p>\n<p>Chez Ol\u00e9 Mosaic, nous nous consacrons \u00e0 la distribution de souvenirs en gros, offrant une s\u00e9lection soign\u00e9e d&rsquo;articles authentiques qui c\u00e9l\u00e8brent la riche tradition espagnole. Ce dessous de plat en c\u00e9ramique est un choix id\u00e9al pour les boutiques de cadeaux touristiques qui souhaitent proposer des produits de qualit\u00e9 et de signification culturelle. En tant que grossistes de souvenirs, nous garantissons l&rsquo;authenticit\u00e9 et l&rsquo;artisanat de chacune de nos pi\u00e8ces.<\/p>\n","protected":false},"excerpt":{"rendered":"<p>Dessous de plat en c\u00e9ramique d\u00e9cor\u00e9 d&rsquo;un motif floral vibrant de style mosa\u00efque. Cet accessoire color\u00e9 pr\u00e9sente une vari\u00e9t\u00e9 de fleurs dans des tons de rouge, jaune, bleu et vert sur un fond noir qui rehausse sa beaut\u00e9. La c\u00e9ramique a \u00e9t\u00e9 \u00e9labor\u00e9e selon une technique traditionnelle, et le dessous de plat dispose d&rsquo;un bord tress\u00e9 qui apporte r\u00e9sistance et une touche distinctive. Id\u00e9al pour donner une touche joyeuse \u00e0 n&rsquo;importe quelle table, ce dessous de plat est un reflet de l&rsquo;art et de la culture espagnole.<\/p>\n","protected":false},"featured_media":8927,"template":"","meta":{"_acf_changed":false},"product_brand":[],"product_cat":[827],"product_tag":[585],"class_list":{"0":"post-32516","1":"product","2":"type-product","3":"status-publish","4":"has-post-thumbnail","6":"product_cat-dessous-de-plat","7":"product_tag-ceramique","8":"pa_motivo-fleurs","10":"first","11":"instock","12":"shipping-taxable","13":"product-type-simple"},"acf":[],"_links":{"self":[{"href":"https:\/\/olemosaic.orbitalia.org\/fr\/wp-json\/wp\/v2\/product\/32516","targetHints":{"allow":["GET"]}}],"collection":[{"href":"https:\/\/olemosaic.orbitalia.org\/fr\/wp-json\/wp\/v2\/product"}],"about":[{"href":"https:\/\/olemosaic.orbitalia.org\/fr\/wp-json\/wp\/v2\/types\/product"}],"wp:featuredmedia":[{"embeddable":true,"href":"https:\/\/olemosaic.orbitalia.org\/fr\/wp-json\/wp\/v2\/media\/8927"}],"wp:attachment":[{"href":"https:\/\/olemosaic.orbitalia.org\/fr\/wp-json\/wp\/v2\/media?parent=32516"}],"wp:term":[{"taxonomy":"product_brand","embeddable":true,"href":"https:\/\/olemosaic.orbitalia.org\/fr\/wp-json\/wp\/v2\/product_brand?post=32516"},{"taxonomy":"product_cat","embeddable":true,"href":"https:\/\/olemosaic.orbitalia.org\/fr\/wp-json\/wp\/v2\/product_cat?post=32516"},{"taxonomy":"product_tag","embeddable":true,"href":"https:\/\/olemosaic.orbitalia.org\/fr\/wp-json\/wp\/v2\/product_tag?post=32516"}],"curies":[{"name":"wp","href":"https:\/\/api.w.org\/{rel}","templated":true}]}}