{"id":32514,"date":"2025-02-20T23:34:22","date_gmt":"2025-02-20T22:34:22","guid":{"rendered":"https:\/\/olemosaic.orbitalia.org\/producto\/salvamanteles-de-ceramica-gato-mallorca\/"},"modified":"2025-07-25T19:58:10","modified_gmt":"2025-07-25T17:58:10","slug":"dessous-de-plat-ceramique-chat-majorque","status":"publish","type":"product","link":"https:\/\/olemosaic.orbitalia.org\/fr\/produit\/dessous-de-plat-ceramique-chat-majorque\/","title":{"rendered":"Dessous de plat en c\u00e9ramique. Chat. Majorque."},"content":{"rendered":"<p>Ce dessous de plat en c\u00e9ramique, d\u00e9cor\u00e9 de chats charmants, est une pi\u00e8ce artistique qui capture la culture color\u00e9e de Majorque. Son design vibrant en mosa\u00efque pr\u00e9sente d&rsquo;adorables chats dans une diversit\u00e9 de teintes, telles que le rouge, le bleu, le vert et le jaune, entrelac\u00e9s avec des papillons d\u00e9licieusement illustr\u00e9s, cr\u00e9ant un effet visuel captivant qui embellit n&rsquo;importe quelle table. La finition en c\u00e9ramique du dessous de plat apporte non seulement une touche d\u00e9corative et joyeuse, mais le rend \u00e9galement fonctionnel, prot\u00e9geant les surfaces de la chaleur tout en servant de point focal attrayant dans la d\u00e9coration int\u00e9rieure.<\/p>\n<p>La connexion culturelle de ce produit r\u00e9side dans la tradition majorquine de fabrication de c\u00e9ramiques \u00e0 effet peint \u00e0 la main, soulignant la richesse de l&rsquo;art populaire de la r\u00e9gion. Les chats, symboles de compagnie dans de nombreuses cultures, ajoutent un \u00e9l\u00e9ment ludique qui r\u00e9sonne dans la vie quotidienne des habitants de l&rsquo;\u00eele. Ce dessous de plat n&rsquo;est pas seulement un accessoire pratique, mais agit \u00e9galement comme un souvenir repr\u00e9sentatif de la diversit\u00e9 artistique et de la chaleur de Majorque.<\/p>\n<p>Chez Ol\u00e9 Mosaic, nous nous consacrons \u00e0 la distribution de souvenirs en gros, offrant ce dessous de plat comme une option id\u00e9ale pour les boutiques de cadeaux touristiques \u00e0 la recherche de produits authentiques et fonctionnels. Ce produit devient un souvenir parfait de Majorque, offrant \u00e0 la fois esth\u00e9tique et utilit\u00e9, et attirant ceux qui cherchent \u00e0 ramener un morceau de la culture espagnole chez eux.<\/p>\n","protected":false},"excerpt":{"rendered":"<p>Dessous de plat en c\u00e9ramique d\u00e9cor\u00e9 de chats sympathiques, inspir\u00e9 par la culture color\u00e9e de Majorque. Cet article pr\u00e9sente un design vibrant en mosa\u00efque, avec des chats dans des tons rouges, bleus, verts et jaunes, accompagn\u00e9s de papillons d\u00e9licieusement illustr\u00e9s. Le dessous de plat est id\u00e9al pour prot\u00e9ger les surfaces de la chaleur, et sa finition en c\u00e9ramique r\u00e9sistante le rend fonctionnel et d\u00e9coratif, constituant une option parfaite pour ajouter une touche artistique \u00e0 n&rsquo;importe quelle table.<\/p>\n","protected":false},"featured_media":8971,"template":"","meta":{"_acf_changed":false},"product_brand":[],"product_cat":[827],"product_tag":[530,585],"class_list":{"0":"post-32514","1":"product","2":"type-product","3":"status-publish","4":"has-post-thumbnail","6":"product_cat-dessous-de-plat","7":"product_tag-animaux","8":"product_tag-ceramique","9":"pa_ciudad-mallorca","10":"pa_motivo-chats","11":"pa_pais-espana","13":"first","14":"instock","15":"shipping-taxable","16":"product-type-simple"},"acf":[],"_links":{"self":[{"href":"https:\/\/olemosaic.orbitalia.org\/fr\/wp-json\/wp\/v2\/product\/32514","targetHints":{"allow":["GET"]}}],"collection":[{"href":"https:\/\/olemosaic.orbitalia.org\/fr\/wp-json\/wp\/v2\/product"}],"about":[{"href":"https:\/\/olemosaic.orbitalia.org\/fr\/wp-json\/wp\/v2\/types\/product"}],"wp:featuredmedia":[{"embeddable":true,"href":"https:\/\/olemosaic.orbitalia.org\/fr\/wp-json\/wp\/v2\/media\/8971"}],"wp:attachment":[{"href":"https:\/\/olemosaic.orbitalia.org\/fr\/wp-json\/wp\/v2\/media?parent=32514"}],"wp:term":[{"taxonomy":"product_brand","embeddable":true,"href":"https:\/\/olemosaic.orbitalia.org\/fr\/wp-json\/wp\/v2\/product_brand?post=32514"},{"taxonomy":"product_cat","embeddable":true,"href":"https:\/\/olemosaic.orbitalia.org\/fr\/wp-json\/wp\/v2\/product_cat?post=32514"},{"taxonomy":"product_tag","embeddable":true,"href":"https:\/\/olemosaic.orbitalia.org\/fr\/wp-json\/wp\/v2\/product_tag?post=32514"}],"curies":[{"name":"wp","href":"https:\/\/api.w.org\/{rel}","templated":true}]}}