{"id":32513,"date":"2025-02-20T23:34:22","date_gmt":"2025-02-20T22:34:22","guid":{"rendered":"https:\/\/olemosaic.orbitalia.org\/producto\/salvamanteles-de-ceramica-buhos-mallorca\/"},"modified":"2025-07-25T18:54:49","modified_gmt":"2025-07-25T16:54:49","slug":"dessous-de-plat-ceramique-hiboux-majorque","status":"publish","type":"product","link":"https:\/\/olemosaic.orbitalia.org\/fr\/produit\/dessous-de-plat-ceramique-hiboux-majorque\/","title":{"rendered":"Dessous de plat en c\u00e9ramique. Hiboux. Majorque."},"content":{"rendered":"<p>Ce dessous de plat en c\u00e9ramique d\u00e9cor\u00e9 de hiboux est une pi\u00e8ce unique qui c\u00e9l\u00e8bre la riche biodiversit\u00e9 de Majorque. Avec un fond bleu vibrant \u00e9voquant les eaux cristallines de l&rsquo;\u00eele, le dessous de plat pr\u00e9sente un magnifique design en mosa\u00efque, o\u00f9 les hiboux se d\u00e9tachent dans des tons jaunes, verts et oranges, entour\u00e9s de feuilles et de fleurs d\u00e9licates. Chaque d\u00e9tail est peint \u00e0 la main, ce qui souligne l&rsquo;artisanat et l&rsquo;authenticit\u00e9 de ce produit, qui sert \u00e0 la fois de dessous de plat fonctionnel et de pi\u00e8ce d\u00e9corative pour embellir n&rsquo;importe quelle table. La repr\u00e9sentation des hiboux, symboles de sagesse et de vigilance, ajoute une touche de folklore majorquin qui r\u00e9sonnera chez ceux qui appr\u00e9cient la culture locale. C&rsquo;est une excellente option de souvenir pour les touristes \u00e0 la recherche d&rsquo;objets authentiques capturant l&rsquo;essence de la nature majorquine. Chez Ol\u00e9 Mosaic, nous nous consacrons \u00e0 la distribution de c\u00e9ramique artisanale de haute qualit\u00e9 pour les boutiques de cadeaux touristiques, offrant des produits qui se distinguent par leur design et leur signification culturelle. Ce dessous de plat n&rsquo;est pas seulement un article pratique, mais aussi une fen\u00eatre sur la beaut\u00e9 et la tradition de Majorque, parfait pour tout amateur de c\u00e9ramique et d&rsquo;art local.<\/p>\n","protected":false},"excerpt":{"rendered":"<p>Dessous de plat en c\u00e9ramique d\u00e9cor\u00e9 de hiboux color\u00e9s, inspir\u00e9 par la biodiversit\u00e9 de Majorque. Cette pi\u00e8ce, au design artisanal peint \u00e0 la main, pr\u00e9sente un fond bleu vibrant qui fait ressortir les d\u00e9tails des hiboux dans des tons jaunes, verts et oranges, entour\u00e9s de feuilles et de fleurs. Avec un design en mosa\u00efque, ce dessous de plat est non seulement fonctionnel, mais aussi une pi\u00e8ce d\u00e9corative attrayante qui ajoute une touche de couleur et d&rsquo;authenticit\u00e9 \u00e0 n&rsquo;importe quelle table. Id\u00e9al pour les amateurs de c\u00e9ramique artisanale et de folklore majorquin.<\/p>\n","protected":false},"featured_media":8974,"template":"","meta":{"_acf_changed":false},"product_brand":[],"product_cat":[827],"product_tag":[530,585],"class_list":{"0":"post-32513","1":"product","2":"type-product","3":"status-publish","4":"has-post-thumbnail","6":"product_cat-dessous-de-plat","7":"product_tag-animaux","8":"product_tag-ceramique","9":"pa_ciudad-mallorca","10":"pa_motivo-hiboux","11":"pa_pais-espana","13":"first","14":"instock","15":"shipping-taxable","16":"product-type-simple"},"acf":[],"_links":{"self":[{"href":"https:\/\/olemosaic.orbitalia.org\/fr\/wp-json\/wp\/v2\/product\/32513","targetHints":{"allow":["GET"]}}],"collection":[{"href":"https:\/\/olemosaic.orbitalia.org\/fr\/wp-json\/wp\/v2\/product"}],"about":[{"href":"https:\/\/olemosaic.orbitalia.org\/fr\/wp-json\/wp\/v2\/types\/product"}],"wp:featuredmedia":[{"embeddable":true,"href":"https:\/\/olemosaic.orbitalia.org\/fr\/wp-json\/wp\/v2\/media\/8974"}],"wp:attachment":[{"href":"https:\/\/olemosaic.orbitalia.org\/fr\/wp-json\/wp\/v2\/media?parent=32513"}],"wp:term":[{"taxonomy":"product_brand","embeddable":true,"href":"https:\/\/olemosaic.orbitalia.org\/fr\/wp-json\/wp\/v2\/product_brand?post=32513"},{"taxonomy":"product_cat","embeddable":true,"href":"https:\/\/olemosaic.orbitalia.org\/fr\/wp-json\/wp\/v2\/product_cat?post=32513"},{"taxonomy":"product_tag","embeddable":true,"href":"https:\/\/olemosaic.orbitalia.org\/fr\/wp-json\/wp\/v2\/product_tag?post=32513"}],"curies":[{"name":"wp","href":"https:\/\/api.w.org\/{rel}","templated":true}]}}