{"id":32512,"date":"2025-02-20T23:34:22","date_gmt":"2025-02-20T22:34:22","guid":{"rendered":"https:\/\/olemosaic.orbitalia.org\/producto\/salvamanteles-de-ceramica-buhos-azul\/"},"modified":"2025-07-25T20:00:25","modified_gmt":"2025-07-25T18:00:25","slug":"dessous-de-plat-ceramique-hiboux-bleu","status":"publish","type":"product","link":"https:\/\/olemosaic.orbitalia.org\/fr\/produit\/dessous-de-plat-ceramique-hiboux-bleu\/","title":{"rendered":"Dessous de plat en c\u00e9ramique. Hiboux. Bleu."},"content":{"rendered":"<p>Ce dessous de plat en c\u00e9ramique, d\u00e9cor\u00e9 de joyeux hiboux, est une pi\u00e8ce vibrante qui illuminera n&rsquo;importe quelle table. Sur un fond bleu \u00e9clatant, cet objet de cuisine est orn\u00e9 d&rsquo;un charmant design en mosa\u00efque peint \u00e0 la main, o\u00f9 les hiboux sont perch\u00e9s sur une branche, entour\u00e9s de fleurs et de feuilles color\u00e9es qui refl\u00e8tent la joie de la nature. Chaque hibou, avec ses tons jaunes, verts et rouges, ajoute une touche festive qui \u00e9voque la riche tradition artisanale de l&rsquo;Espagne.<\/p>\n<p>La base en c\u00e9ramique garantit durabilit\u00e9 et r\u00e9sistance \u00e0 la chaleur, faisant de ce dessous de plat une option pratique et \u00e9l\u00e9gante pour n&rsquo;importe quel foyer. Son bord tress\u00e9 de couleur rouge ne met pas seulement en valeur son design, mais apporte \u00e9galement un d\u00e9tail sp\u00e9cial qui le distingue comme un souvenir authentique. Ce dessous de plat n&rsquo;est pas seulement fonctionnel, il agit comme un beau rappel de la sagesse et du symbolisme des hiboux dans de nombreuses cultures, repr\u00e9sentant la connexion avec la nature et la cr\u00e9ativit\u00e9.<\/p>\n<p>Chez Ol\u00e9 Mosaic, nous proposons ce charmant dessous de plat en c\u00e9ramique comme une excellente option pour les touristes \u00e0 la recherche de souvenirs uniques et repr\u00e9sentatifs de la culture espagnole. Son design color\u00e9 et joyeux en fait un cadeau parfait pour ceux qui souhaitent ramener un petit morceau de tradition et de folklore chez eux. En tant que grossistes en c\u00e9ramique et souvenirs, nous assurons des produits artisanaux authentiques qui c\u00e9l\u00e8brent l&rsquo;h\u00e9ritage culturel de l&rsquo;Espagne, id\u00e9aux pour les boutiques de cadeaux touristiques \u00e0 la recherche d&rsquo;offres distinctives et de qualit\u00e9.<\/p>\n","protected":false},"excerpt":{"rendered":"<p>Dessous de plat en c\u00e9ramique d\u00e9cor\u00e9 de joyeux hiboux sur un fond bleu vibrant. Cet objet de cuisine color\u00e9 pr\u00e9sente un design en mosa\u00efque artisanal, peint \u00e0 la main, o\u00f9 les hiboux, entour\u00e9s de branches et de fleurs, apportent une touche festive et charmante. La base en c\u00e9ramique assure la durabilit\u00e9, tandis que son bord tress\u00e9 rouge ajoute un d\u00e9tail sp\u00e9cial. Id\u00e9al pour ajouter une touche de folklore et de chaleur \u00e0 votre table, \u00e9voquant la tradition artisanale.<\/p>\n","protected":false},"featured_media":8656,"template":"","meta":{"_acf_changed":false},"product_brand":[],"product_cat":[827],"product_tag":[530,585],"class_list":{"0":"post-32512","1":"product","2":"type-product","3":"status-publish","4":"has-post-thumbnail","6":"product_cat-dessous-de-plat","7":"product_tag-animaux","8":"product_tag-ceramique","9":"pa_motivo-hiboux","11":"first","12":"instock","13":"shipping-taxable","14":"product-type-simple"},"acf":[],"_links":{"self":[{"href":"https:\/\/olemosaic.orbitalia.org\/fr\/wp-json\/wp\/v2\/product\/32512","targetHints":{"allow":["GET"]}}],"collection":[{"href":"https:\/\/olemosaic.orbitalia.org\/fr\/wp-json\/wp\/v2\/product"}],"about":[{"href":"https:\/\/olemosaic.orbitalia.org\/fr\/wp-json\/wp\/v2\/types\/product"}],"wp:featuredmedia":[{"embeddable":true,"href":"https:\/\/olemosaic.orbitalia.org\/fr\/wp-json\/wp\/v2\/media\/8656"}],"wp:attachment":[{"href":"https:\/\/olemosaic.orbitalia.org\/fr\/wp-json\/wp\/v2\/media?parent=32512"}],"wp:term":[{"taxonomy":"product_brand","embeddable":true,"href":"https:\/\/olemosaic.orbitalia.org\/fr\/wp-json\/wp\/v2\/product_brand?post=32512"},{"taxonomy":"product_cat","embeddable":true,"href":"https:\/\/olemosaic.orbitalia.org\/fr\/wp-json\/wp\/v2\/product_cat?post=32512"},{"taxonomy":"product_tag","embeddable":true,"href":"https:\/\/olemosaic.orbitalia.org\/fr\/wp-json\/wp\/v2\/product_tag?post=32512"}],"curies":[{"name":"wp","href":"https:\/\/api.w.org\/{rel}","templated":true}]}}