{"id":32511,"date":"2025-02-20T22:34:22","date_gmt":"2025-02-20T22:34:22","guid":{"rendered":"https:\/\/olemosaic.orbitalia.org\/producto\/salvamanteles-de-ceramica-valencia\/"},"modified":"2025-07-25T18:49:31","modified_gmt":"2025-07-25T16:49:31","slug":"dessous-de-plat-ceramique-valence","status":"publish","type":"product","link":"https:\/\/olemosaic.orbitalia.org\/fr\/produit\/dessous-de-plat-ceramique-valence\/","title":{"rendered":"Dessous de plat en c\u00e9ramique. Valence."},"content":{"rendered":"<p>Ce dessous de plat en c\u00e9ramique de Valence est une pi\u00e8ce vibrante et fonctionnelle qui capture l&rsquo;essence de la ville m\u00e9diterran\u00e9enne dans chaque d\u00e9tail. D\u00e9cor\u00e9 d&rsquo;illustrations embl\u00e9matiques de la c\u00e9l\u00e8bre Cit\u00e9 des Arts et des Sciences, ainsi que de la vieille ville, le design pr\u00e9sente une palette de couleurs \u00e9clatantes, avec des jaunes lumineux, des bleus intenses et des rouges vibrants, qui \u00e9voquent la chaleur et le dynamisme de Valence. Le bord tress\u00e9 ajoute une touche artisanale, faisant de ce dessous de plat une pi\u00e8ce d\u00e9corative id\u00e9ale pour n&rsquo;importe quelle table, que ce soit \u00e0 la maison ou dans un cadre commercial.<\/p>\n<p>La connexion culturelle de ce dessous de plat va au-del\u00e0 de son esth\u00e9tique ; c&rsquo;est un hommage au riche h\u00e9ritage artistique et architectural de Valence. Les touristes \u00e0 la recherche de souvenirs authentiques appr\u00e9cieront non seulement sa fonctionnalit\u00e9, mais aussi sa capacit\u00e9 \u00e0 rappeler un voyage inoubliable dans cette ville merveilleuse. Chez Ol\u00e9 Mosaic, nous sommes fiers de proposer des produits qui refl\u00e8tent la diversit\u00e9 et le c\u0153ur de l&rsquo;Espagne, et ce dessous de plat est une excellente option pour les boutiques de cadeaux touristiques \u00e0 la recherche d&rsquo;articles de qualit\u00e9 et d&rsquo;une grande pertinence culturelle. En tant que grossistes de souvenirs en c\u00e9ramique, nous garantissons l&rsquo;authenticit\u00e9 et la beaut\u00e9 de chacune de nos pi\u00e8ces.<\/p>\n","protected":false},"excerpt":{"rendered":"<p>Dessous de plat en c\u00e9ramique au design vibrant capturant l&rsquo;essence de Valence. Ce produit pr\u00e9sente des illustrations embl\u00e9matiques de la ville, telles que la Cit\u00e9 des Arts et des Sciences et la vieille ville, dans une palette de couleurs \u00e9clatantes comprenant des jaunes, des bleus et des rouges. Agr\u00e9ment\u00e9 d&rsquo;un bord tress\u00e9, ce dessous de plat est non seulement fonctionnel, mais aussi une pi\u00e8ce d\u00e9corative id\u00e9ale pour apporter une touche culturelle \u00e0 n&rsquo;importe quelle table.<\/p>\n","protected":false},"featured_media":9898,"template":"","meta":{"_acf_changed":false},"product_brand":[],"product_cat":[827],"product_tag":[585],"class_list":{"0":"post-32511","1":"product","2":"type-product","3":"status-publish","4":"has-post-thumbnail","6":"product_cat-dessous-de-plat","7":"product_tag-ceramique","8":"pa_ciudad-valencia","9":"pa_pais-espana","11":"first","12":"instock","13":"shipping-taxable","14":"product-type-simple"},"acf":[],"_links":{"self":[{"href":"https:\/\/olemosaic.orbitalia.org\/fr\/wp-json\/wp\/v2\/product\/32511","targetHints":{"allow":["GET"]}}],"collection":[{"href":"https:\/\/olemosaic.orbitalia.org\/fr\/wp-json\/wp\/v2\/product"}],"about":[{"href":"https:\/\/olemosaic.orbitalia.org\/fr\/wp-json\/wp\/v2\/types\/product"}],"wp:featuredmedia":[{"embeddable":true,"href":"https:\/\/olemosaic.orbitalia.org\/fr\/wp-json\/wp\/v2\/media\/9898"}],"wp:attachment":[{"href":"https:\/\/olemosaic.orbitalia.org\/fr\/wp-json\/wp\/v2\/media?parent=32511"}],"wp:term":[{"taxonomy":"product_brand","embeddable":true,"href":"https:\/\/olemosaic.orbitalia.org\/fr\/wp-json\/wp\/v2\/product_brand?post=32511"},{"taxonomy":"product_cat","embeddable":true,"href":"https:\/\/olemosaic.orbitalia.org\/fr\/wp-json\/wp\/v2\/product_cat?post=32511"},{"taxonomy":"product_tag","embeddable":true,"href":"https:\/\/olemosaic.orbitalia.org\/fr\/wp-json\/wp\/v2\/product_tag?post=32511"}],"curies":[{"name":"wp","href":"https:\/\/api.w.org\/{rel}","templated":true}]}}