{"id":32510,"date":"2025-02-20T22:34:22","date_gmt":"2025-02-20T22:34:22","guid":{"rendered":"https:\/\/olemosaic.orbitalia.org\/producto\/salvamanteles-de-ceramica-toros-sevilla\/"},"modified":"2025-07-25T18:39:27","modified_gmt":"2025-07-25T16:39:27","slug":"dessous-de-plat-ceramique-taureaux-seville","status":"publish","type":"product","link":"https:\/\/olemosaic.orbitalia.org\/fr\/produit\/dessous-de-plat-ceramique-taureaux-seville\/","title":{"rendered":"Dessous de plat en c\u00e9ramique. Taureaux. S\u00e9ville."},"content":{"rendered":"<p>Ce dessous de plat en c\u00e9ramique aux motifs taurins est une v\u00e9ritable repr\u00e9sentation de l&rsquo;esprit de la tauromachie, profond\u00e9ment enracin\u00e9e dans la culture espagnole, et particuli\u00e8rement \u00e0 S\u00e9ville. Il pr\u00e9sente un design en mosa\u00efque vibrant qui met en valeur des taureaux dans des tons rouges et verts intenses, symbolisant la force et le caract\u00e8re de ces animaux embl\u00e9matiques. Les taureaux sont entour\u00e9s de motifs floraux, qui ajoutent une touche d&rsquo;\u00e9l\u00e9gance et de fra\u00eecheur \u00e0 l&rsquo;ensemble. La c\u00e9ramique, avec sa finition polie, est non seulement attrayante visuellement, mais garantit \u00e9galement durabilit\u00e9 et r\u00e9sistance pour un usage quotidien.<\/p>\n<p>Le bord en corde rouge qui encadre la pi\u00e8ce apporte une finition artistique et distinctive, transformant ce dessous de plat en un \u00e9l\u00e9ment d\u00e9coratif qui attire l&rsquo;attention et rehausse n&rsquo;importe quelle table. Id\u00e9al pour ceux qui recherchent un souvenir authentique et repr\u00e9sentatif de S\u00e9ville, ce produit est un rappel tangible du riche h\u00e9ritage culturel espagnol. Que ce soit pour une collection ou comme cadeau, ce dessous de plat est parfait pour ceux qui souhaitent ramener un petit morceau de la culture andalouse chez eux. Chez Ol\u00e9 Mosaic, nous sommes des distributeurs de souvenirs en gros et nous proposons des pi\u00e8ces qui se distinguent par leur authenticit\u00e9 et leur connexion culturelle. Ce dessous de plat en c\u00e9ramique n&rsquo;est pas seulement fonctionnel, il c\u00e9l\u00e8bre \u00e9galement la tradition et la passion pour la tauromachie, ce qui en fait une excellente option pour les boutiques de cadeaux touristiques \u00e0 la recherche de produits de qualit\u00e9.<\/p>\n","protected":false},"excerpt":{"rendered":"<p>Dessous de plat en c\u00e9ramique aux motifs taurins, repr\u00e9sentant l&rsquo;esprit de la tauromachie s\u00e9villane. Ce dessous de plat attrayant pr\u00e9sente un design color\u00e9 en mosa\u00efque, avec des taureaux vibrants en rouge et vert, entour\u00e9s de motifs floraux. D\u00e9cor\u00e9 d&rsquo;un bord en corde rouge, il allie fonctionnalit\u00e9 et style artistique. Parfait pour apporter une touche espagnole \u00e0 votre table et c\u00e9l\u00e9brer la culture s\u00e9villane.<\/p>\n","protected":false},"featured_media":8146,"template":"","meta":{"_acf_changed":false},"product_brand":[],"product_cat":[827],"product_tag":[530,585],"class_list":{"0":"post-32510","1":"product","2":"type-product","3":"status-publish","4":"has-post-thumbnail","6":"product_cat-dessous-de-plat","7":"product_tag-animaux","8":"product_tag-ceramique","9":"pa_ciudad-sevilla","10":"pa_motivo-taureaux","11":"pa_pais-espana","13":"first","14":"instock","15":"shipping-taxable","16":"product-type-simple"},"acf":[],"_links":{"self":[{"href":"https:\/\/olemosaic.orbitalia.org\/fr\/wp-json\/wp\/v2\/product\/32510","targetHints":{"allow":["GET"]}}],"collection":[{"href":"https:\/\/olemosaic.orbitalia.org\/fr\/wp-json\/wp\/v2\/product"}],"about":[{"href":"https:\/\/olemosaic.orbitalia.org\/fr\/wp-json\/wp\/v2\/types\/product"}],"wp:featuredmedia":[{"embeddable":true,"href":"https:\/\/olemosaic.orbitalia.org\/fr\/wp-json\/wp\/v2\/media\/8146"}],"wp:attachment":[{"href":"https:\/\/olemosaic.orbitalia.org\/fr\/wp-json\/wp\/v2\/media?parent=32510"}],"wp:term":[{"taxonomy":"product_brand","embeddable":true,"href":"https:\/\/olemosaic.orbitalia.org\/fr\/wp-json\/wp\/v2\/product_brand?post=32510"},{"taxonomy":"product_cat","embeddable":true,"href":"https:\/\/olemosaic.orbitalia.org\/fr\/wp-json\/wp\/v2\/product_cat?post=32510"},{"taxonomy":"product_tag","embeddable":true,"href":"https:\/\/olemosaic.orbitalia.org\/fr\/wp-json\/wp\/v2\/product_tag?post=32510"}],"curies":[{"name":"wp","href":"https:\/\/api.w.org\/{rel}","templated":true}]}}