{"id":32504,"date":"2025-02-20T23:34:22","date_gmt":"2025-02-20T22:34:22","guid":{"rendered":"https:\/\/olemosaic.orbitalia.org\/producto\/salvamanteles-de-ceramica-salamandra\/"},"modified":"2025-07-25T18:49:22","modified_gmt":"2025-07-25T16:49:22","slug":"dessous-de-plat-en-ceramique-salamandre","status":"publish","type":"product","link":"https:\/\/olemosaic.orbitalia.org\/fr\/produit\/dessous-de-plat-en-ceramique-salamandre\/","title":{"rendered":"Dessous-de-plat en c\u00e9ramique. Salamandre."},"content":{"rendered":"<p>Ce dessous-de-plat en c\u00e9ramique, orn\u00e9 d&rsquo;illustrations de salamandres, est une pi\u00e8ce charmante qui \u00e9voque le folklore espagnol. Sa mosa\u00efque color\u00e9e, aux tons vibrants de rouge, bleu, vert et noir, apporte une touche de joie et d&rsquo;authenticit\u00e9 \u00e0 n&rsquo;importe quelle table. Les salamandres, repr\u00e9sent\u00e9es dans diverses postures, sont entour\u00e9es de fleurs d\u00e9licates qui \u00e9voquent la beaut\u00e9 de la nature espagnole, transformant chaque repas en une c\u00e9l\u00e9bration de l&rsquo;art et de la culture locale.<\/p>\n<p>La c\u00e9ramique, \u00e0 l&rsquo;effet peint \u00e0 la main par des artisans experts, garantit non seulement un design unique, mais offre \u00e9galement une surface r\u00e9sistante et facile \u00e0 nettoyer, id\u00e9ale pour un usage quotidien. De plus, le ruban pratique qui l&rsquo;accompagne assure une manipulation confortable et attrayante, permettant d&rsquo;exposer cette pi\u00e8ce en toute occasion.<\/p>\n<p>Ce dessous-de-plat est bien plus qu&rsquo;un simple ustensile ; c&rsquo;est un souvenir repr\u00e9sentatif de la riche tradition culturelle espagnole, parfait pour les touristes \u00e0 la recherche de souvenirs authentiques refl\u00e9tant leur voyage. Chez Ol\u00e9 Mosaic, en tant que distributeurs de souvenirs en gros, nous proposons ce produit comme une excellente option pour les boutiques de cadeaux touristiques qui appr\u00e9cient l&rsquo;artisanat et l&rsquo;originalit\u00e9 dans leur s\u00e9lection. Id\u00e9al pour ceux qui recherchent un dessous-de-plat en c\u00e9ramique alliant fonctionnalit\u00e9 et esth\u00e9tique, devenant un sujet de conversation dans n&rsquo;importe quel foyer.<\/p>\n","protected":false},"excerpt":{"rendered":"<p>Dessous-de-plat en c\u00e9ramique d\u00e9cor\u00e9 d&rsquo;illustrations frappantes de salamandres. Cet accessoire charmant pr\u00e9sente une mosa\u00efque color\u00e9e avec des d\u00e9tails en rouge, bleu, vert et noir, entour\u00e9e de fleurs vibrantes qui \u00e9voquent le folklore espagnol. La c\u00e9ramique, au design artisanal peint \u00e0 la main, offre une surface r\u00e9sistante et facile \u00e0 nettoyer, id\u00e9ale pour donner une touche de couleur et d&rsquo;authenticit\u00e9 \u00e0 n&rsquo;importe quelle table. Compl\u00e9t\u00e9 par un ruban pratique, il allie fonctionnalit\u00e9 et esth\u00e9tique.<\/p>\n","protected":false},"featured_media":8652,"template":"","meta":{"_acf_changed":false},"product_brand":[],"product_cat":[827],"product_tag":[530,585],"class_list":{"0":"post-32504","1":"product","2":"type-product","3":"status-publish","4":"has-post-thumbnail","6":"product_cat-dessous-de-plat","7":"product_tag-animaux","8":"product_tag-ceramique","9":"pa_motivo-salamandres","11":"first","12":"instock","13":"shipping-taxable","14":"product-type-simple"},"acf":[],"_links":{"self":[{"href":"https:\/\/olemosaic.orbitalia.org\/fr\/wp-json\/wp\/v2\/product\/32504","targetHints":{"allow":["GET"]}}],"collection":[{"href":"https:\/\/olemosaic.orbitalia.org\/fr\/wp-json\/wp\/v2\/product"}],"about":[{"href":"https:\/\/olemosaic.orbitalia.org\/fr\/wp-json\/wp\/v2\/types\/product"}],"wp:featuredmedia":[{"embeddable":true,"href":"https:\/\/olemosaic.orbitalia.org\/fr\/wp-json\/wp\/v2\/media\/8652"}],"wp:attachment":[{"href":"https:\/\/olemosaic.orbitalia.org\/fr\/wp-json\/wp\/v2\/media?parent=32504"}],"wp:term":[{"taxonomy":"product_brand","embeddable":true,"href":"https:\/\/olemosaic.orbitalia.org\/fr\/wp-json\/wp\/v2\/product_brand?post=32504"},{"taxonomy":"product_cat","embeddable":true,"href":"https:\/\/olemosaic.orbitalia.org\/fr\/wp-json\/wp\/v2\/product_cat?post=32504"},{"taxonomy":"product_tag","embeddable":true,"href":"https:\/\/olemosaic.orbitalia.org\/fr\/wp-json\/wp\/v2\/product_tag?post=32504"}],"curies":[{"name":"wp","href":"https:\/\/api.w.org\/{rel}","templated":true}]}}