{"id":32501,"date":"2025-02-20T23:34:21","date_gmt":"2025-02-20T22:34:21","guid":{"rendered":"https:\/\/olemosaic.orbitalia.org\/producto\/mug-de-ceramica-flamenco-beige\/"},"modified":"2025-07-25T20:44:10","modified_gmt":"2025-07-25T18:44:10","slug":"mug-en-ceramique-flamant-rose-beige","status":"publish","type":"product","link":"https:\/\/olemosaic.orbitalia.org\/fr\/produit\/mug-en-ceramique-flamant-rose-beige\/","title":{"rendered":"Mug en c\u00e9ramique. Flamant rose. Beige."},"content":{"rendered":"<p>Ce mug romantique en c\u00e9ramique, d\u00e9cor\u00e9 d&rsquo;un design vibrant de flamants roses, est un souvenir id\u00e9al de l&rsquo;Andalousie qui capture l&rsquo;essence et la beaut\u00e9 de la riche nature du sud de l&rsquo;Espagne. Son int\u00e9rieur beige cr\u00e9e un contraste \u00e9l\u00e9gant avec l&rsquo;ext\u00e9rieur peint \u00e0 la main, o\u00f9 des flamants roses stylis\u00e9s, dans un charmant style mosa\u00efque, s&rsquo;entrelacent dans un environnement serein. Le cadre naturel qui entoure ces oiseaux majestueux comprend un fond rafra\u00eechissant d&rsquo;eau et de v\u00e9g\u00e9tation, \u00e9voquant la tranquillit\u00e9 des zones humides andalouses.<\/p>\n<p>Chaque d\u00e9tail du mug souligne le savoir-faire artisanal qui caract\u00e9rise les souvenirs de cette r\u00e9gion, en faisant une excellente option pour profiter de vos boissons pr\u00e9f\u00e9r\u00e9es tout en revivant la culture andalouse. Compl\u00e9tant sa beaut\u00e9, ce mug comprend une cuill\u00e8re en c\u00e9ramique dans un ton rouge captivant, int\u00e9gr\u00e9e harmonieusement au design du mug, qui attirera sans aucun doute l&rsquo;attention des touristes \u00e0 la recherche de souvenirs authentiques.<\/p>\n<p>Chez Ol\u00e9 Mosaic, nous sommes des distributeurs en gros de produits artisanaux, et ce mug de flamant rose est une pi\u00e8ce qui se distingue par son originalit\u00e9 et sa qualit\u00e9, id\u00e9ale pour les boutiques de cadeaux touristiques souhaitant proposer des souvenirs repr\u00e9sentatifs et \u00e9l\u00e9gants de l&rsquo;Andalousie.<\/p>\n","protected":false},"excerpt":{"rendered":"<p>Tasse en c\u00e9ramique d\u00e9cor\u00e9e d&rsquo;un design vibrant de flamants roses, inspir\u00e9e par la richesse naturelle de l&rsquo;Andalousie. Cette tasse a l&rsquo;int\u00e9rieur beige et l&rsquo;ext\u00e9rieur au design artisanal, peint \u00e0 la main, avec des flamants roses en style mosa\u00efque, sur un fond naturel avec de l&rsquo;eau et de la v\u00e9g\u00e9tation. Comprend une cuill\u00e8re en c\u00e9ramique rouge qui compl\u00e8te le charme du design. Id\u00e9ale pour profiter de vos boissons pr\u00e9f\u00e9r\u00e9es, \u00e9voquant l&rsquo;essence du sud de l&rsquo;Espagne.<\/p>\n","protected":false},"featured_media":7356,"template":"","meta":{"_acf_changed":false},"product_brand":[],"product_cat":[728],"product_tag":[530,585],"class_list":{"0":"post-32501","1":"product","2":"type-product","3":"status-publish","4":"has-post-thumbnail","6":"product_cat-mugs","7":"product_tag-animaux","8":"product_tag-ceramique","9":"pa_motivo-flamants-roses","11":"first","12":"instock","13":"shipping-taxable","14":"product-type-simple"},"acf":[],"_links":{"self":[{"href":"https:\/\/olemosaic.orbitalia.org\/fr\/wp-json\/wp\/v2\/product\/32501","targetHints":{"allow":["GET"]}}],"collection":[{"href":"https:\/\/olemosaic.orbitalia.org\/fr\/wp-json\/wp\/v2\/product"}],"about":[{"href":"https:\/\/olemosaic.orbitalia.org\/fr\/wp-json\/wp\/v2\/types\/product"}],"wp:featuredmedia":[{"embeddable":true,"href":"https:\/\/olemosaic.orbitalia.org\/fr\/wp-json\/wp\/v2\/media\/7356"}],"wp:attachment":[{"href":"https:\/\/olemosaic.orbitalia.org\/fr\/wp-json\/wp\/v2\/media?parent=32501"}],"wp:term":[{"taxonomy":"product_brand","embeddable":true,"href":"https:\/\/olemosaic.orbitalia.org\/fr\/wp-json\/wp\/v2\/product_brand?post=32501"},{"taxonomy":"product_cat","embeddable":true,"href":"https:\/\/olemosaic.orbitalia.org\/fr\/wp-json\/wp\/v2\/product_cat?post=32501"},{"taxonomy":"product_tag","embeddable":true,"href":"https:\/\/olemosaic.orbitalia.org\/fr\/wp-json\/wp\/v2\/product_tag?post=32501"}],"curies":[{"name":"wp","href":"https:\/\/api.w.org\/{rel}","templated":true}]}}