{"id":32500,"date":"2025-02-20T23:34:21","date_gmt":"2025-02-20T22:34:21","guid":{"rendered":"https:\/\/olemosaic.orbitalia.org\/producto\/libreta-de-80-hojas-salamandra-barcelona-3\/"},"modified":"2025-07-25T18:37:18","modified_gmt":"2025-07-25T16:37:18","slug":"carnet-de-80-feuilles-salamandre-barcelone-3","status":"publish","type":"product","link":"https:\/\/olemosaic.orbitalia.org\/fr\/produit\/carnet-de-80-feuilles-salamandre-barcelone-3\/","title":{"rendered":"Carnet de 80 feuilles. Salamandre. Mosa\u00efque. Barcelone."},"content":{"rendered":"<p>Ce carnet d\u00e9cor\u00e9, avec 80 feuilles, capture l&rsquo;essence vibrante de Barcelone gr\u00e2ce \u00e0 son illustration frappante d&rsquo;une salamandre. Le design se distingue par une salamandre color\u00e9e orn\u00e9e de motifs g\u00e9om\u00e9triques, inspir\u00e9s des mosa\u00efques embl\u00e9matiques de Gaud\u00ed qui embellissent la ville. Entour\u00e9 de fleurs dans les tons rouges et jaunes, le carnet pr\u00e9sente un fond clair qui fait ressortir les couleurs vives et la joie de l&rsquo;art moderniste qui caract\u00e9rise Barcelone.<\/p>\n<p>Avec une fermeture \u00e9lastique rouge pratique, ce carnet est id\u00e9al \u00e0 emporter dans son sac et parfait pour noter des id\u00e9es, des souvenirs ou m\u00eame des croquis. Sa taille compacte en fait une option polyvalente pour les touristes et les locaux, qui pourront l&rsquo;utiliser pour documenter leur exp\u00e9rience dans cette ville magique. Ce souvenir n&rsquo;est pas seulement un accessoire fonctionnel, mais un authentique souvenir de Barcelone, o\u00f9 la cr\u00e9ativit\u00e9 et la culture s&rsquo;entrelacent.<\/p>\n<p>Ol\u00e9 Mosaic se sp\u00e9cialise dans la distribution de souvenirs en gros, offrant des produits de qualit\u00e9 qui c\u00e9l\u00e8brent le patrimoine espagnol. Ce carnet est une excellente option pour les boutiques de cadeaux touristiques qui cherchent \u00e0 offrir \u00e0 leurs clients un souvenir unique et repr\u00e9sentatif de la riche culture de Barcelone, ce qui en fait un incontournable pour ceux qui visitent la ville.<\/p>\n","protected":false},"excerpt":{"rendered":"<p>Carnet de 80 feuilles d\u00e9cor\u00e9 d&rsquo;une illustration frappante d&rsquo;une salamandre, repr\u00e9sentant l&rsquo;essence de Barcelone. Le design montre une salamandre color\u00e9e avec des motifs g\u00e9om\u00e9triques inspir\u00e9s de la c\u00e9l\u00e8bre mosa\u00efque de Gaud\u00ed, entour\u00e9e de fleurs vibrantes dans les tons rouges et jaunes sur un fond clair. Il dispose d&rsquo;une fermeture \u00e9lastique rouge pratique, id\u00e9ale \u00e0 emporter dans n&rsquo;importe quel sac et parfaite pour noter vos id\u00e9es et souvenirs.<\/p>\n","protected":false},"featured_media":11646,"template":"","meta":{"_acf_changed":false},"product_brand":[],"product_cat":[806],"product_tag":[530],"class_list":{"0":"post-32500","1":"product","2":"type-product","3":"status-publish","4":"has-post-thumbnail","6":"product_cat-carnets","7":"product_tag-animaux","8":"pa_ciudad-barcelona","9":"pa_motivo-salamandres","10":"pa_pais-espana","12":"first","13":"instock","14":"shipping-taxable","15":"product-type-simple"},"acf":[],"_links":{"self":[{"href":"https:\/\/olemosaic.orbitalia.org\/fr\/wp-json\/wp\/v2\/product\/32500","targetHints":{"allow":["GET"]}}],"collection":[{"href":"https:\/\/olemosaic.orbitalia.org\/fr\/wp-json\/wp\/v2\/product"}],"about":[{"href":"https:\/\/olemosaic.orbitalia.org\/fr\/wp-json\/wp\/v2\/types\/product"}],"wp:featuredmedia":[{"embeddable":true,"href":"https:\/\/olemosaic.orbitalia.org\/fr\/wp-json\/wp\/v2\/media\/11646"}],"wp:attachment":[{"href":"https:\/\/olemosaic.orbitalia.org\/fr\/wp-json\/wp\/v2\/media?parent=32500"}],"wp:term":[{"taxonomy":"product_brand","embeddable":true,"href":"https:\/\/olemosaic.orbitalia.org\/fr\/wp-json\/wp\/v2\/product_brand?post=32500"},{"taxonomy":"product_cat","embeddable":true,"href":"https:\/\/olemosaic.orbitalia.org\/fr\/wp-json\/wp\/v2\/product_cat?post=32500"},{"taxonomy":"product_tag","embeddable":true,"href":"https:\/\/olemosaic.orbitalia.org\/fr\/wp-json\/wp\/v2\/product_tag?post=32500"}],"curies":[{"name":"wp","href":"https:\/\/api.w.org\/{rel}","templated":true}]}}