{"id":32489,"date":"2025-02-20T22:34:21","date_gmt":"2025-02-20T22:34:21","guid":{"rendered":"https:\/\/olemosaic.orbitalia.org\/producto\/libreta-de-80-hojas-salamandra-mallorca\/"},"modified":"2025-07-25T18:55:47","modified_gmt":"2025-07-25T16:55:47","slug":"carnet-de-80-feuilles-salamandre-majorque","status":"publish","type":"product","link":"https:\/\/olemosaic.orbitalia.org\/fr\/produit\/carnet-de-80-feuilles-salamandre-majorque\/","title":{"rendered":"Carnet de 80 feuilles. Salamandre. Majorque."},"content":{"rendered":"<p>Ce produit est un carnet d\u00e9cor\u00e9 d&rsquo;une illustration vibrante d&rsquo;une salamandre, un embl\u00e8me de la nature exub\u00e9rante de Majorque. Avec un total de 80 feuilles, il est id\u00e9al pour consigner pens\u00e9es, dessins ou notes de voyage. La couverture met en avant une salamandre aux couleurs \u00e9clatantes, orn\u00e9e d&rsquo;un design g\u00e9om\u00e9trique \u00e9voquant la technique traditionnelle de la mosa\u00efque, caract\u00e9ristique de la culture majorquine. Ce design fabuleux pr\u00e9sente non seulement un fond m\u00e9langeant des tons vibrants et des formes g\u00e9om\u00e9triques, mais incorpore \u00e9galement des fleurs color\u00e9es qui ajoutent une touche joyeuse et festive \u00e0 la pi\u00e8ce.<\/p>\n<p>La reliure du carnet est s\u00e9curis\u00e9e par une bande \u00e9lastique rouge, qui offre non seulement une touche d&rsquo;\u00e9l\u00e9gance, mais prot\u00e8ge \u00e9galement vos annotations, les gardant en s\u00e9curit\u00e9 et organis\u00e9es. Cet objet est plus qu&rsquo;un simple accessoire de papeterie ; c&rsquo;est un souvenir authentique et fonctionnel qui refl\u00e8te la beaut\u00e9 et l&rsquo;art de Majorque. Sa connexion avec la faune locale et son design artistique font de ce carnet un souvenir parfait pour ceux qui souhaitent emporter un morceau de la culture majorquine. Chez Ol\u00e9 Mosaic, nous proposons ce carnet comme une option id\u00e9ale pour les boutiques de cadeaux touristiques, soulignant l&rsquo;authenticit\u00e9 des souvenirs de Majorque et la qualit\u00e9 de chaque produit que nous distribuons en gros.<\/p>\n","protected":false},"excerpt":{"rendered":"<p>Carnet de 80 feuilles d\u00e9cor\u00e9 d&rsquo;une illustration vibrante d&rsquo;une salamandre, embl\u00e8me de la nature majorquine. Le design attrayant pr\u00e9sente un m\u00e9lange de couleurs \u00e9clatantes et de formes g\u00e9om\u00e9triques sur un fond de mosa\u00efque, compl\u00e9t\u00e9 par des fleurs color\u00e9es qui apportent une touche joyeuse. Sa reliure avec bande \u00e9lastique rouge garantit que vos notes sont toujours prot\u00e9g\u00e9es. Id\u00e9al pour ceux qui recherchent un souvenir authentique et fonctionnel de la beaut\u00e9 de Majorque.<\/p>\n","protected":false},"featured_media":12013,"template":"","meta":{"_acf_changed":false},"product_brand":[],"product_cat":[806],"product_tag":[530],"class_list":{"0":"post-32489","1":"product","2":"type-product","3":"status-publish","4":"has-post-thumbnail","6":"product_cat-carnets","7":"product_tag-animaux","8":"pa_ciudad-mallorca","9":"pa_motivo-salamandres","10":"pa_pais-espana","12":"first","13":"instock","14":"shipping-taxable","15":"product-type-simple"},"acf":[],"_links":{"self":[{"href":"https:\/\/olemosaic.orbitalia.org\/fr\/wp-json\/wp\/v2\/product\/32489","targetHints":{"allow":["GET"]}}],"collection":[{"href":"https:\/\/olemosaic.orbitalia.org\/fr\/wp-json\/wp\/v2\/product"}],"about":[{"href":"https:\/\/olemosaic.orbitalia.org\/fr\/wp-json\/wp\/v2\/types\/product"}],"wp:featuredmedia":[{"embeddable":true,"href":"https:\/\/olemosaic.orbitalia.org\/fr\/wp-json\/wp\/v2\/media\/12013"}],"wp:attachment":[{"href":"https:\/\/olemosaic.orbitalia.org\/fr\/wp-json\/wp\/v2\/media?parent=32489"}],"wp:term":[{"taxonomy":"product_brand","embeddable":true,"href":"https:\/\/olemosaic.orbitalia.org\/fr\/wp-json\/wp\/v2\/product_brand?post=32489"},{"taxonomy":"product_cat","embeddable":true,"href":"https:\/\/olemosaic.orbitalia.org\/fr\/wp-json\/wp\/v2\/product_cat?post=32489"},{"taxonomy":"product_tag","embeddable":true,"href":"https:\/\/olemosaic.orbitalia.org\/fr\/wp-json\/wp\/v2\/product_tag?post=32489"}],"curies":[{"name":"wp","href":"https:\/\/api.w.org\/{rel}","templated":true}]}}