{"id":32487,"date":"2025-02-20T23:34:20","date_gmt":"2025-02-20T22:34:20","guid":{"rendered":"https:\/\/olemosaic.orbitalia.org\/producto\/libreta-de-80-hojas-panoramica-bilbao-2\/"},"modified":"2025-07-25T18:44:26","modified_gmt":"2025-07-25T16:44:26","slug":"carnet-de-80-feuilles-panoramique-bilbao-2","status":"publish","type":"product","link":"https:\/\/olemosaic.orbitalia.org\/fr\/produit\/carnet-de-80-feuilles-panoramique-bilbao-2\/","title":{"rendered":"Carnet de 80 feuilles. Panoramique. Guggenheim. Bilbao."},"content":{"rendered":"<p>Ce produit est un carnet de 80 feuilles avec une vue panoramique vibrante de Bilbao, id\u00e9al pour ceux qui souhaitent consigner leurs pens\u00e9es et souvenirs dans un format attrayant et fonctionnel. Le design de la couverture pr\u00e9sente une illustration color\u00e9e inspir\u00e9e du paysage urbain iconique de cette ville basque embl\u00e9matique. Des \u00e9l\u00e9ments architecturaux tels que le c\u00e9l\u00e8bre mus\u00e9e Guggenheim se distinguent, ainsi que les grues caract\u00e9ristiques du port, le tout \u00e9labor\u00e9 avec une technique de mosa\u00efque qui rehausse la richesse visuelle et les nuances culturelles de Bilbao.<\/p>\n<p>Le carnet est d\u00e9cor\u00e9 de couleurs vives bleues et rouges qui \u00e9voquent l&rsquo;\u00e9nergie et le dynamisme de la ville, tandis que sa fermeture \u00e9lastique pratique garantit la s\u00e9curit\u00e9 de vos notes, en faisant un compagnon id\u00e9al au quotidien, que ce soit \u00e0 la maison, au bureau ou en voyage. Ce souvenir de Bilbao n&rsquo;est pas seulement un article fonctionnel, mais aussi une pi\u00e8ce qui c\u00e9l\u00e8bre l&rsquo;identit\u00e9 culturelle et architecturale de la r\u00e9gion, ce qui en fait le souvenir parfait pour les touristes cherchant \u00e0 emporter un morceau de l&rsquo;essence de Bilbao.<\/p>\n<p>Chez Ol\u00e9 Mosaic, nous sommes sp\u00e9cialis\u00e9s dans la distribution de souvenirs en gros, offrant des produits authentiques qui refl\u00e8tent la culture locale. Ce carnet de Bilbao est une excellente option pour les boutiques de cadeaux touristiques \u00e0 la recherche de produits de qualit\u00e9 au contenu visuel riche et attrayant. Avec notre s\u00e9lection, nous garantissons que chaque pi\u00e8ce se distingue par son design et sa pertinence culturelle.<\/p>\n","protected":false},"excerpt":{"rendered":"<p>Carnet de 80 feuilles avec une vue panoramique vibrante de Bilbao, parfait pour noter pens\u00e9es et souvenirs. Son design color\u00e9, inspir\u00e9 du paysage urbain iconique, pr\u00e9sente des \u00e9l\u00e9ments tels que l&rsquo;architecture du Guggenheim et les grues du port, avec une technique de mosa\u00efque qui souligne la richesse visuelle de la ville. La couverture, d\u00e9cor\u00e9e dans les tons bleus et rouges, dispose d&rsquo;une fermeture \u00e9lastique pratique, id\u00e9ale pour un usage quotidien.<\/p>\n","protected":false},"featured_media":11642,"template":"","meta":{"_acf_changed":false},"product_brand":[],"product_cat":[806],"product_tag":[],"class_list":{"0":"post-32487","1":"product","2":"type-product","3":"status-publish","4":"has-post-thumbnail","6":"product_cat-carnets","7":"pa_ciudad-bilbao","8":"pa_motivo-panoramas","9":"pa_pais-espana","11":"first","12":"instock","13":"shipping-taxable","14":"product-type-simple"},"acf":[],"_links":{"self":[{"href":"https:\/\/olemosaic.orbitalia.org\/fr\/wp-json\/wp\/v2\/product\/32487","targetHints":{"allow":["GET"]}}],"collection":[{"href":"https:\/\/olemosaic.orbitalia.org\/fr\/wp-json\/wp\/v2\/product"}],"about":[{"href":"https:\/\/olemosaic.orbitalia.org\/fr\/wp-json\/wp\/v2\/types\/product"}],"wp:featuredmedia":[{"embeddable":true,"href":"https:\/\/olemosaic.orbitalia.org\/fr\/wp-json\/wp\/v2\/media\/11642"}],"wp:attachment":[{"href":"https:\/\/olemosaic.orbitalia.org\/fr\/wp-json\/wp\/v2\/media?parent=32487"}],"wp:term":[{"taxonomy":"product_brand","embeddable":true,"href":"https:\/\/olemosaic.orbitalia.org\/fr\/wp-json\/wp\/v2\/product_brand?post=32487"},{"taxonomy":"product_cat","embeddable":true,"href":"https:\/\/olemosaic.orbitalia.org\/fr\/wp-json\/wp\/v2\/product_cat?post=32487"},{"taxonomy":"product_tag","embeddable":true,"href":"https:\/\/olemosaic.orbitalia.org\/fr\/wp-json\/wp\/v2\/product_tag?post=32487"}],"curies":[{"name":"wp","href":"https:\/\/api.w.org\/{rel}","templated":true}]}}