{"id":32486,"date":"2025-02-20T23:34:20","date_gmt":"2025-02-20T22:34:20","guid":{"rendered":"https:\/\/olemosaic.orbitalia.org\/producto\/libreta-de-80-hojas-salamandra-barcelona-2\/"},"modified":"2025-07-25T19:39:29","modified_gmt":"2025-07-25T17:39:29","slug":"carnet-de-80-feuilles-salamandre-barcelone-2","status":"publish","type":"product","link":"https:\/\/olemosaic.orbitalia.org\/fr\/produit\/carnet-de-80-feuilles-salamandre-barcelone-2\/","title":{"rendered":"Carnet de 80 feuilles. Salamandre. Barcelone. Fond beige."},"content":{"rendered":"<p>Ce carnet de 80 feuilles pr\u00e9sente un design vibrant de salamandres qui \u00e9voque l&rsquo;essence artistique de Barcelone. La couverture, avec un fond dans les tons beiges et une finition en mosa\u00efque, illustre de mani\u00e8re color\u00e9e une salamandre entour\u00e9e de fleurs aux nuances diverses. Cette repr\u00e9sentation graphique se distingue par son attrait visuel et rend hommage \u00e0 la symbologie de la salamandre dans la culture espagnole, ainsi qu&rsquo;\u00e0 l&rsquo;\u0153uvre d&rsquo;Antoni Gaud\u00ed, qui s&rsquo;inspire de la nature et de l&rsquo;art de la mosa\u00efque.<\/p>\n<p>Le d\u00e9tail de la bande \u00e9lastique rouge s&rsquo;ajoute \u00e0 la fonctionnalit\u00e9 du produit, assurant la protection de vos notes. Sa taille compacte en fait un accessoire id\u00e9al \u00e0 emporter partout, que ce soit dans un sac \u00e0 dos, un sac \u00e0 main ou simplement sur le bureau. Il est parfait pour ceux qui souhaitent capturer leurs pens\u00e9es ou exp\u00e9riences tout en explorant la riche culture de Barcelone.<\/p>\n<p>Ce souvenir est une excellente option pour les touristes \u00e0 la recherche d&rsquo;un souvenir authentique repr\u00e9sentant l&rsquo;architecture et l&rsquo;art iconique de la ville. Chez Ol\u00e9 Mosaic, nous sommes fiers d&rsquo;\u00eatre des distributeurs de souvenirs en gros, et ce produit encapsule l&rsquo;authenticit\u00e9 et la pertinence culturelle que les voyageurs souhaitent ramener chez eux. Id\u00e9al pour les boutiques de cadeaux touristiques, ce carnet salamandre devient un d\u00e9tail m\u00e9morable qui unit l&rsquo;art de Barcelone \u00e0 la cr\u00e9ativit\u00e9 de chaque utilisateur.<\/p>\n","protected":false},"excerpt":{"rendered":"<p>Carnet de 80 feuilles avec un design color\u00e9 de salamandres, inspir\u00e9 de l&rsquo;art barcelonais. La couverture, avec un fond dans les tons beiges, pr\u00e9sente une mosa\u00efque vibrante illustrant une salamandre entour\u00e9e de fleurs de diverses couleurs. La bande \u00e9lastique rouge s\u00e9curise vos notes et, gr\u00e2ce \u00e0 sa taille pratique, il est parfait pour \u00eatre emport\u00e9 partout. Id\u00e9al pour les amoureux de la ville et de sa culture.<\/p>\n","protected":false},"featured_media":11647,"template":"","meta":{"_acf_changed":false},"product_brand":[],"product_cat":[806],"product_tag":[530],"class_list":{"0":"post-32486","1":"product","2":"type-product","3":"status-publish","4":"has-post-thumbnail","6":"product_cat-carnets","7":"product_tag-animaux","8":"pa_ciudad-barcelona","9":"pa_motivo-salamandres","10":"pa_pais-espana","12":"first","13":"instock","14":"shipping-taxable","15":"product-type-simple"},"acf":[],"_links":{"self":[{"href":"https:\/\/olemosaic.orbitalia.org\/fr\/wp-json\/wp\/v2\/product\/32486","targetHints":{"allow":["GET"]}}],"collection":[{"href":"https:\/\/olemosaic.orbitalia.org\/fr\/wp-json\/wp\/v2\/product"}],"about":[{"href":"https:\/\/olemosaic.orbitalia.org\/fr\/wp-json\/wp\/v2\/types\/product"}],"wp:featuredmedia":[{"embeddable":true,"href":"https:\/\/olemosaic.orbitalia.org\/fr\/wp-json\/wp\/v2\/media\/11647"}],"wp:attachment":[{"href":"https:\/\/olemosaic.orbitalia.org\/fr\/wp-json\/wp\/v2\/media?parent=32486"}],"wp:term":[{"taxonomy":"product_brand","embeddable":true,"href":"https:\/\/olemosaic.orbitalia.org\/fr\/wp-json\/wp\/v2\/product_brand?post=32486"},{"taxonomy":"product_cat","embeddable":true,"href":"https:\/\/olemosaic.orbitalia.org\/fr\/wp-json\/wp\/v2\/product_cat?post=32486"},{"taxonomy":"product_tag","embeddable":true,"href":"https:\/\/olemosaic.orbitalia.org\/fr\/wp-json\/wp\/v2\/product_tag?post=32486"}],"curies":[{"name":"wp","href":"https:\/\/api.w.org\/{rel}","templated":true}]}}