{"id":32448,"date":"2025-02-20T23:34:19","date_gmt":"2025-02-20T22:34:19","guid":{"rendered":"https:\/\/olemosaic.orbitalia.org\/producto\/botella-inox-350-ml-panoramica-barcelona-5\/"},"modified":"2025-07-25T20:18:06","modified_gmt":"2025-07-25T18:18:06","slug":"bouteille-inox-350-ml-panoramique-barcelone-5","status":"publish","type":"product","link":"https:\/\/olemosaic.orbitalia.org\/fr\/produit\/bouteille-inox-350-ml-panoramique-barcelone-5\/","title":{"rendered":"Bouteille inox. 350 ml. Panoramique. Sagrada Familia. Barcelone."},"content":{"rendered":"<p>Cette bouteille en acier inoxydable de 350 ml affiche une vue panoramique vibrante de la Sagrada Familia, l&#8217;embl\u00e9matique monument barcelonais. Le design, color\u00e9 et de style mosa\u00efque, s&rsquo;inspire de l&rsquo;architecture moderniste d&rsquo;Antoni Gaud\u00ed, pr\u00e9sentant une explosion de couleurs telles que le rouge, le jaune et le vert, qui refl\u00e8tent le riche h\u00e9ritage de la ville. La Sagrada Familia, avec ses tours imposantes et son architecture singuli\u00e8re, devient le point focal, mettant en valeur les d\u00e9tails complexes du b\u00e2timent qui ont captiv\u00e9 les visiteurs du monde entier.<\/p>\n<p>En plus d&rsquo;\u00eatre un r\u00e9cipient fonctionnel pour maintenir vos boissons froides ou chaudes, c&rsquo;est une pi\u00e8ce d\u00e9corative qui capture l&rsquo;essence artistique de Barcelone. Sa finition en acier inoxydable assure durabilit\u00e9 et r\u00e9sistance, ce qui en fait le compagnon id\u00e9al pour les excursions, les promenades ou pour savourer un rafra\u00eechissement \u00e0 la maison, tout en se rappelant la beaut\u00e9 de ce c\u00e9l\u00e8bre monument.<\/p>\n<p>En tant que souvenir repr\u00e9sentatif de Barcelone, cette bouteille est bien plus qu&rsquo;un simple accessoire ; c&rsquo;est un souvenir qui connecte les touristes \u00e0 la culture et \u00e0 l&rsquo;art catalan. Chez Ol\u00e9 Mosaic, nous distribuons des souvenirs authentiques et originaux, et cette bouteille en acier inoxydable est une excellente option pour les boutiques de cadeaux touristiques cherchant \u00e0 proposer des produits alliant fonctionnalit\u00e9 et signification culturelle. C&rsquo;est un exemple parfait de souvenir barcelonais qui capte l&rsquo;essence vibrante de la ville.<\/p>\n","protected":false},"excerpt":{"rendered":"<p>Bouteille en acier inoxydable de 350 ml, d\u00e9cor\u00e9e d&rsquo;une vue panoramique vibrante de la Sagrada Familia de Barcelone. Son design color\u00e9 et avec des mosa\u00efques, inspir\u00e9 du style de Gaud\u00ed, pr\u00e9sente des d\u00e9tails en rouge, jaune et vert, \u00e9voquant l&rsquo;architecture moderniste de la ville. Cet article, en plus d&rsquo;\u00eatre fonctionnel, est une pi\u00e8ce d\u00e9corative id\u00e9ale pour maintenir vos boissons froides ou chaudes, tout en profitant d&rsquo;une touche artistique catalane.<\/p>\n","protected":false},"featured_media":11141,"template":"","meta":{"_acf_changed":false},"product_brand":[],"product_cat":[784],"product_tag":[],"class_list":{"0":"post-32448","1":"product","2":"type-product","3":"status-publish","4":"has-post-thumbnail","6":"product_cat-bouteilles-inox","7":"pa_ciudad-barcelona","8":"pa_motivo-panoramas","9":"pa_pais-espana","11":"first","12":"instock","13":"shipping-taxable","14":"product-type-simple"},"acf":[],"_links":{"self":[{"href":"https:\/\/olemosaic.orbitalia.org\/fr\/wp-json\/wp\/v2\/product\/32448","targetHints":{"allow":["GET"]}}],"collection":[{"href":"https:\/\/olemosaic.orbitalia.org\/fr\/wp-json\/wp\/v2\/product"}],"about":[{"href":"https:\/\/olemosaic.orbitalia.org\/fr\/wp-json\/wp\/v2\/types\/product"}],"wp:featuredmedia":[{"embeddable":true,"href":"https:\/\/olemosaic.orbitalia.org\/fr\/wp-json\/wp\/v2\/media\/11141"}],"wp:attachment":[{"href":"https:\/\/olemosaic.orbitalia.org\/fr\/wp-json\/wp\/v2\/media?parent=32448"}],"wp:term":[{"taxonomy":"product_brand","embeddable":true,"href":"https:\/\/olemosaic.orbitalia.org\/fr\/wp-json\/wp\/v2\/product_brand?post=32448"},{"taxonomy":"product_cat","embeddable":true,"href":"https:\/\/olemosaic.orbitalia.org\/fr\/wp-json\/wp\/v2\/product_cat?post=32448"},{"taxonomy":"product_tag","embeddable":true,"href":"https:\/\/olemosaic.orbitalia.org\/fr\/wp-json\/wp\/v2\/product_tag?post=32448"}],"curies":[{"name":"wp","href":"https:\/\/api.w.org\/{rel}","templated":true}]}}