{"id":32446,"date":"2025-02-20T22:34:19","date_gmt":"2025-02-20T22:34:19","guid":{"rendered":"https:\/\/olemosaic.orbitalia.org\/producto\/funda-de-telefono-para-iphone-14-promax-tpu-motivos-marinos-azul\/"},"modified":"2025-07-25T18:45:14","modified_gmt":"2025-07-25T16:45:14","slug":"coque-de-telephone-pour-iphone-14-promax-tpu-motifs-marins-bleu","status":"publish","type":"product","link":"https:\/\/olemosaic.orbitalia.org\/fr\/produit\/coque-de-telephone-pour-iphone-14-promax-tpu-motifs-marins-bleu\/","title":{"rendered":"Coque de t\u00e9l\u00e9phone pour iPhone 14 Pro Max (TPU). Motifs marins. Bleu"},"content":{"rendered":"<p>Cette coque pour iPhone 14 Pro Max est un v\u00e9ritable bijou qui capture l&rsquo;essence de la mer M\u00e9diterran\u00e9e, parfaite pour ceux qui souhaitent emporter un morceau de Majorque avec eux. Fabriqu\u00e9e en TPU de haute qualit\u00e9, elle prot\u00e8ge non seulement votre appareil avec robustesse, mais pr\u00e9sente \u00e9galement des motifs marins vibrants qui \u00e9voquent la beaut\u00e9 des eaux majorquines. Un fond bleu profond abrite un \u00e9cosyst\u00e8me sous-marin color\u00e9, avec des poissons, des tortues et des hippocampes nageant en harmonie, repr\u00e9sent\u00e9s dans un style moderne et frais qui souligne la vitalit\u00e9 de la vie marine.<\/p>\n<p>Dans la partie inf\u00e9rieure, une \u00e9l\u00e9gante mosa\u00efque aux tons chauds met en valeur le nom \u00ab\u00a0Mallorca\u00a0\u00bb, un d\u00e9tail qui apporte une touche visuelle attrayante et renforce le lien culturel avec l&rsquo;\u00eele. Ce design est un hommage \u00e0 la biodiversit\u00e9 de la M\u00e9diterran\u00e9e et, en m\u00eame temps, un souvenir parfait pour les touristes \u00e0 la recherche de souvenirs authentiques de leur visite \u00e0 Majorque. Chez Ol\u00e9 Mosaic, en tant que grossistes de produits de cadeaux touristiques, nous proposons cette coque comme une excellente option pour les boutiques cherchant \u00e0 se d\u00e9marquer sur le march\u00e9 avec des produits de qualit\u00e9 et de pertinence culturelle. Porter cette coque, c&rsquo;est emporter avec soi un souvenir unique qui c\u00e9l\u00e8bre la magie de Majorque.<\/p>\n","protected":false},"excerpt":{"rendered":"<p>Coque pour iPhone 14 Pro Max fabriqu\u00e9e en TPU, d\u00e9cor\u00e9e de motifs marins vibrants inspir\u00e9s des eaux de Majorque. Sur un fond bleu profond nagent des poissons, des tortues et des hippocampes color\u00e9s, con\u00e7us dans un style moderne et frais. Dans la partie inf\u00e9rieure, une mosa\u00efque de teintes chaudes souligne le nom \u00ab\u00a0Mallorca\u00a0\u00bb, cr\u00e9ant un attrait visuel qui \u00e9voque la beaut\u00e9 naturelle de l&rsquo;\u00eele. Id\u00e9ale pour ceux qui souhaitent emporter un morceau de mer dans leur quotidien.<\/p>\n","protected":false},"featured_media":12970,"template":"","meta":{"_acf_changed":false},"product_brand":[],"product_cat":[674],"product_tag":[530],"class_list":{"0":"post-32446","1":"product","2":"type-product","3":"status-publish","4":"has-post-thumbnail","6":"product_cat-etuis-pour-telephones-portables","7":"product_tag-animaux","8":"pa_ciudad-mallorca","9":"pa_motivo-animaux-marins","10":"pa_pais-espana","12":"first","13":"instock","14":"shipping-taxable","15":"product-type-simple"},"acf":[],"_links":{"self":[{"href":"https:\/\/olemosaic.orbitalia.org\/fr\/wp-json\/wp\/v2\/product\/32446","targetHints":{"allow":["GET"]}}],"collection":[{"href":"https:\/\/olemosaic.orbitalia.org\/fr\/wp-json\/wp\/v2\/product"}],"about":[{"href":"https:\/\/olemosaic.orbitalia.org\/fr\/wp-json\/wp\/v2\/types\/product"}],"wp:featuredmedia":[{"embeddable":true,"href":"https:\/\/olemosaic.orbitalia.org\/fr\/wp-json\/wp\/v2\/media\/12970"}],"wp:attachment":[{"href":"https:\/\/olemosaic.orbitalia.org\/fr\/wp-json\/wp\/v2\/media?parent=32446"}],"wp:term":[{"taxonomy":"product_brand","embeddable":true,"href":"https:\/\/olemosaic.orbitalia.org\/fr\/wp-json\/wp\/v2\/product_brand?post=32446"},{"taxonomy":"product_cat","embeddable":true,"href":"https:\/\/olemosaic.orbitalia.org\/fr\/wp-json\/wp\/v2\/product_cat?post=32446"},{"taxonomy":"product_tag","embeddable":true,"href":"https:\/\/olemosaic.orbitalia.org\/fr\/wp-json\/wp\/v2\/product_tag?post=32446"}],"curies":[{"name":"wp","href":"https:\/\/api.w.org\/{rel}","templated":true}]}}