{"id":32445,"date":"2025-02-20T23:34:18","date_gmt":"2025-02-20T22:34:18","guid":{"rendered":"https:\/\/olemosaic.orbitalia.org\/producto\/funda-de-telefono-para-iphone-12-promax-tpu-motivos-marinos-azul-2\/"},"modified":"2025-07-25T20:01:05","modified_gmt":"2025-07-25T18:01:05","slug":"coque-de-telephone-pour-iphone-12-promax-tpu-motifs-marins-bleu-2","status":"publish","type":"product","link":"https:\/\/olemosaic.orbitalia.org\/fr\/produit\/coque-de-telephone-pour-iphone-12-promax-tpu-motifs-marins-bleu-2\/","title":{"rendered":"Coque de t\u00e9l\u00e9phone pour iPhone 12 Pro Max (TPU). Motifs marins. Tortues, dauphins et hippocampes. Bleu"},"content":{"rendered":"<p>Cette coque pour iPhone 12 Pro Max, fabriqu\u00e9e en TPU, est parfaite pour les amoureux de l&rsquo;oc\u00e9an et de sa riche faune. Son design vibrant affiche une repr\u00e9sentation color\u00e9e de cr\u00e9atures aquatiques dansant parmi de multiples nuances de bleu, avec des d\u00e9tails dor\u00e9s \u00e9voquant la lumi\u00e8re du soleil filtrant \u00e0 travers les profondeurs marines. Des tortues, des dauphins et des hippocampes, grav\u00e9s dans un style artistique qui souligne la beaut\u00e9 et la gr\u00e2ce du monde sous-marin, peuplent ce design.<\/p>\n<p>Le fond bleu profond, simulant les eaux de l&rsquo;oc\u00e9an, est compl\u00e9t\u00e9 par un d\u00e9grad\u00e9 doux qui \u00e9voque la profondeur marine, faisant ressortir chaque \u00e9l\u00e9ment avec vivacit\u00e9. Ce produit ne prot\u00e8ge pas seulement votre appareil des chocs et des chutes, mais constitue \u00e9galement un accessoire distinctif qui refl\u00e8te un mode de vie connect\u00e9 \u00e0 la nature. L&rsquo;originalit\u00e9 de ce design en fait un excellent souvenir pour ceux qui cherchent \u00e0 emporter un souvenir sp\u00e9cial de leur visite dans les zones c\u00f4ti\u00e8res, o\u00f9 la vie marine est un symbole de beaut\u00e9 et d&rsquo;harmonie.<\/p>\n<p>Chez Ol\u00e9 Mosaic, nous proposons cette coque comme un souvenir repr\u00e9sentant la connexion entre l&rsquo;art et la nature, ce qui en fait une excellente option pour les boutiques de cadeaux touristiques. En acqu\u00e9rant des produits comme cette coque sur notre plateforme, les commer\u00e7ants peuvent offrir \u00e0 leurs clients des souvenirs uniques qui capturent l&rsquo;essence de la culture et de l&rsquo;environnement marin.<\/p>\n","protected":false},"excerpt":{"rendered":"<p>Coque pour iPhone 12 Pro Max en TPU, d\u00e9cor\u00e9e de motifs marins vibrants dans des tons bleus et dor\u00e9s. Le design pr\u00e9sente une repr\u00e9sentation color\u00e9e de cr\u00e9atures aquatiques, telles que des tortues, des dauphins et des hippocampes, sur un fond \u00e9voquant la profondeur de l&rsquo;oc\u00e9an. Cette coque, en plus de prot\u00e9ger votre appareil, ajoute une touche artistique et unique inspir\u00e9e par la beaut\u00e9 de la mer. Id\u00e9ale pour les amoureux de la nature et du monde marin.<\/p>\n","protected":false},"featured_media":12265,"template":"","meta":{"_acf_changed":false},"product_brand":[],"product_cat":[674],"product_tag":[530],"class_list":{"0":"post-32445","1":"product","2":"type-product","3":"status-publish","4":"has-post-thumbnail","6":"product_cat-etuis-pour-telephones-portables","7":"product_tag-animaux","8":"pa_motivo-animaux-marins","10":"first","11":"instock","12":"shipping-taxable","13":"product-type-simple"},"acf":[],"_links":{"self":[{"href":"https:\/\/olemosaic.orbitalia.org\/fr\/wp-json\/wp\/v2\/product\/32445","targetHints":{"allow":["GET"]}}],"collection":[{"href":"https:\/\/olemosaic.orbitalia.org\/fr\/wp-json\/wp\/v2\/product"}],"about":[{"href":"https:\/\/olemosaic.orbitalia.org\/fr\/wp-json\/wp\/v2\/types\/product"}],"wp:featuredmedia":[{"embeddable":true,"href":"https:\/\/olemosaic.orbitalia.org\/fr\/wp-json\/wp\/v2\/media\/12265"}],"wp:attachment":[{"href":"https:\/\/olemosaic.orbitalia.org\/fr\/wp-json\/wp\/v2\/media?parent=32445"}],"wp:term":[{"taxonomy":"product_brand","embeddable":true,"href":"https:\/\/olemosaic.orbitalia.org\/fr\/wp-json\/wp\/v2\/product_brand?post=32445"},{"taxonomy":"product_cat","embeddable":true,"href":"https:\/\/olemosaic.orbitalia.org\/fr\/wp-json\/wp\/v2\/product_cat?post=32445"},{"taxonomy":"product_tag","embeddable":true,"href":"https:\/\/olemosaic.orbitalia.org\/fr\/wp-json\/wp\/v2\/product_tag?post=32445"}],"curies":[{"name":"wp","href":"https:\/\/api.w.org\/{rel}","templated":true}]}}