{"id":32442,"date":"2025-02-20T23:34:18","date_gmt":"2025-02-20T22:34:18","guid":{"rendered":"https:\/\/olemosaic.orbitalia.org\/producto\/posavasos-de-ceramica-bailaora-2\/"},"modified":"2025-07-25T20:11:29","modified_gmt":"2025-07-25T18:11:29","slug":"sous-verre-en-ceramique-danseuse-flamenco-2","status":"publish","type":"product","link":"https:\/\/olemosaic.orbitalia.org\/fr\/produit\/sous-verre-en-ceramique-danseuse-flamenco-2\/","title":{"rendered":"Sous-verre en c\u00e9ramique. Danseuse de flamenco. \u0152illets rouges."},"content":{"rendered":"<p>Ce sous-verre en c\u00e9ramique, illustr\u00e9 d&rsquo;une danseuse de flamenco vibrante, est une pi\u00e8ce qui irradie la passion et l&rsquo;art du flamenco espagnol. Au centre, la danseuse est repr\u00e9sent\u00e9e dans un mouvement dynamique, v\u00eatue d&rsquo;un \u00e9blouissant costume \u00e0 volants multicolores qui attire l&rsquo;attention sur n&rsquo;importe quelle table. Entour\u00e9e d&rsquo;un design floral exub\u00e9rant dans les tons rouges, les d\u00e9tails en bleu compl\u00e8tent sa tenue, transformant ce sous-verre en une \u0153uvre d&rsquo;art fonctionnelle. La base blanche du sous-verre rehausse les motifs d\u00e9coratifs, permettant \u00e0 chaque \u00e9l\u00e9ment de se d\u00e9tacher avec clart\u00e9. Chaque pi\u00e8ce semble \u00eatre peinte \u00e0 la main, ce qui garantit qu&rsquo;il ne s&rsquo;agit pas seulement d&rsquo;un souvenir, mais d&rsquo;une authentique repr\u00e9sentation du patrimoine culturel espagnol.<\/p>\n<p>Ce sous-verre ne sert pas seulement d&rsquo;accessoire pratique pour prot\u00e9ger les surfaces, mais il est aussi un rappel de la riche tradition flamenca, id\u00e9al pour ceux qui souhaitent emporter un morceau d&rsquo;Espagne chez eux. Chez Ol\u00e9 Mosaic, notre engagement est d&rsquo;offrir des souvenirs de qualit\u00e9 qui refl\u00e8tent l&rsquo;authenticit\u00e9 culturelle. Ce sous-verre en c\u00e9ramique est non seulement parfait pour les touristes \u00e0 la recherche de souvenirs repr\u00e9sentatifs de leur exp\u00e9rience, mais il constitue \u00e9galement une excellente option pour les boutiques de cadeaux touristiques qui souhaitent proposer des produits distinctifs et charg\u00e9s d&rsquo;histoire. En tant que grossistes en c\u00e9ramique, nous garantissons la qualit\u00e9 et le design exclusif de chacun de nos produits.<\/p>\n","protected":false},"excerpt":{"rendered":"<p>Sous-verre en c\u00e9ramique illustr\u00e9 d&rsquo;une danseuse de flamenco vibrante au centre, entour\u00e9e d&rsquo;un motif floral color\u00e9 dans les tons rouges et de d\u00e9tails bleus. Ce sous-verre \u00e9l\u00e9gant capture l&rsquo;essence du flamenco avec sa repr\u00e9sentation de la danseuse en mouvement, v\u00eatue d&rsquo;un costume \u00e0 volants multicolores. La base blanche fait ressortir les motifs d\u00e9coratifs et la technique du design artisanal, peint \u00e0 la main, en faisant un article distinctif et culturel, id\u00e9al pour n&rsquo;importe quelle table.<\/p>\n","protected":false},"featured_media":8671,"template":"","meta":{"_acf_changed":false},"product_brand":[],"product_cat":[812],"product_tag":[585],"class_list":{"0":"post-32442","1":"product","2":"type-product","3":"status-publish","4":"has-post-thumbnail","6":"product_cat-sous-verres","7":"product_tag-ceramique","8":"pa_motivo-danseurs","10":"first","11":"instock","12":"shipping-taxable","13":"product-type-simple"},"acf":[],"_links":{"self":[{"href":"https:\/\/olemosaic.orbitalia.org\/fr\/wp-json\/wp\/v2\/product\/32442","targetHints":{"allow":["GET"]}}],"collection":[{"href":"https:\/\/olemosaic.orbitalia.org\/fr\/wp-json\/wp\/v2\/product"}],"about":[{"href":"https:\/\/olemosaic.orbitalia.org\/fr\/wp-json\/wp\/v2\/types\/product"}],"wp:featuredmedia":[{"embeddable":true,"href":"https:\/\/olemosaic.orbitalia.org\/fr\/wp-json\/wp\/v2\/media\/8671"}],"wp:attachment":[{"href":"https:\/\/olemosaic.orbitalia.org\/fr\/wp-json\/wp\/v2\/media?parent=32442"}],"wp:term":[{"taxonomy":"product_brand","embeddable":true,"href":"https:\/\/olemosaic.orbitalia.org\/fr\/wp-json\/wp\/v2\/product_brand?post=32442"},{"taxonomy":"product_cat","embeddable":true,"href":"https:\/\/olemosaic.orbitalia.org\/fr\/wp-json\/wp\/v2\/product_cat?post=32442"},{"taxonomy":"product_tag","embeddable":true,"href":"https:\/\/olemosaic.orbitalia.org\/fr\/wp-json\/wp\/v2\/product_tag?post=32442"}],"curies":[{"name":"wp","href":"https:\/\/api.w.org\/{rel}","templated":true}]}}