{"id":32428,"date":"2025-02-20T23:34:17","date_gmt":"2025-02-20T22:34:17","guid":{"rendered":"https:\/\/olemosaic.orbitalia.org\/producto\/posavasos-de-ceramica-gato-mallorca-2\/"},"modified":"2025-07-25T20:06:17","modified_gmt":"2025-07-25T18:06:17","slug":"sous-verre-ceramique-chat-majorque-2","status":"publish","type":"product","link":"https:\/\/olemosaic.orbitalia.org\/fr\/produit\/sous-verre-ceramique-chat-majorque-2\/","title":{"rendered":"Sous-verre en c\u00e9ramique. Chat. Papillons. Majorque."},"content":{"rendered":"<p>Ce sous-verre en c\u00e9ramique, d\u00e9cor\u00e9 de chats joyeux, est une magnifique repr\u00e9sentation de l&rsquo;ambiance vibrante de Majorque. Con\u00e7u avec une technique de mosa\u00efque, cet objet n&rsquo;est pas seulement fonctionnel, mais c&rsquo;est aussi une pi\u00e8ce artistique qui rehausse n&rsquo;importe quel espace. Son design peint \u00e0 la main montre trois adorables chats dans diff\u00e9rentes postures, chacun avec des couleurs vives qui capturent l&rsquo;essence joyeuse et d\u00e9contract\u00e9e de la vie sur cette belle \u00eele. Entour\u00e9 de papillons qui apportent du dynamisme, le fond multicolore compl\u00e8te parfaitement la figure des chats, cr\u00e9ant un attrait visuel unique qui attirera ceux qui recherchent des souvenirs authentiques et repr\u00e9sentatifs.<\/p>\n<p>Le mot \u00ab\u00a0MALLORCA\u00a0\u00bb en haut du sous-verre souligne la connexion culturelle du produit, faisant de cet accessoire un souvenir parfait pour les touristes qui souhaitent ramener un morceau de cette \u00eele charmante. Ce sous-verre n&rsquo;incarne pas seulement le riche h\u00e9ritage artistique de Majorque, mais constitue \u00e9galement un excellent cadeau pour ceux qui appr\u00e9cient les souvenirs ayant du sens. Chez Ol\u00e9 Mosaic, en tant que distributeurs de souvenirs en gros, nous proposons des produits qui c\u00e9l\u00e8brent la culture locale, et ce sous-verre en c\u00e9ramique est un choix id\u00e9al pour les boutiques de cadeaux touristiques \u00e0 la recherche d&rsquo;articles authentiques et attrayants.<\/p>\n","protected":false},"excerpt":{"rendered":"<p>Sous-verre en c\u00e9ramique d\u00e9cor\u00e9 de chats color\u00e9s, inspir\u00e9 de l&rsquo;ambiance vibrante de Majorque. Ce sous-verre attrayant pr\u00e9sente un design artisanal, peint \u00e0 la main, repr\u00e9sentant trois chats dans diff\u00e9rentes postures, entour\u00e9s de papillons et sur un fond de couleurs \u00e9clatantes. La technique de la mosa\u00efque utilis\u00e9e apporte une texture int\u00e9ressante et un air artistique, tandis que le mot \u00ab\u00a0MALLORCA\u00a0\u00bb se d\u00e9tache en haut, en faisant un souvenir id\u00e9al et fonctionnel.<\/p>\n","protected":false},"featured_media":8963,"template":"","meta":{"_acf_changed":false},"product_brand":[],"product_cat":[812],"product_tag":[530,585],"class_list":{"0":"post-32428","1":"product","2":"type-product","3":"status-publish","4":"has-post-thumbnail","6":"product_cat-sous-verres","7":"product_tag-animaux","8":"product_tag-ceramique","9":"pa_ciudad-mallorca","10":"pa_motivo-chats","11":"pa_pais-espana","13":"first","14":"instock","15":"shipping-taxable","16":"product-type-simple"},"acf":[],"_links":{"self":[{"href":"https:\/\/olemosaic.orbitalia.org\/fr\/wp-json\/wp\/v2\/product\/32428","targetHints":{"allow":["GET"]}}],"collection":[{"href":"https:\/\/olemosaic.orbitalia.org\/fr\/wp-json\/wp\/v2\/product"}],"about":[{"href":"https:\/\/olemosaic.orbitalia.org\/fr\/wp-json\/wp\/v2\/types\/product"}],"wp:featuredmedia":[{"embeddable":true,"href":"https:\/\/olemosaic.orbitalia.org\/fr\/wp-json\/wp\/v2\/media\/8963"}],"wp:attachment":[{"href":"https:\/\/olemosaic.orbitalia.org\/fr\/wp-json\/wp\/v2\/media?parent=32428"}],"wp:term":[{"taxonomy":"product_brand","embeddable":true,"href":"https:\/\/olemosaic.orbitalia.org\/fr\/wp-json\/wp\/v2\/product_brand?post=32428"},{"taxonomy":"product_cat","embeddable":true,"href":"https:\/\/olemosaic.orbitalia.org\/fr\/wp-json\/wp\/v2\/product_cat?post=32428"},{"taxonomy":"product_tag","embeddable":true,"href":"https:\/\/olemosaic.orbitalia.org\/fr\/wp-json\/wp\/v2\/product_tag?post=32428"}],"curies":[{"name":"wp","href":"https:\/\/api.w.org\/{rel}","templated":true}]}}