{"id":32413,"date":"2025-02-20T23:34:17","date_gmt":"2025-02-20T22:34:17","guid":{"rendered":"https:\/\/olemosaic.orbitalia.org\/producto\/posavasos-de-ceramica-salamandra-mallorca-2\/"},"modified":"2025-07-25T19:42:54","modified_gmt":"2025-07-25T17:42:54","slug":"dessous-de-verre-ceramique-salamandre-majorque","status":"publish","type":"product","link":"https:\/\/olemosaic.orbitalia.org\/fr\/produit\/dessous-de-verre-ceramique-salamandre-majorque\/","title":{"rendered":"Dessous de verre en c\u00e9ramique. Salamandre. Majorque."},"content":{"rendered":"<p>Ce dessous de verre en c\u00e9ramique peint \u00e0 la main est un souvenir exclusif de Majorque qui encapsule la richesse du folklore local et la beaut\u00e9 de son environnement naturel. Il pr\u00e9sente une salamandre vibrante dans un style mosa\u00efque, orn\u00e9e d&rsquo;une gamme de couleurs vives qui lui conf\u00e8rent un caract\u00e8re unique et festif. La salamandre, symbolique de la culture m\u00e9diterran\u00e9enne, semble prendre vie au centre de ce dessous de verre, entour\u00e9e de d\u00e9licates fleurs multicolores qui apportent fra\u00eecheur et joie au design. Le fond clair fait ressortir chaque d\u00e9tail, tandis que le cadre rouge encadre la composition avec une touche de chaleur, transformant l&rsquo;objet en une pi\u00e8ce d\u00e9corative attrayante et fonctionnelle.<\/p>\n<p>Avec le texte \u00ab\u00a0MALLORCA\u00a0\u00bb \u00e9l\u00e9gamment inscrit, ce dessous de verre ne prot\u00e8ge pas seulement vos surfaces, mais agit \u00e9galement comme un rappel constant de la beaut\u00e9 de l&rsquo;\u00eele. Cet article est un excellent choix pour les touristes \u00e0 la recherche de souvenirs en c\u00e9ramique authentiques et repr\u00e9sentatifs de Majorque. En tant qu&rsquo;Ol\u00e9 Mosaic, notre engagement est d&rsquo;offrir des pi\u00e8ces de haute qualit\u00e9, id\u00e9ales pour les boutiques de cadeaux touristiques \u00e0 la recherche d&rsquo;articles distinctifs. En tant que grossistes de souvenirs, nous garantissons l&rsquo;authenticit\u00e9 et la pertinence culturelle de chaque produit, faisant de ce dessous de verre en c\u00e9ramique un choix parfait pour ceux qui souhaitent emporter un petit morceau de Majorque chez eux.<\/p>\n","protected":false},"excerpt":{"rendered":"<p>Dessous de verre en c\u00e9ramique peints \u00e0 la main, inspir\u00e9s du folklore majorquin. Ce dessous de verre color\u00e9 pr\u00e9sente une salamandre vibrante dans un style mosa\u00efque, entour\u00e9e de fleurs multicolores sur un fond clair. Le cadre rouge souligne la beaut\u00e9 du design et le texte \u00ab\u00a0MALLORCA\u00a0\u00bb ajoute une touche locale. Id\u00e9al pour d\u00e9corer et prot\u00e9ger vos surfaces, cet article allie fonctionnalit\u00e9 et art distinctif de la r\u00e9gion.<\/p>\n","protected":false},"featured_media":8960,"template":"","meta":{"_acf_changed":false},"product_brand":[],"product_cat":[812],"product_tag":[530,585],"class_list":{"0":"post-32413","1":"product","2":"type-product","3":"status-publish","4":"has-post-thumbnail","6":"product_cat-sous-verres","7":"product_tag-animaux","8":"product_tag-ceramique","9":"pa_ciudad-mallorca","10":"pa_motivo-salamandres","11":"pa_pais-espana","13":"first","14":"instock","15":"shipping-taxable","16":"product-type-simple"},"acf":[],"_links":{"self":[{"href":"https:\/\/olemosaic.orbitalia.org\/fr\/wp-json\/wp\/v2\/product\/32413","targetHints":{"allow":["GET"]}}],"collection":[{"href":"https:\/\/olemosaic.orbitalia.org\/fr\/wp-json\/wp\/v2\/product"}],"about":[{"href":"https:\/\/olemosaic.orbitalia.org\/fr\/wp-json\/wp\/v2\/types\/product"}],"wp:featuredmedia":[{"embeddable":true,"href":"https:\/\/olemosaic.orbitalia.org\/fr\/wp-json\/wp\/v2\/media\/8960"}],"wp:attachment":[{"href":"https:\/\/olemosaic.orbitalia.org\/fr\/wp-json\/wp\/v2\/media?parent=32413"}],"wp:term":[{"taxonomy":"product_brand","embeddable":true,"href":"https:\/\/olemosaic.orbitalia.org\/fr\/wp-json\/wp\/v2\/product_brand?post=32413"},{"taxonomy":"product_cat","embeddable":true,"href":"https:\/\/olemosaic.orbitalia.org\/fr\/wp-json\/wp\/v2\/product_cat?post=32413"},{"taxonomy":"product_tag","embeddable":true,"href":"https:\/\/olemosaic.orbitalia.org\/fr\/wp-json\/wp\/v2\/product_tag?post=32413"}],"curies":[{"name":"wp","href":"https:\/\/api.w.org\/{rel}","templated":true}]}}