{"id":32402,"date":"2025-02-20T23:34:15","date_gmt":"2025-02-20T22:34:15","guid":{"rendered":"https:\/\/olemosaic.orbitalia.org\/producto\/posavasos-de-ceramica-patio\/"},"modified":"2025-07-25T18:49:52","modified_gmt":"2025-07-25T16:49:52","slug":"sous-verre-en-ceramique-patio","status":"publish","type":"product","link":"https:\/\/olemosaic.orbitalia.org\/fr\/produit\/sous-verre-en-ceramique-patio\/","title":{"rendered":"Sous-verre en c\u00e9ramique. Patio."},"content":{"rendered":"<p>Ce sous-verre en c\u00e9ramique est une pi\u00e8ce d&rsquo;art \u00e9vocatrice qui capture l&rsquo;essence vibrante d&rsquo;un patio andalou. Avec un design peint \u00e0 la main, le sous-verre illustre un couple de danseurs en plein danse flamenco. La femme, v\u00eatue d&rsquo;une robe traditionnelle rouge \u00e0 volants et tenant un \u00e9ventail, irradie passion et \u00e9l\u00e9gance. \u00c0 ses c\u00f4t\u00e9s, l&rsquo;homme, dans sa tenue classique, accompagne la danse avec des mouvements fluides, cr\u00e9ant une image qui c\u00e9l\u00e8bre la culture espagnole. Le fond du design est orn\u00e9 de pots de fleurs color\u00e9s, qui ajoutent une touche de fra\u00eecheur et de joie, tandis qu&rsquo;une guitare et une chaise en bois compl\u00e8tent la sc\u00e8ne, \u00e9voquant l&rsquo;authenticit\u00e9 du folklore espagnol.<\/p>\n<p>Ce sous-verre n&rsquo;est pas seulement un \u00e9l\u00e9ment pratique pour prot\u00e9ger les tables, mais agit \u00e9galement comme un charmant rappel du riche h\u00e9ritage culturel de l&rsquo;Espagne, id\u00e9al pour ceux qui recherchent un souvenir repr\u00e9sentatif de leur voyage. Chez Ol\u00e9 Mosaic, nous nous sp\u00e9cialisons dans la distribution de souvenirs en gros, offrant des produits uniques qui refl\u00e8tent la diversit\u00e9 culturelle de ce beau pays. Ce sous-verre en c\u00e9ramique est une excellente option pour les boutiques de cadeaux touristiques souhaitant proposer des articles ayant une signification profonde et une connexion culturelle authentique.<\/p>\n","protected":false},"excerpt":{"rendered":"<p>Sous-verre en c\u00e9ramique inspir\u00e9 d&rsquo;un patio andalou vibrant, orn\u00e9 de pots de fleurs et de fleurs color\u00e9es. Ce design artisanal attrayant, peint \u00e0 la main, montre un couple de danseurs en pleine danse flamenco, avec la femme v\u00eatue d&rsquo;une robe traditionnelle rouge \u00e0 volants et d&rsquo;un \u00e9ventail. Une guitare et une chaise en bois compl\u00e8tent la sc\u00e8ne, \u00e9voquant l&rsquo;essence culturelle de l&rsquo;Espagne. Id\u00e9al pour ajouter une touche artistique \u00e0 n&rsquo;importe quelle table.<\/p>\n","protected":false},"featured_media":8515,"template":"","meta":{"_acf_changed":false},"product_brand":[],"product_cat":[812],"product_tag":[585],"class_list":{"0":"post-32402","1":"product","2":"type-product","3":"status-publish","4":"has-post-thumbnail","6":"product_cat-sous-verres","7":"product_tag-ceramique","8":"pa_motivo-cours-interieures","10":"first","11":"instock","12":"shipping-taxable","13":"product-type-simple"},"acf":[],"_links":{"self":[{"href":"https:\/\/olemosaic.orbitalia.org\/fr\/wp-json\/wp\/v2\/product\/32402","targetHints":{"allow":["GET"]}}],"collection":[{"href":"https:\/\/olemosaic.orbitalia.org\/fr\/wp-json\/wp\/v2\/product"}],"about":[{"href":"https:\/\/olemosaic.orbitalia.org\/fr\/wp-json\/wp\/v2\/types\/product"}],"wp:featuredmedia":[{"embeddable":true,"href":"https:\/\/olemosaic.orbitalia.org\/fr\/wp-json\/wp\/v2\/media\/8515"}],"wp:attachment":[{"href":"https:\/\/olemosaic.orbitalia.org\/fr\/wp-json\/wp\/v2\/media?parent=32402"}],"wp:term":[{"taxonomy":"product_brand","embeddable":true,"href":"https:\/\/olemosaic.orbitalia.org\/fr\/wp-json\/wp\/v2\/product_brand?post=32402"},{"taxonomy":"product_cat","embeddable":true,"href":"https:\/\/olemosaic.orbitalia.org\/fr\/wp-json\/wp\/v2\/product_cat?post=32402"},{"taxonomy":"product_tag","embeddable":true,"href":"https:\/\/olemosaic.orbitalia.org\/fr\/wp-json\/wp\/v2\/product_tag?post=32402"}],"curies":[{"name":"wp","href":"https:\/\/api.w.org\/{rel}","templated":true}]}}