{"id":32379,"date":"2025-02-20T23:34:15","date_gmt":"2025-02-20T22:34:15","guid":{"rendered":"https:\/\/olemosaic.orbitalia.org\/producto\/posavasos-de-ceramica-toros\/"},"modified":"2025-07-25T19:50:37","modified_gmt":"2025-07-25T17:50:37","slug":"sous-verre-ceramique-taureaux","status":"publish","type":"product","link":"https:\/\/olemosaic.orbitalia.org\/fr\/produit\/sous-verre-ceramique-taureaux\/","title":{"rendered":"Sous-verre en c\u00e9ramique. Taureaux."},"content":{"rendered":"<p>Ce sous-verre en c\u00e9ramique est un souvenir vibrant qui capture l&rsquo;essence de l&rsquo;Espagne, id\u00e9al pour ceux qui recherchent un souvenir significatif et fonctionnel. D\u00e9cor\u00e9 d&rsquo;un design color\u00e9 de taureaux, ce sous-verre pr\u00e9sente une esth\u00e9tique de mosa\u00efque qui met en valeur la figure imposante du taureau dans des tons vifs, entrelac\u00e9s avec un fond rempli d&rsquo;\u00e9l\u00e9ments floraux rouges et un soleil stylis\u00e9. L&rsquo;inclusion du mot \u00ab\u00a0ESPAGNE\u00a0\u00bb, \u00e9crit avec une typographie audacieuse, apporte une touche d&rsquo;identit\u00e9 nationale, faisant de cette pi\u00e8ce un excellent repr\u00e9sentant du folklore espagnol.<\/p>\n<p>La technique de peinture \u00e0 la main utilis\u00e9e pour ce sous-verre garantit non seulement la singularit\u00e9 de chaque pi\u00e8ce, mais souligne \u00e9galement l&rsquo;art et le d\u00e9vouement derri\u00e8re sa cr\u00e9ation. L&rsquo;utilisation de couleurs vibrantes et la composition dynamique lui conf\u00e8rent un caract\u00e8re festif, parfait pour tout foyer ou espace. Ce sous-verre n&rsquo;est pas seulement pratique pour prot\u00e9ger les surfaces, il fonctionne \u00e9galement comme une d\u00e9coration \u00e9voquant la riche culture espagnole, connue pour sa passion et sa tradition.<\/p>\n<p>Chez Ol\u00e9 Mosaic, nous sommes sp\u00e9cialis\u00e9s dans la distribution de souvenirs en gros, et ce sous-verre en c\u00e9ramique est une excellente option pour les boutiques de cadeaux touristiques souhaitant offrir \u00e0 leurs clients un souvenir authentique et culturel. Les souvenirs d&rsquo;Espagne, comme ce sous-verre, sont id\u00e9aux pour ceux qui souhaitent emporter un petit morceau de tradition avec eux. En tant que grossistes en souvenirs, nous garantissons des produits de haute qualit\u00e9 qui refl\u00e8tent l&rsquo;authentique identit\u00e9 culturelle espagnole.<\/p>\n","protected":false},"excerpt":{"rendered":"<p>Sous-verre en c\u00e9ramique d\u00e9cor\u00e9 d&rsquo;un design color\u00e9 de taureaux, repr\u00e9sentant l&rsquo;essence de l&rsquo;Espagne. Ce sous-verre pr\u00e9sente un style mosa\u00efque, avec un taureau dessin\u00e9 dans des couleurs vives sur un fond comprenant des fleurs rouges et un soleil stylis\u00e9. Le mot \u00ab\u00a0ESPAGNE\u00a0\u00bb ressort en haut, tandis que la technique de conception artisanale, peinte \u00e0 la main, apporte une touche artistique et unique, id\u00e9ale pour ceux qui recherchent un souvenir repr\u00e9sentatif et fonctionnel.<\/p>\n","protected":false},"featured_media":8584,"template":"","meta":{"_acf_changed":false},"product_brand":[],"product_cat":[812],"product_tag":[530,585],"class_list":{"0":"post-32379","1":"product","2":"type-product","3":"status-publish","4":"has-post-thumbnail","6":"product_cat-sous-verres","7":"product_tag-animaux","8":"product_tag-ceramique","9":"pa_motivo-taureaux","11":"first","12":"instock","13":"shipping-taxable","14":"product-type-simple"},"acf":[],"_links":{"self":[{"href":"https:\/\/olemosaic.orbitalia.org\/fr\/wp-json\/wp\/v2\/product\/32379","targetHints":{"allow":["GET"]}}],"collection":[{"href":"https:\/\/olemosaic.orbitalia.org\/fr\/wp-json\/wp\/v2\/product"}],"about":[{"href":"https:\/\/olemosaic.orbitalia.org\/fr\/wp-json\/wp\/v2\/types\/product"}],"wp:featuredmedia":[{"embeddable":true,"href":"https:\/\/olemosaic.orbitalia.org\/fr\/wp-json\/wp\/v2\/media\/8584"}],"wp:attachment":[{"href":"https:\/\/olemosaic.orbitalia.org\/fr\/wp-json\/wp\/v2\/media?parent=32379"}],"wp:term":[{"taxonomy":"product_brand","embeddable":true,"href":"https:\/\/olemosaic.orbitalia.org\/fr\/wp-json\/wp\/v2\/product_brand?post=32379"},{"taxonomy":"product_cat","embeddable":true,"href":"https:\/\/olemosaic.orbitalia.org\/fr\/wp-json\/wp\/v2\/product_cat?post=32379"},{"taxonomy":"product_tag","embeddable":true,"href":"https:\/\/olemosaic.orbitalia.org\/fr\/wp-json\/wp\/v2\/product_tag?post=32379"}],"curies":[{"name":"wp","href":"https:\/\/api.w.org\/{rel}","templated":true}]}}