{"id":32377,"date":"2025-02-20T22:34:14","date_gmt":"2025-02-20T22:34:14","guid":{"rendered":"https:\/\/olemosaic.orbitalia.org\/producto\/posavasos-de-ceramica-ronda\/"},"modified":"2025-07-25T18:44:03","modified_gmt":"2025-07-25T16:44:03","slug":"sous-verre-ceramique-ronda","status":"publish","type":"product","link":"https:\/\/olemosaic.orbitalia.org\/fr\/produit\/sous-verre-ceramique-ronda\/","title":{"rendered":"Sous-verre en c\u00e9ramique. Ronda."},"content":{"rendered":"<p>Ce sous-verre en c\u00e9ramique est un pr\u00e9cieux souvenir de Ronda, l&rsquo;une des villes les plus embl\u00e9matiques d&rsquo;Andalousie. Son design vibrant met en avant le c\u00e9l\u00e8bre Pont Neuf (Puente Nuevo), qui relie les deux parties de la ville, symbolisant l&rsquo;union de sa riche histoire et de sa culture. L&rsquo;illustration, pleine de couleurs, pr\u00e9sente des figures de toreros qui rendent hommage \u00e0 l&rsquo;importante tradition taurine de la r\u00e9gion, refl\u00e9tant la passion et l&rsquo;art qui caract\u00e9risent cette localit\u00e9.<\/p>\n<p>Fabriqu\u00e9 en c\u00e9ramique de haute qualit\u00e9, le sous-verre poss\u00e8de une finition brillante qui non seulement embellit son apparence, mais offre \u00e9galement une surface facile \u00e0 nettoyer et durable. Les d\u00e9tails en mosa\u00efque du design apportent une touche artistique, capturant l&rsquo;essence de Ronda et en faisant un accessoire fonctionnel id\u00e9al pour toute table. Ce souvenir n&rsquo;est pas seulement un objet d\u00e9coratif, mais une repr\u00e9sentation authentique de la culture andalouse que les touristes pourront emporter avec eux comme un souvenir inoubliable.<\/p>\n<p>Chez Ol\u00e9 Mosaic, nous sommes votre distributeur de souvenirs en gros, proposant des produits culturels qui enrichissent l&rsquo;exp\u00e9rience touristique. Ce sous-verre en c\u00e9ramique est parfait pour les boutiques de cadeaux touristiques cherchant \u00e0 offrir \u00e0 leurs clients un morceau de l&rsquo;histoire et de la tradition de Ronda. Un cadeau merveilleux et significatif pour ceux qui souhaitent se souvenir de leur visite dans cette ville charmante.<\/p>\n","protected":false},"excerpt":{"rendered":"<p>Sous-verre en c\u00e9ramique au design vibrant inspir\u00e9 de la magnifique ville de Ronda. Ce produit pr\u00e9sente une illustration color\u00e9e mettant en avant le c\u00e9l\u00e8bre pont sur la rivi\u00e8re et des figures de toreros, repr\u00e9sentant la riche culture taurine de la r\u00e9gion. Fabriqu\u00e9 en c\u00e9ramique, sa finition brillante et ses d\u00e9tails en mosa\u00efque capturent l&rsquo;essence de Ronda, en faisant un souvenir parfait et fonctionnel qui embellira n&rsquo;importe quelle table.<\/p>\n","protected":false},"featured_media":10003,"template":"","meta":{"_acf_changed":false},"product_brand":[],"product_cat":[812],"product_tag":[585],"class_list":{"0":"post-32377","1":"product","2":"type-product","3":"status-publish","4":"has-post-thumbnail","6":"product_cat-sous-verres","7":"product_tag-ceramique","8":"pa_ciudad-ronda","9":"pa_pais-espana","11":"first","12":"instock","13":"shipping-taxable","14":"product-type-simple"},"acf":[],"_links":{"self":[{"href":"https:\/\/olemosaic.orbitalia.org\/fr\/wp-json\/wp\/v2\/product\/32377","targetHints":{"allow":["GET"]}}],"collection":[{"href":"https:\/\/olemosaic.orbitalia.org\/fr\/wp-json\/wp\/v2\/product"}],"about":[{"href":"https:\/\/olemosaic.orbitalia.org\/fr\/wp-json\/wp\/v2\/types\/product"}],"wp:featuredmedia":[{"embeddable":true,"href":"https:\/\/olemosaic.orbitalia.org\/fr\/wp-json\/wp\/v2\/media\/10003"}],"wp:attachment":[{"href":"https:\/\/olemosaic.orbitalia.org\/fr\/wp-json\/wp\/v2\/media?parent=32377"}],"wp:term":[{"taxonomy":"product_brand","embeddable":true,"href":"https:\/\/olemosaic.orbitalia.org\/fr\/wp-json\/wp\/v2\/product_brand?post=32377"},{"taxonomy":"product_cat","embeddable":true,"href":"https:\/\/olemosaic.orbitalia.org\/fr\/wp-json\/wp\/v2\/product_cat?post=32377"},{"taxonomy":"product_tag","embeddable":true,"href":"https:\/\/olemosaic.orbitalia.org\/fr\/wp-json\/wp\/v2\/product_tag?post=32377"}],"curies":[{"name":"wp","href":"https:\/\/api.w.org\/{rel}","templated":true}]}}