{"id":32376,"date":"2025-02-20T22:34:14","date_gmt":"2025-02-20T22:34:14","guid":{"rendered":"https:\/\/olemosaic.orbitalia.org\/producto\/posavasos-de-ceramica-valencia\/"},"modified":"2025-07-25T18:48:42","modified_gmt":"2025-07-25T16:48:42","slug":"sous-verre-ceramique-valence","status":"publish","type":"product","link":"https:\/\/olemosaic.orbitalia.org\/fr\/produit\/sous-verre-ceramique-valence\/","title":{"rendered":"Sous-verre en c\u00e9ramique. Valence."},"content":{"rendered":"<p>Ce sous-verre en c\u00e9ramique est un charmant souvenir qui capture l&rsquo;essence de Valence, une ville vibrante c\u00e9l\u00e8bre pour son m\u00e9lange unique d&rsquo;histoire et de modernit\u00e9. D\u00e9cor\u00e9 d&rsquo;une repr\u00e9sentation color\u00e9e de la silhouette embl\u00e9matique de la Cit\u00e9 des Arts et des Sciences, il pr\u00e9sente ce chef-d&rsquo;\u0153uvre architectural aux c\u00f4t\u00e9s de l&rsquo;impressionnante Loge de la Soie (Lonja de la Seda) et des Tours de Serranos. Le design, qui combine des tons jaunes, bleus et rouges, utilise une technique d&rsquo;impression qui souligne les d\u00e9tails architecturaux de mani\u00e8re percutante, cr\u00e9ant une mosa\u00efque qui invite \u00e0 l&rsquo;admiration.<\/p>\n<p>Le sous-verre n&rsquo;est pas seulement un article fonctionnel pour prot\u00e9ger les surfaces des boissons, mais aussi un \u00e9l\u00e9ment d\u00e9coratif attrayant qui apportera une touche de culture espagnole \u00e0 n&rsquo;importe quelle table. Sa surface en c\u00e9ramique est durable et facile \u00e0 nettoyer, garantissant une utilisation prolong\u00e9e. C&rsquo;est le cadeau parfait pour les touristes \u00e0 la recherche d&rsquo;un souvenir authentique de Valence ou pour les boutiques de cadeaux touristiques souhaitant proposer des produits mettant en valeur la richesse culturelle de la r\u00e9gion.<\/p>\n<p>Chez Ol\u00e9 Mosaic, nous sommes sp\u00e9cialis\u00e9s dans la distribution de souvenirs en gros, et ce sous-verre est une excellente option pour ceux qui souhaitent offrir des articles uniques et repr\u00e9sentatifs de la culture espagnole. Id\u00e9al pour stimuler les ventes dans n&rsquo;importe quel commerce, ce souvenir de Valence est un incontournable de l&rsquo;offre de souvenirs en c\u00e9ramique.<\/p>\n","protected":false},"excerpt":{"rendered":"<p>Sous-verre en c\u00e9ramique d\u00e9cor\u00e9 d&rsquo;une repr\u00e9sentation color\u00e9e de Valence. Cet article attrayant montre la silhouette embl\u00e9matique de la Cit\u00e9 des Arts et des Sciences, ainsi que l&rsquo;architecture gothique de la Loge de la Soie et des Tours de Serranos. Avec un design vibrant et moderne, sa technique d&rsquo;impression souligne les d\u00e9tails architecturaux \u00e0 travers des mosa\u00efques dans des tons jaunes, bleus et rouges. Parfait pour ajouter une touche de culture espagnole \u00e0 n&rsquo;importe quelle table.<\/p>\n","protected":false},"featured_media":9899,"template":"","meta":{"_acf_changed":false},"product_brand":[],"product_cat":[812],"product_tag":[585],"class_list":{"0":"post-32376","1":"product","2":"type-product","3":"status-publish","4":"has-post-thumbnail","6":"product_cat-sous-verres","7":"product_tag-ceramique","8":"pa_ciudad-valencia","9":"pa_pais-espana","11":"first","12":"instock","13":"shipping-taxable","14":"product-type-simple"},"acf":[],"_links":{"self":[{"href":"https:\/\/olemosaic.orbitalia.org\/fr\/wp-json\/wp\/v2\/product\/32376","targetHints":{"allow":["GET"]}}],"collection":[{"href":"https:\/\/olemosaic.orbitalia.org\/fr\/wp-json\/wp\/v2\/product"}],"about":[{"href":"https:\/\/olemosaic.orbitalia.org\/fr\/wp-json\/wp\/v2\/types\/product"}],"wp:featuredmedia":[{"embeddable":true,"href":"https:\/\/olemosaic.orbitalia.org\/fr\/wp-json\/wp\/v2\/media\/9899"}],"wp:attachment":[{"href":"https:\/\/olemosaic.orbitalia.org\/fr\/wp-json\/wp\/v2\/media?parent=32376"}],"wp:term":[{"taxonomy":"product_brand","embeddable":true,"href":"https:\/\/olemosaic.orbitalia.org\/fr\/wp-json\/wp\/v2\/product_brand?post=32376"},{"taxonomy":"product_cat","embeddable":true,"href":"https:\/\/olemosaic.orbitalia.org\/fr\/wp-json\/wp\/v2\/product_cat?post=32376"},{"taxonomy":"product_tag","embeddable":true,"href":"https:\/\/olemosaic.orbitalia.org\/fr\/wp-json\/wp\/v2\/product_tag?post=32376"}],"curies":[{"name":"wp","href":"https:\/\/api.w.org\/{rel}","templated":true}]}}