{"id":32375,"date":"2025-02-20T22:34:14","date_gmt":"2025-02-20T22:34:14","guid":{"rendered":"https:\/\/olemosaic.orbitalia.org\/producto\/posavasos-de-ceramica-mariposa\/"},"modified":"2025-07-25T19:07:47","modified_gmt":"2025-07-25T17:07:47","slug":"sous-verre-ceramique-papillon","status":"publish","type":"product","link":"https:\/\/olemosaic.orbitalia.org\/fr\/produit\/sous-verre-ceramique-papillon\/","title":{"rendered":"Sous-verre en c\u00e9ramique. Papillon."},"content":{"rendered":"<p>Ce sous-verre d\u00e9coratif en c\u00e9ramique est une repr\u00e9sentation vibrante de la beaut\u00e9 naturelle, id\u00e9al pour ceux qui cherchent \u00e0 ajouter une touche artistique \u00e0 leur int\u00e9rieur. Avec un design pr\u00e9sentant des papillons dans des tons rouges, jaunes et bleus, ce sous-verre se distingue par ses couleurs et la richesse de ses d\u00e9tails. Les papillons, entour\u00e9s de fleurs aux couleurs chaudes, cr\u00e9ent un effet visuel charmant qui capture l&rsquo;essence du printemps espagnol. La technique de peinture \u00e0 la main utilis\u00e9e pour sa cr\u00e9ation garantit que chaque pi\u00e8ce est unique, soulignant le savoir-faire artisanal qui perdure dans la tradition c\u00e9ramique du pays.<\/p>\n<p>Ce sous-verre n&rsquo;est pas seulement fonctionnel, il \u00e9voque \u00e9galement l&rsquo;esprit joyeux de la nature, repr\u00e9sentant un symbole de transformation et de beaut\u00e9. Son design s&rsquo;inspire des mosa\u00efques typiques qui ornent de nombreux coins d&rsquo;Espagne, rappelant le riche h\u00e9ritage culturel que le pays offre. Ol\u00e9 Mosaic est fier de distribuer ce type de souvenirs qui rehaussent l&rsquo;authenticit\u00e9 de chaque souvenir, en faisant un excellent article pour les boutiques de cadeaux touristiques \u00e0 la recherche de produits pleins de sens et d&rsquo;esth\u00e9tique.<\/p>\n<p>Ce sous-verre en c\u00e9ramique est un choix parfait pour ceux qui souhaitent un souvenir alliant art et fonctionnalit\u00e9, encapsulant l&rsquo;essence de la nature m\u00e9diterran\u00e9enne. En tant que grossistes en c\u00e9ramique, nous garantissons la qualit\u00e9 et le design de chaque pi\u00e8ce, assurant sa pertinence culturelle et son attrait en tant que souvenir typique.<\/p>\n","protected":false},"excerpt":{"rendered":"<p>Sous-verre d\u00e9coratif en c\u00e9ramique avec des papillons vibrants sur un fond de mosa\u00efque. Cet \u00e9l\u00e9gant sous-verre pr\u00e9sente un design color\u00e9, avec des papillons dans des tons rouges, jaunes et bleus, entour\u00e9s de fleurs aux couleurs chaudes. La technique employ\u00e9e est la peinture \u00e0 la main, ce qui renforce la singularit\u00e9 de chaque pi\u00e8ce. Id\u00e9al pour ajouter une touche artistique et culturelle \u00e0 votre table, \u00e9voquant l&rsquo;esprit joyeux de la nature.<\/p>\n","protected":false},"featured_media":8666,"template":"","meta":{"_acf_changed":false},"product_brand":[],"product_cat":[812],"product_tag":[530,585],"class_list":{"0":"post-32375","1":"product","2":"type-product","3":"status-publish","4":"has-post-thumbnail","6":"product_cat-sous-verres","7":"product_tag-animaux","8":"product_tag-ceramique","9":"pa_motivo-papillons","11":"first","12":"instock","13":"shipping-taxable","14":"product-type-simple"},"acf":[],"_links":{"self":[{"href":"https:\/\/olemosaic.orbitalia.org\/fr\/wp-json\/wp\/v2\/product\/32375","targetHints":{"allow":["GET"]}}],"collection":[{"href":"https:\/\/olemosaic.orbitalia.org\/fr\/wp-json\/wp\/v2\/product"}],"about":[{"href":"https:\/\/olemosaic.orbitalia.org\/fr\/wp-json\/wp\/v2\/types\/product"}],"wp:featuredmedia":[{"embeddable":true,"href":"https:\/\/olemosaic.orbitalia.org\/fr\/wp-json\/wp\/v2\/media\/8666"}],"wp:attachment":[{"href":"https:\/\/olemosaic.orbitalia.org\/fr\/wp-json\/wp\/v2\/media?parent=32375"}],"wp:term":[{"taxonomy":"product_brand","embeddable":true,"href":"https:\/\/olemosaic.orbitalia.org\/fr\/wp-json\/wp\/v2\/product_brand?post=32375"},{"taxonomy":"product_cat","embeddable":true,"href":"https:\/\/olemosaic.orbitalia.org\/fr\/wp-json\/wp\/v2\/product_cat?post=32375"},{"taxonomy":"product_tag","embeddable":true,"href":"https:\/\/olemosaic.orbitalia.org\/fr\/wp-json\/wp\/v2\/product_tag?post=32375"}],"curies":[{"name":"wp","href":"https:\/\/api.w.org\/{rel}","templated":true}]}}