{"id":32372,"date":"2025-02-20T22:34:14","date_gmt":"2025-02-20T22:34:14","guid":{"rendered":"https:\/\/olemosaic.orbitalia.org\/producto\/posavasos-de-ceramica-salamandra-y-flores-gran-canaria\/"},"modified":"2025-07-25T19:02:45","modified_gmt":"2025-07-25T17:02:45","slug":"sous-verre-en-ceramique-salamandre-et-fleurs-gran-canaria","status":"publish","type":"product","link":"https:\/\/olemosaic.orbitalia.org\/fr\/produit\/sous-verre-en-ceramique-salamandre-et-fleurs-gran-canaria\/","title":{"rendered":"Sous-verre en c\u00e9ramique. Salamandre et fleurs. Gran Canaria."},"content":{"rendered":"<p>Ce sous-verre en c\u00e9ramique d\u00e9cor\u00e9e est une pi\u00e8ce vibrante inspir\u00e9e par la beaut\u00e9 naturelle de Gran Canaria. Son design met en avant une salamandre color\u00e9e qui s&rsquo;entrelace avec des fleurs exotiques, fusionnant la faune et la flore canariennes dans une repr\u00e9sentation artistique unique. Avec une mosa\u00efque couvrant des nuances de bleu, rouge et jaune, ce sous-verre \u00e9voque la richesse visuelle de l&rsquo;\u00eele, rappelant aux voyageurs la diversit\u00e9 de son paysage et de sa culture. La finition brillante souligne les couleurs vives et les d\u00e9tails complexes du design, tandis que l&rsquo;inscription \u00ab\u00a0Gran Canaria\u00a0\u00bb ajoute une touche authentique et distinctive.<\/p>\n<p>Parfait pour un usage pratique ou d\u00e9coratif, ce sous-verre apportera une touche de sophistication et d&rsquo;artisanat \u00e0 n&rsquo;importe quelle table. Sa polyvalence lui permet de s&rsquo;int\u00e9grer parfaitement \u00e0 la maison, dans les bars ou les restaurants souhaitant offrir une exp\u00e9rience canarienne \u00e0 leurs clients. Ce souvenir de Gran Canaria n&rsquo;est pas seulement un objet utile, mais aussi un rappel tangible de l&rsquo;essence et de la beaut\u00e9 des \u00eeles, id\u00e9al pour les touristes \u00e0 la recherche d&rsquo;un morceau de la culture locale \u00e0 emporter chez eux. Chez Ol\u00e9 Mosaic, en tant que grossiste de souvenirs, nous proposons des produits authentiques qui c\u00e9l\u00e8brent la richesse culturelle de l&rsquo;Espagne, faisant de ce sous-verre une excellente option pour les boutiques de cadeaux touristiques.<\/p>\n","protected":false},"excerpt":{"rendered":"<p>Sous-verre en c\u00e9ramique d\u00e9cor\u00e9 d&rsquo;une salamandre vibrante et de fleurs, inspir\u00e9 par la beaut\u00e9 de Gran Canaria. Ce sous-verre color\u00e9 pr\u00e9sente un design en mosa\u00efque dans des tons bleus, rouges et jaunes, mettant en valeur la faune et la flore distinctives des Canaries. Avec une finition brillante et le texte \u00ab\u00a0Gran Canaria\u00a0\u00bb imprim\u00e9, c&rsquo;est une pi\u00e8ce pratique et d\u00e9corative qui apporte une touche artistique \u00e0 n&rsquo;importe quelle table, \u00e9voquant le charme des \u00eeles.<\/p>\n","protected":false},"featured_media":8138,"template":"","meta":{"_acf_changed":false},"product_brand":[],"product_cat":[812],"product_tag":[530,585],"class_list":{"0":"post-32372","1":"product","2":"type-product","3":"status-publish","4":"has-post-thumbnail","6":"product_cat-sous-verres","7":"product_tag-animaux","8":"product_tag-ceramique","9":"pa_ciudad-gran-canaria","10":"pa_motivo-salamandres","11":"pa_pais-espana","13":"first","14":"instock","15":"shipping-taxable","16":"product-type-simple"},"acf":[],"_links":{"self":[{"href":"https:\/\/olemosaic.orbitalia.org\/fr\/wp-json\/wp\/v2\/product\/32372","targetHints":{"allow":["GET"]}}],"collection":[{"href":"https:\/\/olemosaic.orbitalia.org\/fr\/wp-json\/wp\/v2\/product"}],"about":[{"href":"https:\/\/olemosaic.orbitalia.org\/fr\/wp-json\/wp\/v2\/types\/product"}],"wp:featuredmedia":[{"embeddable":true,"href":"https:\/\/olemosaic.orbitalia.org\/fr\/wp-json\/wp\/v2\/media\/8138"}],"wp:attachment":[{"href":"https:\/\/olemosaic.orbitalia.org\/fr\/wp-json\/wp\/v2\/media?parent=32372"}],"wp:term":[{"taxonomy":"product_brand","embeddable":true,"href":"https:\/\/olemosaic.orbitalia.org\/fr\/wp-json\/wp\/v2\/product_brand?post=32372"},{"taxonomy":"product_cat","embeddable":true,"href":"https:\/\/olemosaic.orbitalia.org\/fr\/wp-json\/wp\/v2\/product_cat?post=32372"},{"taxonomy":"product_tag","embeddable":true,"href":"https:\/\/olemosaic.orbitalia.org\/fr\/wp-json\/wp\/v2\/product_tag?post=32372"}],"curies":[{"name":"wp","href":"https:\/\/api.w.org\/{rel}","templated":true}]}}