{"id":32371,"date":"2025-02-20T23:34:14","date_gmt":"2025-02-20T22:34:14","guid":{"rendered":"https:\/\/olemosaic.orbitalia.org\/producto\/posavasos-de-ceramica-madrid\/"},"modified":"2025-07-25T19:06:50","modified_gmt":"2025-07-25T17:06:50","slug":"sous-verre-en-ceramique-madrid","status":"publish","type":"product","link":"https:\/\/olemosaic.orbitalia.org\/fr\/produit\/sous-verre-en-ceramique-madrid\/","title":{"rendered":"Sous-verre en c\u00e9ramique. Madrid."},"content":{"rendered":"<p>Ce sous-verre en c\u00e9ramique d\u00e9cor\u00e9 est une repr\u00e9sentation vibrante de Madrid, capturant l&rsquo;essence et le dynamisme de l&#8217;embl\u00e9matique Puerta del Sol. Son design surprenant combine une mosa\u00efque color\u00e9e qui refl\u00e8te \u00e0 la fois des figures embl\u00e9matiques de la ville et des sc\u00e8nes quotidiennes de la vie madril\u00e8ne. Sur la partie sup\u00e9rieure du sous-verre, le texte \u00ab MADRID \u00bb est pr\u00e9sent\u00e9 dans des tons vifs, attirant imm\u00e9diatement l&rsquo;attention et ajoutant une touche de joie au produit.<\/p>\n<p>Chaque pi\u00e8ce est \u00e9labor\u00e9e selon une technique soign\u00e9e de peinture \u00e0 la main, ce qui souligne la richesse des d\u00e9tails artistiques et la singularit\u00e9 de chaque sous-verre. Les couleurs vives et les figures expressives \u00e9tablissent une connexion visuelle directe avec le caract\u00e8re dynamique de la capitale espagnole. Cet objet fonctionnel devient une magnifique d\u00e9claration d\u00e9corative, id\u00e9ale pour ceux qui souhaitent emporter un morceau de Madrid chez eux.<\/p>\n<p>En tant que souvenir repr\u00e9sentatif, ce sous-verre ne sert pas seulement \u00e0 prot\u00e9ger les surfaces des tables, mais \u00e9voque \u00e9galement des souvenirs inoubliables de l&rsquo;une des villes les plus embl\u00e9matiques d&rsquo;Europe. Chez Ol\u00e9 Mosaic, en tant que grossistes de souvenirs, nous proposons des produits qui incarnent l&rsquo;authenticit\u00e9 culturelle, parfaits pour les boutiques \u00e0 la recherche d&rsquo;articles uniques et pertinents. Ce sous-verre en c\u00e9ramique de Madrid est, sans aucun doute, une excellente option pour les touristes \u00e0 la recherche d&rsquo;un souvenir significatif de leur visite.<\/p>\n","protected":false},"excerpt":{"rendered":"<p>Sous-verre en c\u00e9ramique d\u00e9cor\u00e9 d&rsquo;une illustration vibrante de Madrid, capturant l&rsquo;essence de la Puerta del Sol. Ce design color\u00e9 pr\u00e9sente une mosa\u00efque qui fusionne des figures embl\u00e9matiques et des sc\u00e8nes de la vie madril\u00e8ne, ainsi que le texte \u00ab\u00a0MADRID\u00a0\u00bb dans des tons vifs. La technique de conception artisanale, peinte \u00e0 la main, rehausse les riches d\u00e9tails, tandis que les couleurs vives apportent une touche artistique \u00e0 n&rsquo;importe quelle table. Exprime le caract\u00e8re unique de la capitale espagnole dans un objet fonctionnel et d\u00e9coratif.<\/p>\n","protected":false},"featured_media":9964,"template":"","meta":{"_acf_changed":false},"product_brand":[],"product_cat":[812],"product_tag":[585],"class_list":{"0":"post-32371","1":"product","2":"type-product","3":"status-publish","4":"has-post-thumbnail","6":"product_cat-sous-verres","7":"product_tag-ceramique","8":"pa_ciudad-madrid","9":"pa_pais-espana","11":"first","12":"instock","13":"shipping-taxable","14":"product-type-simple"},"acf":[],"_links":{"self":[{"href":"https:\/\/olemosaic.orbitalia.org\/fr\/wp-json\/wp\/v2\/product\/32371","targetHints":{"allow":["GET"]}}],"collection":[{"href":"https:\/\/olemosaic.orbitalia.org\/fr\/wp-json\/wp\/v2\/product"}],"about":[{"href":"https:\/\/olemosaic.orbitalia.org\/fr\/wp-json\/wp\/v2\/types\/product"}],"wp:featuredmedia":[{"embeddable":true,"href":"https:\/\/olemosaic.orbitalia.org\/fr\/wp-json\/wp\/v2\/media\/9964"}],"wp:attachment":[{"href":"https:\/\/olemosaic.orbitalia.org\/fr\/wp-json\/wp\/v2\/media?parent=32371"}],"wp:term":[{"taxonomy":"product_brand","embeddable":true,"href":"https:\/\/olemosaic.orbitalia.org\/fr\/wp-json\/wp\/v2\/product_brand?post=32371"},{"taxonomy":"product_cat","embeddable":true,"href":"https:\/\/olemosaic.orbitalia.org\/fr\/wp-json\/wp\/v2\/product_cat?post=32371"},{"taxonomy":"product_tag","embeddable":true,"href":"https:\/\/olemosaic.orbitalia.org\/fr\/wp-json\/wp\/v2\/product_tag?post=32371"}],"curies":[{"name":"wp","href":"https:\/\/api.w.org\/{rel}","templated":true}]}}