{"id":32354,"date":"2025-02-20T23:34:13","date_gmt":"2025-02-20T22:34:13","guid":{"rendered":"https:\/\/olemosaic.orbitalia.org\/producto\/posavasos-de-ceramica-mijas\/"},"modified":"2025-07-25T19:40:38","modified_gmt":"2025-07-25T17:40:38","slug":"sous-verre-en-ceramique-mijas","status":"publish","type":"product","link":"https:\/\/olemosaic.orbitalia.org\/fr\/produit\/sous-verre-en-ceramique-mijas\/","title":{"rendered":"Sous-verre en c\u00e9ramique. Mijas."},"content":{"rendered":"<p>Ce sous-verre en c\u00e9ramique d\u00e9cor\u00e9 est un souvenir charmant de Mijas, un village andalou pittoresque c\u00e9l\u00e8bre pour ses maisons blanchies \u00e0 la chaux et ses vues spectaculaires. La pi\u00e8ce, \u00e9labor\u00e9e avec un effet peint \u00e0 la main, pr\u00e9sente une repr\u00e9sentation vibrante de l&#8217;embl\u00e9matique Plaza de Toros, entour\u00e9e de palmiers qui ajoutent une touche tropicale au design. Les couleurs joyeuses et chaudes soulignent les d\u00e9tails architecturaux qui caract\u00e9risent ce coin de la c\u00f4te malagu\u00e8ne, capturant l&rsquo;essence du lieu et \u00e9voquant son atmosph\u00e8re accueillante.<\/p>\n<p>Le style artistique refl\u00e8te la mosa\u00efque andalouse traditionnelle, avec des motifs qui rendent hommage \u00e0 la riche culture et au patrimoine de la r\u00e9gion. Ce sous-verre n&rsquo;est pas seulement fonctionnel, il agit \u00e9galement comme un \u00e9l\u00e9ment d\u00e9coratif attrayant qui revitalise n&rsquo;importe quel espace. Il souligne l&rsquo;authenticit\u00e9 des souvenirs de Mijas, \u00e9tant une option id\u00e9ale pour ceux qui cherchent \u00e0 emporter un fragment de la vie vibrante andalouse chez eux.<\/p>\n<p>Chez Ol\u00e9 Mosaic, nous sommes distributeurs de souvenirs en c\u00e9ramique en gros et nous proposons ce sous-verre comme un excellent choix pour les boutiques de cadeaux touristiques qui appr\u00e9cient la qualit\u00e9, l&rsquo;artisanat et la connexion culturelle. Avec cet article, les touristes pourront profiter d&rsquo;un souvenir repr\u00e9sentatif et unique qui durera dans le temps.<\/p>\n","protected":false},"excerpt":{"rendered":"<p>Sous-verre en c\u00e9ramique d\u00e9cor\u00e9 d&rsquo;une repr\u00e9sentation vibrante de Mijas, \u00e9voquant l&rsquo;essence de ce charmant village andalou. Le design inclut la c\u00e9l\u00e8bre Plaza de Toros et des d\u00e9tails chaleureux de maisons blanches avec des palmiers, le tout dans un design artisanal, peint \u00e0 la main, avec des couleurs joyeuses et frappantes. Avec un style rappelant la mosa\u00efque andalouse caract\u00e9ristique, ce sous-verre est un souvenir parfait pour les amoureux de la culture espagnole.<\/p>\n","protected":false},"featured_media":10029,"template":"","meta":{"_acf_changed":false},"product_brand":[],"product_cat":[812],"product_tag":[530,585],"class_list":{"0":"post-32354","1":"product","2":"type-product","3":"status-publish","4":"has-post-thumbnail","6":"product_cat-sous-verres","7":"product_tag-animaux","8":"product_tag-ceramique","9":"pa_ciudad-mijas","10":"pa_pais-espana","12":"first","13":"instock","14":"shipping-taxable","15":"product-type-simple"},"acf":[],"_links":{"self":[{"href":"https:\/\/olemosaic.orbitalia.org\/fr\/wp-json\/wp\/v2\/product\/32354","targetHints":{"allow":["GET"]}}],"collection":[{"href":"https:\/\/olemosaic.orbitalia.org\/fr\/wp-json\/wp\/v2\/product"}],"about":[{"href":"https:\/\/olemosaic.orbitalia.org\/fr\/wp-json\/wp\/v2\/types\/product"}],"wp:featuredmedia":[{"embeddable":true,"href":"https:\/\/olemosaic.orbitalia.org\/fr\/wp-json\/wp\/v2\/media\/10029"}],"wp:attachment":[{"href":"https:\/\/olemosaic.orbitalia.org\/fr\/wp-json\/wp\/v2\/media?parent=32354"}],"wp:term":[{"taxonomy":"product_brand","embeddable":true,"href":"https:\/\/olemosaic.orbitalia.org\/fr\/wp-json\/wp\/v2\/product_brand?post=32354"},{"taxonomy":"product_cat","embeddable":true,"href":"https:\/\/olemosaic.orbitalia.org\/fr\/wp-json\/wp\/v2\/product_cat?post=32354"},{"taxonomy":"product_tag","embeddable":true,"href":"https:\/\/olemosaic.orbitalia.org\/fr\/wp-json\/wp\/v2\/product_tag?post=32354"}],"curies":[{"name":"wp","href":"https:\/\/api.w.org\/{rel}","templated":true}]}}