{"id":32350,"date":"2025-02-20T23:34:13","date_gmt":"2025-02-20T22:34:13","guid":{"rendered":"https:\/\/olemosaic.orbitalia.org\/producto\/posavasos-de-ceramica-bilbao\/"},"modified":"2025-07-25T18:33:49","modified_gmt":"2025-07-25T16:33:49","slug":"sous-verre-en-ceramique-bilbao","status":"publish","type":"product","link":"https:\/\/olemosaic.orbitalia.org\/fr\/produit\/sous-verre-en-ceramique-bilbao\/","title":{"rendered":"Sous-verre en c\u00e9ramique. Bilbao."},"content":{"rendered":"<p>Ce sous-verre en c\u00e9ramique, d\u00e9cor\u00e9 d&rsquo;une illustration vibrante de Bilbao, est un authentique souvenir de la culture basque. Le design pr\u00e9sente une mosa\u00efque color\u00e9e qui capture l&rsquo;essence de la ville, mettant en avant l&#8217;embl\u00e9matique mus\u00e9e Guggenheim avec sa structure iconique en titane, la Plaza Nueva avec son architecture n\u00e9oclassique et d&rsquo;autres monuments repr\u00e9sentatifs qui \u00e9voquent la riche histoire locale. Chaque d\u00e9tail du sous-verre est peint \u00e0 la main, ce qui garantit que chaque pi\u00e8ce est unique et offre une touche artistique qui rehausse la tradition c\u00e9ramique de la r\u00e9gion.<\/p>\n<p>Les tons brillants de l&rsquo;illustration apportent vie et joie, faisant de ce sous-verre un \u00e9l\u00e9ment d\u00e9coratif id\u00e9al pour n&rsquo;importe quel foyer. Le m\u00e9lange de couleurs vibrantes dans le design ne repr\u00e9sente pas seulement la beaut\u00e9 de Bilbao, mais aussi son dynamisme culturel et cr\u00e9atif. Ce souvenir, en plus d&rsquo;\u00eatre utile, invite les visiteurs \u00e0 se souvenir de la chaleur et de l&rsquo;authenticit\u00e9 de Bilbao \u00e0 chaque utilisation.<\/p>\n<p>Chez Ol\u00e9 Mosaic, nous sommes sp\u00e9cialistes de la distribution en gros de souvenirs comme ce sous-verre en c\u00e9ramique, offrant des produits qui refl\u00e8tent l&rsquo;identit\u00e9 culturelle de chaque r\u00e9gion. Cette pi\u00e8ce est une excellente option pour les boutiques de cadeaux touristiques qui cherchent \u00e0 offrir \u00e0 leurs clients un souvenir authentique et repr\u00e9sentatif de Bilbao, apportant qualit\u00e9 et originalit\u00e9 \u00e0 leur catalogue de souvenirs.<\/p>\n","protected":false},"excerpt":{"rendered":"<p>Sous-verres en c\u00e9ramique d\u00e9cor\u00e9s d&rsquo;une illustration vibrante de Bilbao. Cet article pr\u00e9sente un design color\u00e9 qui capture l&rsquo;essence de la ville, montrant l&#8217;embl\u00e9matique Guggenheim, la Plaza Nueva et d&rsquo;autres monuments iconiques. La technique utilis\u00e9e est le design artisanal, peint \u00e0 la main, lo que lui conf\u00e8re une touche artistique et unique. Les tons brillants et les d\u00e9tails en mosa\u00efque font de ce sous-verre un souvenir parfait qui \u00e9voque la richesse culturelle de Bilbao.<\/p>\n","protected":false},"featured_media":9905,"template":"","meta":{"_acf_changed":false},"product_brand":[],"product_cat":[812],"product_tag":[585],"class_list":{"0":"post-32350","1":"product","2":"type-product","3":"status-publish","4":"has-post-thumbnail","6":"product_cat-sous-verres","7":"product_tag-ceramique","8":"pa_ciudad-bilbao","9":"pa_pais-espana","11":"first","12":"instock","13":"shipping-taxable","14":"product-type-simple"},"acf":[],"_links":{"self":[{"href":"https:\/\/olemosaic.orbitalia.org\/fr\/wp-json\/wp\/v2\/product\/32350","targetHints":{"allow":["GET"]}}],"collection":[{"href":"https:\/\/olemosaic.orbitalia.org\/fr\/wp-json\/wp\/v2\/product"}],"about":[{"href":"https:\/\/olemosaic.orbitalia.org\/fr\/wp-json\/wp\/v2\/types\/product"}],"wp:featuredmedia":[{"embeddable":true,"href":"https:\/\/olemosaic.orbitalia.org\/fr\/wp-json\/wp\/v2\/media\/9905"}],"wp:attachment":[{"href":"https:\/\/olemosaic.orbitalia.org\/fr\/wp-json\/wp\/v2\/media?parent=32350"}],"wp:term":[{"taxonomy":"product_brand","embeddable":true,"href":"https:\/\/olemosaic.orbitalia.org\/fr\/wp-json\/wp\/v2\/product_brand?post=32350"},{"taxonomy":"product_cat","embeddable":true,"href":"https:\/\/olemosaic.orbitalia.org\/fr\/wp-json\/wp\/v2\/product_cat?post=32350"},{"taxonomy":"product_tag","embeddable":true,"href":"https:\/\/olemosaic.orbitalia.org\/fr\/wp-json\/wp\/v2\/product_tag?post=32350"}],"curies":[{"name":"wp","href":"https:\/\/api.w.org\/{rel}","templated":true}]}}