{"id":32345,"date":"2025-02-20T22:34:12","date_gmt":"2025-02-20T22:34:12","guid":{"rendered":"https:\/\/olemosaic.orbitalia.org\/producto\/posavasos-de-ceramica-toros-madrid\/"},"modified":"2025-07-25T18:34:32","modified_gmt":"2025-07-25T16:34:32","slug":"sous-verre-ceramique-taureaux-madrid","status":"publish","type":"product","link":"https:\/\/olemosaic.orbitalia.org\/fr\/produit\/sous-verre-ceramique-taureaux-madrid\/","title":{"rendered":"Sous-verre en c\u00e9ramique. Taureaux. Madrid."},"content":{"rendered":"<p>Ce sous-verre en c\u00e9ramique, d\u00e9cor\u00e9 d&rsquo;un design vibrant de taureaux, est un \u00e9l\u00e9gant souvenir de Madrid, parfait pour ceux qui recherchent une pi\u00e8ce repr\u00e9sentative de la culture espagnole. La c\u00e9ramique pr\u00e9sente une illustration color\u00e9e en mosa\u00efque o\u00f9 se d\u00e9tache un imposant taureau, symbole iconique de la capitale. Avec sa palette de couleurs \u00e9clatantes, o\u00f9 pr\u00e9dominent les tons rouge, jaune et bleu, le taureau \u00e9merge avec force sur un fond de d\u00e9licats p\u00e9tales rouges et un soleil radieux, capturant l&rsquo;essence de l&rsquo;esprit madril\u00e8ne. Le mot \u00ab\u00a0MADRID\u00a0\u00bb, imprim\u00e9 sur la partie sup\u00e9rieure, renforce le caract\u00e8re local du souvenir, en faisant un excellent article pour les touristes.<\/p>\n<p>Ce sous-verre n&rsquo;est pas seulement fonctionnel comme support pour boissons, mais c&rsquo;est aussi un \u00e9l\u00e9ment d\u00e9coratif qui ajoute une touche d&rsquo;authenticit\u00e9 \u00e0 n&rsquo;importe quel foyer. La repr\u00e9sentation du taureau, li\u00e9e \u00e0 des traditions aussi ancr\u00e9es que la tauromachie, ajoute une valeur culturelle significative au produit, permettant aux visiteurs d&#8217;emporter un morceau de l&rsquo;histoire et de l&rsquo;art de Madrid. Chez Ol\u00e9 Mosaic, en tant que distributeurs de souvenirs en c\u00e9ramique en gros, nous proposons des options authentiques et vibrantes qui incarnent la riche culture espagnole, faisant de ce sous-verre un choix id\u00e9al pour les boutiques de cadeaux touristiques cherchant \u00e0 capturer l&rsquo;essence de la ville.<\/p>\n","protected":false},"excerpt":{"rendered":"<p>Sous-verre en c\u00e9ramique d\u00e9cor\u00e9 d&rsquo;un design vibrant de taureaux, repr\u00e9sentant l&rsquo;un des symboles les plus iconiques de Madrid. Le sous-verre affiche une illustration color\u00e9e en mosa\u00efque, o\u00f9 le taureau se d\u00e9tache dans des couleurs \u00e9clatantes sur un fond de p\u00e9tales rouges et un soleil radieux. Avec le mot \u00ab\u00a0MADRID\u00a0\u00bb imprim\u00e9 sur la partie sup\u00e9rieure, cet article allie tradition et modernit\u00e9, devenant un souvenir \u00e9l\u00e9gant et fonctionnel qui exalte la culture espagnole.<\/p>\n","protected":false},"featured_media":8140,"template":"","meta":{"_acf_changed":false},"product_brand":[],"product_cat":[812],"product_tag":[530,585],"class_list":{"0":"post-32345","1":"product","2":"type-product","3":"status-publish","4":"has-post-thumbnail","6":"product_cat-sous-verres","7":"product_tag-animaux","8":"product_tag-ceramique","9":"pa_ciudad-madrid","10":"pa_motivo-taureaux","11":"pa_pais-espana","13":"first","14":"instock","15":"shipping-taxable","16":"product-type-simple"},"acf":[],"_links":{"self":[{"href":"https:\/\/olemosaic.orbitalia.org\/fr\/wp-json\/wp\/v2\/product\/32345","targetHints":{"allow":["GET"]}}],"collection":[{"href":"https:\/\/olemosaic.orbitalia.org\/fr\/wp-json\/wp\/v2\/product"}],"about":[{"href":"https:\/\/olemosaic.orbitalia.org\/fr\/wp-json\/wp\/v2\/types\/product"}],"wp:featuredmedia":[{"embeddable":true,"href":"https:\/\/olemosaic.orbitalia.org\/fr\/wp-json\/wp\/v2\/media\/8140"}],"wp:attachment":[{"href":"https:\/\/olemosaic.orbitalia.org\/fr\/wp-json\/wp\/v2\/media?parent=32345"}],"wp:term":[{"taxonomy":"product_brand","embeddable":true,"href":"https:\/\/olemosaic.orbitalia.org\/fr\/wp-json\/wp\/v2\/product_brand?post=32345"},{"taxonomy":"product_cat","embeddable":true,"href":"https:\/\/olemosaic.orbitalia.org\/fr\/wp-json\/wp\/v2\/product_cat?post=32345"},{"taxonomy":"product_tag","embeddable":true,"href":"https:\/\/olemosaic.orbitalia.org\/fr\/wp-json\/wp\/v2\/product_tag?post=32345"}],"curies":[{"name":"wp","href":"https:\/\/api.w.org\/{rel}","templated":true}]}}