{"id":32318,"date":"2025-02-20T22:34:11","date_gmt":"2025-02-20T22:34:11","guid":{"rendered":"https:\/\/olemosaic.orbitalia.org\/producto\/posavasos-de-ceramica-gato\/"},"modified":"2025-07-25T19:51:02","modified_gmt":"2025-07-25T17:51:02","slug":"sous-verre-en-ceramique-chat","status":"publish","type":"product","link":"https:\/\/olemosaic.orbitalia.org\/fr\/produit\/sous-verre-en-ceramique-chat\/","title":{"rendered":"Sous-verre en c\u00e9ramique. Chat."},"content":{"rendered":"<p>Ce sous-verre en c\u00e9ramique, au design vibrant de chats, est le choix parfait pour apporter une touche joyeuse et color\u00e9e \u00e0 n&rsquo;importe quelle table. Avec un diam\u00e8tre id\u00e9al pour s&rsquo;adapter \u00e0 diff\u00e9rents types de verres et de tasses, son design pr\u00e9sente une mosa\u00efque color\u00e9e combinant des tons bleus, rouges, verts et jaunes. Au centre se trouvent trois chats stylis\u00e9s, chacun montrant sa propre personnalit\u00e9, entour\u00e9s de d\u00e9licats papillons qui apportent mouvement et fra\u00eecheur \u00e0 la pi\u00e8ce. La technique de peinture utilis\u00e9e souligne chaque d\u00e9tail de l&rsquo;art, transformant ce produit en une \u0153uvre d\u00e9corative et fonctionnelle. Inspir\u00e9 par la culture et le folklore andalou, ce sous-verre refl\u00e8te la riche tradition artistique de la r\u00e9gion, o\u00f9 les mosa\u00efques sont une forme d&rsquo;expression populaire. Ce n&rsquo;est pas seulement un accessoire id\u00e9al pour la maison, mais aussi un excellent souvenir repr\u00e9sentatif, permettant aux touristes de ramener un morceau de l&rsquo;essence andalouse. Chez Ol\u00e9 Mosaic, nous distribuons ces sous-verres en c\u00e9ramique en gros, offrant des produits authentiques et de qualit\u00e9 qui capturent la beaut\u00e9 de l&rsquo;art espagnol. Une merveilleuse option pour les boutiques de cadeaux touristiques \u00e0 la recherche de souvenirs uniques et significatifs.<\/p>\n","protected":false},"excerpt":{"rendered":"<p>Sous-verre en c\u00e9ramique au design vibrant de chats, id\u00e9al pour apporter une touche joyeuse \u00e0 n&rsquo;importe quelle table. Il pr\u00e9sente une mosa\u00efque color\u00e9e combinant des tons bleus, rouges, verts et jaunes, avec trois chats stylis\u00e9s entour\u00e9s de papillons, \u00e9voquant l&rsquo;art et le folklore andalou. La technique de peinture employ\u00e9e souligne chaque d\u00e9tail, en faisant une pi\u00e8ce d\u00e9corative et fonctionnelle pour la maison.<\/p>\n","protected":false},"featured_media":8667,"template":"","meta":{"_acf_changed":false},"product_brand":[],"product_cat":[812],"product_tag":[530,585],"class_list":{"0":"post-32318","1":"product","2":"type-product","3":"status-publish","4":"has-post-thumbnail","6":"product_cat-sous-verres","7":"product_tag-animaux","8":"product_tag-ceramique","9":"pa_motivo-chats","11":"first","12":"instock","13":"shipping-taxable","14":"product-type-simple"},"acf":[],"_links":{"self":[{"href":"https:\/\/olemosaic.orbitalia.org\/fr\/wp-json\/wp\/v2\/product\/32318","targetHints":{"allow":["GET"]}}],"collection":[{"href":"https:\/\/olemosaic.orbitalia.org\/fr\/wp-json\/wp\/v2\/product"}],"about":[{"href":"https:\/\/olemosaic.orbitalia.org\/fr\/wp-json\/wp\/v2\/types\/product"}],"wp:featuredmedia":[{"embeddable":true,"href":"https:\/\/olemosaic.orbitalia.org\/fr\/wp-json\/wp\/v2\/media\/8667"}],"wp:attachment":[{"href":"https:\/\/olemosaic.orbitalia.org\/fr\/wp-json\/wp\/v2\/media?parent=32318"}],"wp:term":[{"taxonomy":"product_brand","embeddable":true,"href":"https:\/\/olemosaic.orbitalia.org\/fr\/wp-json\/wp\/v2\/product_brand?post=32318"},{"taxonomy":"product_cat","embeddable":true,"href":"https:\/\/olemosaic.orbitalia.org\/fr\/wp-json\/wp\/v2\/product_cat?post=32318"},{"taxonomy":"product_tag","embeddable":true,"href":"https:\/\/olemosaic.orbitalia.org\/fr\/wp-json\/wp\/v2\/product_tag?post=32318"}],"curies":[{"name":"wp","href":"https:\/\/api.w.org\/{rel}","templated":true}]}}