{"id":32317,"date":"2025-02-20T22:34:09","date_gmt":"2025-02-20T22:34:09","guid":{"rendered":"https:\/\/olemosaic.orbitalia.org\/producto\/posavasos-de-ceramica-flamencos\/"},"modified":"2025-07-25T18:46:47","modified_gmt":"2025-07-25T16:46:47","slug":"sous-verre-en-ceramique-flamants-roses","status":"publish","type":"product","link":"https:\/\/olemosaic.orbitalia.org\/fr\/produit\/sous-verre-en-ceramique-flamants-roses\/","title":{"rendered":"Sous-verre en c\u00e9ramique. Flamants roses."},"content":{"rendered":"<p>Ce sous-verre en c\u00e9ramique, au design vibrant de flamants roses, est le choix parfait pour ceux qui recherchent un souvenir authentique de l&rsquo;Andalousie. Peint \u00e0 la main, ce sous-verre color\u00e9 montre deux flamants roses entrela\u00e7ant leurs cous dans un geste d&rsquo;amour chaleureux, sur un fond bleu qui \u00e9voque la fra\u00eecheur des paysages m\u00e9diterran\u00e9ens. Les teintes rouges et bleues sont appliqu\u00e9es avec soin, cr\u00e9ant une finition brillante qui souligne chaque nuance et d\u00e9tail du design, ce qui en fait une pi\u00e8ce v\u00e9ritablement artistique. La technique c\u00e9ramique utilis\u00e9e garantit notament la beaut\u00e9 du produit, mais aussi sa durabilit\u00e9, id\u00e9ale pour prot\u00e9ger vos surfaces et ajouter une touche de style \u00e0 n&rsquo;importe quel foyer ou espace.<\/p>\n<p>Ce sous-verre capture l&rsquo;essence du folklore espagnol, repr\u00e9sentant la riche faune andalouse, c\u00e9l\u00e8bre pour ses flamants roses qui habitent ses zones humides. Un souvenir parfait pour les touristes et les amateurs de culture m\u00e9diterran\u00e9enne, cet article n&rsquo;est pas seulement d\u00e9coratif, mais repr\u00e9sente aussi un morceau de la tradition locale. Chez Ol\u00e9 Mosaic, nous sommes fiers de proposer des souvenirs authentiques qui refl\u00e8tent la richesse culturelle de l&rsquo;Espagne. Ce sous-verre de flamants roses est une excellente option pour les boutiques de cadeaux touristiques qui recherchent des produits alliant fonctionnalit\u00e9 et esth\u00e9tique. En tant que distributeurs de souvenirs en c\u00e9ramique, nous garantissons la qualit\u00e9 et l&rsquo;artisanat de chaque pi\u00e8ce que nous proposons.<\/p>\n","protected":false},"excerpt":{"rendered":"<p>Sous-verre en c\u00e9ramique au design vibrant de flamants roses. Ce sous-verre color\u00e9 montre deux flamants roses sur un fond bleu, symbolisant la richesse de la faune andalouse. La technique employ\u00e9e est la peinture \u00e0 la main, avec une finition brillante qui souligne les nuances rouges et bleues. Parfait pour ajouter une touche artistique tout en prot\u00e9geant vos surfaces, cet article capture l&rsquo;essence du folklore espagnol et est id\u00e9al pour tout amateur de culture m\u00e9diterran\u00e9enne.<\/p>\n","protected":false},"featured_media":8674,"template":"","meta":{"_acf_changed":false},"product_brand":[],"product_cat":[812],"product_tag":[530,585],"class_list":{"0":"post-32317","1":"product","2":"type-product","3":"status-publish","4":"has-post-thumbnail","6":"product_cat-sous-verres","7":"product_tag-animaux","8":"product_tag-ceramique","9":"pa_motivo-flamants-roses","11":"first","12":"instock","13":"shipping-taxable","14":"product-type-simple"},"acf":[],"_links":{"self":[{"href":"https:\/\/olemosaic.orbitalia.org\/fr\/wp-json\/wp\/v2\/product\/32317","targetHints":{"allow":["GET"]}}],"collection":[{"href":"https:\/\/olemosaic.orbitalia.org\/fr\/wp-json\/wp\/v2\/product"}],"about":[{"href":"https:\/\/olemosaic.orbitalia.org\/fr\/wp-json\/wp\/v2\/types\/product"}],"wp:featuredmedia":[{"embeddable":true,"href":"https:\/\/olemosaic.orbitalia.org\/fr\/wp-json\/wp\/v2\/media\/8674"}],"wp:attachment":[{"href":"https:\/\/olemosaic.orbitalia.org\/fr\/wp-json\/wp\/v2\/media?parent=32317"}],"wp:term":[{"taxonomy":"product_brand","embeddable":true,"href":"https:\/\/olemosaic.orbitalia.org\/fr\/wp-json\/wp\/v2\/product_brand?post=32317"},{"taxonomy":"product_cat","embeddable":true,"href":"https:\/\/olemosaic.orbitalia.org\/fr\/wp-json\/wp\/v2\/product_cat?post=32317"},{"taxonomy":"product_tag","embeddable":true,"href":"https:\/\/olemosaic.orbitalia.org\/fr\/wp-json\/wp\/v2\/product_tag?post=32317"}],"curies":[{"name":"wp","href":"https:\/\/api.w.org\/{rel}","templated":true}]}}