{"id":32307,"date":"2025-02-20T22:34:08","date_gmt":"2025-02-20T22:34:08","guid":{"rendered":"https:\/\/olemosaic.orbitalia.org\/producto\/portavelas-de-ceramica-salamandra-y-flores-blanco\/"},"modified":"2025-07-25T18:38:23","modified_gmt":"2025-07-25T16:38:23","slug":"photophore-en-ceramique-salamandre-et-fleurs-blanc","status":"publish","type":"product","link":"https:\/\/olemosaic.orbitalia.org\/fr\/produit\/photophore-en-ceramique-salamandre-et-fleurs-blanc\/","title":{"rendered":"Photophore en c\u00e9ramique. Salamandre et fleurs. Blanc."},"content":{"rendered":"<p>Ce photophore en c\u00e9ramique est une pi\u00e8ce d\u00e9corative vibrante qui incarne l&rsquo;essence du folklore m\u00e9diterran\u00e9en. Son design color\u00e9 pr\u00e9sente une charmante salamandre entour\u00e9e de fleurs, cr\u00e9ant une atmosph\u00e8re joyeuse et accueillante. Le photophore, d&rsquo;un blanc \u00e9l\u00e9gant, devient la toile parfaite pour les d\u00e9tails en mosa\u00efque qui ornent sa surface, mettant en valeur des tons brillants de jaune, rouge, bleu et vert qui apportent une touche de fra\u00eecheur et de vitalit\u00e9 \u00e0 n&rsquo;importe quel espace. Chaque fleur et chaque d\u00e9tail de la mosa\u00efque sont m\u00e9ticuleusement \u00e9labor\u00e9s, refl\u00e9tant la riche tradition culturelle de la r\u00e9gion m\u00e9diterran\u00e9enne, o\u00f9 la c\u00e9ramique est un art appr\u00e9ci\u00e9 et c\u00e9l\u00e9br\u00e9.<\/p>\n<p>Ce photophore ne sert pas seulement \u00e0 soutenir une bougie, mais agit \u00e9galement comme une belle pi\u00e8ce d\u00e9corative qui peut illuminer et donner vie aux tables, \u00e9tag\u00e8res ou n&rsquo;importe quel coin de la maison. Id\u00e9al comme souvenir, ce photophore en c\u00e9ramique devient un souvenir authentique qui capture l&rsquo;essence d&rsquo;une r\u00e9gion riche en culture et en tradition. Chez Ol\u00e9 Mosaic, nous sommes fiers d&rsquo;offrir des souvenirs en c\u00e9ramique de haute qualit\u00e9, parfaits pour les touristes \u00e0 la recherche de souvenirs repr\u00e9sentant l&rsquo;authenticit\u00e9 et l&rsquo;art artisanal. Ce photophore est une excellente option pour les boutiques de cadeaux souhaitant \u00e9largir leur offre avec des produits authentiques et repr\u00e9sentatifs du patrimoine m\u00e9diterran\u00e9en.<\/p>\n","protected":false},"excerpt":{"rendered":"<p>Photophore en c\u00e9ramique au design color\u00e9 pr\u00e9sentant une salamandre et des fleurs, id\u00e9al pour donner une touche vibrante \u00e0 n&rsquo;importe quel espace. Cet \u00e9l\u00e9gant photophore blanc est orn\u00e9 de d\u00e9tails en mosa\u00efque dans des tons jaunes, rouges, bleus et verts, repr\u00e9sentant des \u00e9l\u00e9ments typiques du folklore m\u00e9diterran\u00e9en. Parfait pour cr\u00e9er une ambiance chaleureuse, c&rsquo;est une pi\u00e8ce artisanale qui refl\u00e8te la riche culture de la r\u00e9gion.<\/p>\n","protected":false},"featured_media":8358,"template":"","meta":{"_acf_changed":false},"product_brand":[],"product_cat":[809],"product_tag":[530,585],"class_list":{"0":"post-32307","1":"product","2":"type-product","3":"status-publish","4":"has-post-thumbnail","6":"product_cat-photophores","7":"product_tag-animaux","8":"product_tag-ceramique","9":"pa_motivo-salamandres","11":"first","12":"instock","13":"shipping-taxable","14":"product-type-simple"},"acf":[],"_links":{"self":[{"href":"https:\/\/olemosaic.orbitalia.org\/fr\/wp-json\/wp\/v2\/product\/32307","targetHints":{"allow":["GET"]}}],"collection":[{"href":"https:\/\/olemosaic.orbitalia.org\/fr\/wp-json\/wp\/v2\/product"}],"about":[{"href":"https:\/\/olemosaic.orbitalia.org\/fr\/wp-json\/wp\/v2\/types\/product"}],"wp:featuredmedia":[{"embeddable":true,"href":"https:\/\/olemosaic.orbitalia.org\/fr\/wp-json\/wp\/v2\/media\/8358"}],"wp:attachment":[{"href":"https:\/\/olemosaic.orbitalia.org\/fr\/wp-json\/wp\/v2\/media?parent=32307"}],"wp:term":[{"taxonomy":"product_brand","embeddable":true,"href":"https:\/\/olemosaic.orbitalia.org\/fr\/wp-json\/wp\/v2\/product_brand?post=32307"},{"taxonomy":"product_cat","embeddable":true,"href":"https:\/\/olemosaic.orbitalia.org\/fr\/wp-json\/wp\/v2\/product_cat?post=32307"},{"taxonomy":"product_tag","embeddable":true,"href":"https:\/\/olemosaic.orbitalia.org\/fr\/wp-json\/wp\/v2\/product_tag?post=32307"}],"curies":[{"name":"wp","href":"https:\/\/api.w.org\/{rel}","templated":true}]}}