{"id":32289,"date":"2025-02-20T23:34:08","date_gmt":"2025-02-20T22:34:08","guid":{"rendered":"https:\/\/olemosaic.orbitalia.org\/producto\/portavelas-de-ceramica-barcelona-azul\/"},"modified":"2025-07-25T19:08:31","modified_gmt":"2025-07-25T17:08:31","slug":"photophore-en-ceramique-barcelone-bleu","status":"publish","type":"product","link":"https:\/\/olemosaic.orbitalia.org\/fr\/produit\/photophore-en-ceramique-barcelone-bleu\/","title":{"rendered":"Photophore en c\u00e9ramique. Barcelone. Bleu."},"content":{"rendered":"<p>Ce photophore en c\u00e9ramique est un \u00e9chantillon authentique de l&rsquo;art vibrant et de la culture barcelonaise. De design carr\u00e9, il pr\u00e9sente des illustrations qui capturent l&rsquo;essence de la ville, incluant des monuments embl\u00e9matiques tels que la Sagrada Familia et le Parc G\u00fcell. Les couleurs bleu, rouge et vert pr\u00e9dominent dans sa d\u00e9coration, cr\u00e9ant une pi\u00e8ce qui non seulement \u00e9claire, mais devient \u00e9galement un attrait visuel dans n&rsquo;importe quel environnement. Ce photophore se distingue par sa fabrication artisanale ; chaque pi\u00e8ce semble \u00eatre peinte \u00e0 la main, ce qui assure son authenticit\u00e9 et une touche personnelle qui la distingue.<\/p>\n<p>Les illustrations refl\u00e8tent le style moderniste qui caract\u00e9rise l&rsquo;architecture barcelonaise, invitant les voyageurs \u00e0 se souvenir de leur visite dans cette ville iconique. Ce photophore ne fournit pas seulement une ambiance chaleureuse et accueillante, mais agit \u00e9galement comme un article d\u00e9coratif qui souligne la richesse culturelle de Barcelone. En acqu\u00e9rant ce produit, les touristes peuvent emporter une partie de la ville, que ce soit comme un cadeau significatif ou un souvenir personnel.<\/p>\n<p>Chez Ol\u00e9 Mosaic, en tant que distributeurs de souvenirs en gros, nous proposons ce photophore en c\u00e9ramique comme une excellente option pour les boutiques de cadeaux touristiques qui recherchent des produits racontant des histoires. Ce souvenir est parfait pour ceux qui souhaitent un souvenir authentique et repr\u00e9sentatif de la beaut\u00e9 de Barcelone.<\/p>\n","protected":false},"excerpt":{"rendered":"<p>Photophore en c\u00e9ramique d\u00e9cor\u00e9 d&rsquo;illustrations vibrantes de Barcelone, incluant des monuments embl\u00e9matiques tels que la Sagrada Familia et le Park G\u00fcell. Son design carr\u00e9 souligne les couleurs bleu, rouge et vert, repr\u00e9sentant la riche culture et l&rsquo;art moderniste de la ville. \u00c9labor\u00e9 en c\u00e9ramique avec des techniques de peinture \u00e0 la main, ce photophore n&rsquo;\u00e9claire pas seulement n&rsquo;importe quel espace, mais apporte \u00e9galement une touche artistique et distinctive inspir\u00e9e par la beaut\u00e9 de Barcelone.<\/p>\n","protected":false},"featured_media":12101,"template":"","meta":{"_acf_changed":false},"product_brand":[],"product_cat":[809],"product_tag":[585],"class_list":{"0":"post-32289","1":"product","2":"type-product","3":"status-publish","4":"has-post-thumbnail","6":"product_cat-photophores","7":"product_tag-ceramique","8":"pa_ciudad-barcelona","9":"pa_pais-espana","11":"first","12":"instock","13":"shipping-taxable","14":"product-type-simple"},"acf":[],"_links":{"self":[{"href":"https:\/\/olemosaic.orbitalia.org\/fr\/wp-json\/wp\/v2\/product\/32289","targetHints":{"allow":["GET"]}}],"collection":[{"href":"https:\/\/olemosaic.orbitalia.org\/fr\/wp-json\/wp\/v2\/product"}],"about":[{"href":"https:\/\/olemosaic.orbitalia.org\/fr\/wp-json\/wp\/v2\/types\/product"}],"wp:featuredmedia":[{"embeddable":true,"href":"https:\/\/olemosaic.orbitalia.org\/fr\/wp-json\/wp\/v2\/media\/12101"}],"wp:attachment":[{"href":"https:\/\/olemosaic.orbitalia.org\/fr\/wp-json\/wp\/v2\/media?parent=32289"}],"wp:term":[{"taxonomy":"product_brand","embeddable":true,"href":"https:\/\/olemosaic.orbitalia.org\/fr\/wp-json\/wp\/v2\/product_brand?post=32289"},{"taxonomy":"product_cat","embeddable":true,"href":"https:\/\/olemosaic.orbitalia.org\/fr\/wp-json\/wp\/v2\/product_cat?post=32289"},{"taxonomy":"product_tag","embeddable":true,"href":"https:\/\/olemosaic.orbitalia.org\/fr\/wp-json\/wp\/v2\/product_tag?post=32289"}],"curies":[{"name":"wp","href":"https:\/\/api.w.org\/{rel}","templated":true}]}}