{"id":32287,"date":"2025-02-20T22:34:08","date_gmt":"2025-02-20T22:34:08","guid":{"rendered":"https:\/\/olemosaic.orbitalia.org\/producto\/portavelas-de-ceramica-toros-blanco\/"},"modified":"2025-07-25T18:38:21","modified_gmt":"2025-07-25T16:38:21","slug":"photophore-en-ceramique-taureaux-blanc","status":"publish","type":"product","link":"https:\/\/olemosaic.orbitalia.org\/fr\/produit\/photophore-en-ceramique-taureaux-blanc\/","title":{"rendered":"Photophore en c\u00e9ramique. Taureaux. Blanc."},"content":{"rendered":"<p>Ce photophore en c\u00e9ramique d\u00e9cor\u00e9 est un souvenir attrayant qui capture l&rsquo;essence vibrante de la culture espagnole. Avec un design color\u00e9 pr\u00e9sentant deux taureaux entour\u00e9s d&rsquo;un paysage floral, cet \u00e9l\u00e9gant photophore blanc est id\u00e9al pour ajouter une touche artistique \u00e0 n&rsquo;importe quelle ambiance. La technique de mosa\u00efque utilis\u00e9e souligne les textures complexes et les d\u00e9tails de l&rsquo;art, cr\u00e9ant un effet visuel captivant qui c\u00e9l\u00e8bre le symbolisme du taureau dans la tradition espagnole. Le taureau, embl\u00e9matique de la culture ib\u00e9rique, repr\u00e9sente la force et le courage, faisant de cet objet un souvenir digne des corridas et des f\u00eates populaires, \u00e9l\u00e9ments fondamentaux de l&rsquo;identit\u00e9 nationale.<\/p>\n<p>Ce photophore n&rsquo;est pas seulement fonctionnel, mais aussi une pi\u00e8ce d\u00e9corative qui attirera l&rsquo;attention de ceux qui recherchent des souvenirs authentiques d&rsquo;Espagne. Chez Ol\u00e9 Mosaic, nous sommes fiers de proposer ces photophores en c\u00e9ramique en gros, parfaits pour les boutiques de cadeaux touristiques qui souhaitent int\u00e9grer des produits refl\u00e9tant le riche h\u00e9ritage culturel de la r\u00e9gion. Avec son design charmant et sa connexion culturelle, ce photophore est une excellente option pour tout touriste souhaitant emporter un morceau d&rsquo;Espagne chez lui.<\/p>\n","protected":false},"excerpt":{"rendered":"<p>Photophore en c\u00e9ramique d\u00e9cor\u00e9 de motifs vibrants de taureaux, repr\u00e9sentant la riche culture espagnole. Cet \u00e9l\u00e9gant photophore blanc pr\u00e9sente un design multicolore, avec un taureau et un paysage floral qui l&rsquo;entoure, id\u00e9al pour apporter une touche de couleur \u00e0 n&rsquo;importe quelle ambiance. Sa technique de mosa\u00efque souligne les d\u00e9tails artistiques et le symbolisme du taureau dans la tradition espagnole, en faisant un souvenir attrayant.<\/p>\n","protected":false},"featured_media":8539,"template":"","meta":{"_acf_changed":false},"product_brand":[],"product_cat":[809],"product_tag":[530,585],"class_list":{"0":"post-32287","1":"product","2":"type-product","3":"status-publish","4":"has-post-thumbnail","6":"product_cat-photophores","7":"product_tag-animaux","8":"product_tag-ceramique","9":"pa_motivo-taureaux","11":"first","12":"instock","13":"shipping-taxable","14":"product-type-simple"},"acf":[],"_links":{"self":[{"href":"https:\/\/olemosaic.orbitalia.org\/fr\/wp-json\/wp\/v2\/product\/32287","targetHints":{"allow":["GET"]}}],"collection":[{"href":"https:\/\/olemosaic.orbitalia.org\/fr\/wp-json\/wp\/v2\/product"}],"about":[{"href":"https:\/\/olemosaic.orbitalia.org\/fr\/wp-json\/wp\/v2\/types\/product"}],"wp:featuredmedia":[{"embeddable":true,"href":"https:\/\/olemosaic.orbitalia.org\/fr\/wp-json\/wp\/v2\/media\/8539"}],"wp:attachment":[{"href":"https:\/\/olemosaic.orbitalia.org\/fr\/wp-json\/wp\/v2\/media?parent=32287"}],"wp:term":[{"taxonomy":"product_brand","embeddable":true,"href":"https:\/\/olemosaic.orbitalia.org\/fr\/wp-json\/wp\/v2\/product_brand?post=32287"},{"taxonomy":"product_cat","embeddable":true,"href":"https:\/\/olemosaic.orbitalia.org\/fr\/wp-json\/wp\/v2\/product_cat?post=32287"},{"taxonomy":"product_tag","embeddable":true,"href":"https:\/\/olemosaic.orbitalia.org\/fr\/wp-json\/wp\/v2\/product_tag?post=32287"}],"curies":[{"name":"wp","href":"https:\/\/api.w.org\/{rel}","templated":true}]}}