{"id":32283,"date":"2025-02-20T22:34:07","date_gmt":"2025-02-20T22:34:07","guid":{"rendered":"https:\/\/olemosaic.orbitalia.org\/producto\/portavelas-de-ceramica-valencia-blanco\/"},"modified":"2025-07-25T19:07:03","modified_gmt":"2025-07-25T17:07:03","slug":"photophore-en-ceramique-valence-blanc","status":"publish","type":"product","link":"https:\/\/olemosaic.orbitalia.org\/fr\/produit\/photophore-en-ceramique-valence-blanc\/","title":{"rendered":"Photophore en c\u00e9ramique. Valence. Blanc."},"content":{"rendered":"<p>Ce photophore en c\u00e9ramique au design moderne est une magnifique repr\u00e9sentation de la ville vibrante de Valence. Avec son \u00e9l\u00e9gante finition blanche, le photophore se distingue par une illustration qui capture avec ma\u00eetrise les monuments les plus embl\u00e9matiques de la ville, tels que la majestueuse Cit\u00e9 des Arts et des Sciences et la Lonja de la Seda historique. Les d\u00e9tails graphiques incluent des couleurs chaudes et une finition distinctive qui imite la technique du trencad\u00eds, c\u00e9l\u00e8bre dans l&rsquo;architecture de Gaud\u00ed, ajoutant une touche d&rsquo;authenticit\u00e9 et d&rsquo;art \u00e0 toute d\u00e9coration.<\/p>\n<p>Le design moderne de ce photophore en fait un choix id\u00e9al tant pour un usage d\u00e9coratif que pour cr\u00e9er une ambiance chaleureuse en \u00e9clairant n&rsquo;importe quel espace. Cet objet ne se distingue pas seulement par sa fonctionnalit\u00e9, mais aussi par sa valeur culturelle, repr\u00e9sentant la riche histoire et l&rsquo;esth\u00e9tique architecturale innovante que Valence a \u00e0 offrir. En tant que souvenir, ce photophore est parfait pour se rem\u00e9morer une visite dans l&rsquo;une des villes les plus touristiques d&rsquo;Espagne, ce qui en fait une excellente option pour ceux qui cherchent \u00e0 emporter un morceau de Valence avec eux.<\/p>\n<p>Chez Ol\u00e9 Mosaic, nous sommes sp\u00e9cialistes de la distribution de pi\u00e8ces exquises en c\u00e9ramique en gros, et ce photophore est un exemple id\u00e9al pour les boutiques de cadeaux touristiques int\u00e9ress\u00e9es par l&rsquo;offre de produits authentiques et repr\u00e9sentatifs de la culture valencienne. De nombreux touristes recherchent des souvenirs en c\u00e9ramique qui symbolisent leur exp\u00e9rience \u00e0 Valence, et ce photophore est, sans aucun doute, un choix judicieux qui allie fonctionnalit\u00e9 et valeur artistique.<\/p>\n","protected":false},"excerpt":{"rendered":"<p>Photophore en c\u00e9ramique au design moderne, inspir\u00e9 par la ville de Valence. Ce photophore blanc \u00e9l\u00e9gant pr\u00e9sente une illustration vibrante avec des monuments embl\u00e9matiques, tels que la Cit\u00e9 des Arts et des Sciences et la Lonja de la Seda. D\u00e9cor\u00e9 avec des d\u00e9tails aux couleurs chaudes et une finition distinctive imitant le trencad\u00eds, il est parfait pour ajouter une touche culturelle et artistique \u00e0 n&rsquo;importe quel espace. Id\u00e9al comme souvenir ou \u00e9l\u00e9ment d\u00e9coratif.<\/p>\n","protected":false},"featured_media":9890,"template":"","meta":{"_acf_changed":false},"product_brand":[],"product_cat":[809],"product_tag":[585],"class_list":{"0":"post-32283","1":"product","2":"type-product","3":"status-publish","4":"has-post-thumbnail","6":"product_cat-photophores","7":"product_tag-ceramique","8":"pa_ciudad-valencia","9":"pa_pais-espana","11":"first","12":"instock","13":"shipping-taxable","14":"product-type-simple"},"acf":[],"_links":{"self":[{"href":"https:\/\/olemosaic.orbitalia.org\/fr\/wp-json\/wp\/v2\/product\/32283","targetHints":{"allow":["GET"]}}],"collection":[{"href":"https:\/\/olemosaic.orbitalia.org\/fr\/wp-json\/wp\/v2\/product"}],"about":[{"href":"https:\/\/olemosaic.orbitalia.org\/fr\/wp-json\/wp\/v2\/types\/product"}],"wp:featuredmedia":[{"embeddable":true,"href":"https:\/\/olemosaic.orbitalia.org\/fr\/wp-json\/wp\/v2\/media\/9890"}],"wp:attachment":[{"href":"https:\/\/olemosaic.orbitalia.org\/fr\/wp-json\/wp\/v2\/media?parent=32283"}],"wp:term":[{"taxonomy":"product_brand","embeddable":true,"href":"https:\/\/olemosaic.orbitalia.org\/fr\/wp-json\/wp\/v2\/product_brand?post=32283"},{"taxonomy":"product_cat","embeddable":true,"href":"https:\/\/olemosaic.orbitalia.org\/fr\/wp-json\/wp\/v2\/product_cat?post=32283"},{"taxonomy":"product_tag","embeddable":true,"href":"https:\/\/olemosaic.orbitalia.org\/fr\/wp-json\/wp\/v2\/product_tag?post=32283"}],"curies":[{"name":"wp","href":"https:\/\/api.w.org\/{rel}","templated":true}]}}